{"id":277,"date":"2014-10-30T21:13:05","date_gmt":"2014-10-30T21:13:05","guid":{"rendered":"http:\/\/192.168.2.101\/wordpress\/?page_id=277"},"modified":"2019-01-03T11:20:38","modified_gmt":"2019-01-03T11:20:38","slug":"sehenswuerdigkeiten","status":"publish","type":"page","link":"https:\/\/wiesenhausen.de\/?page_id=277","title":{"rendered":"Sehensw\u00fcrdigkeiten"},"content":{"rendered":"<p>Da die Meadowhousische Kultur und das Kulturbewusstsein der einzelnen Regionen des Landes sehr hoch ist, gibt es auch zahlreiche Sehensw\u00fcrdigkeiten, in erster Linie nat\u00fcrlich aber in Wiesenhausen. Es folgen nun die wichtigsten Sehensw\u00fcrdigkeiten, erst von Wiesenhausen, und danach von ganz Meadowhouse.<\/p>\n<p><span style=\"text-decoration: underline;\"><strong>Sehensw\u00fcrdigkeiten in Wiesenhausen:<\/strong><\/span><\/p>\n<ul>\n<li>Alte Kathedrale\n<ul>\n<li>Eines der ersten Geb\u00e4ude in Wiesenhausen (erbaut um 1060)<\/li>\n<li>Veranstaltungsort vieler Feiern und Konzerte<\/li>\n<li>Historische Bedeutung: Viele ehemalige Wiesenhausener Kaiser liegen hier begraben<\/li>\n<\/ul>\n<\/li>\n<li>Hafen Bad Neureich\n<ul>\n<li>Gr\u00f6\u00dfter Hafen des Landes und neuntgr\u00f6\u00dfter Hafen der Welt<\/li>\n<li>Heimathafen vieler ber\u00fchmter Fracht- und Passagierschiffe<\/li>\n<li>Wichtiger Handelspunkt f\u00fcr Unternehmen (z. B. Crown-Line oder Royal Oil &amp; Fuel Company)<\/li>\n<li>Lage direkt neben der eindrucksvollen Frankenthaler Skyline<\/li>\n<\/ul>\n<\/li>\n<li>Ysentalbr\u00fccke\n<ul>\n<li>Erbaut 1810 zur Unabh\u00e4ngigkeit von Wiesenhausen durch Stararchitekt Christoph Botao<\/li>\n<li>H\u00f6he von etwa 260 Metern an der h\u00f6chsten Stelle; L\u00e4nge: Etwa 2,2 km<\/li>\n<li>Als Aussichtspunkt \u00fcber das Ysental und schnelle Verbindung zwischen dem linken und dem rechten Ysenufer<\/li>\n<li>F\u00fcnftgr\u00f6\u00dfte Br\u00fccke, die nicht \u00fcber ein Meer f\u00fchrt, weltweit<\/li>\n<\/ul>\n<\/li>\n<li>Oase\n<ul>\n<li>Kleinste W\u00fcste der Welt (nur etwa 6 km\u00b2 gro\u00df)<\/li>\n<li>Unnat\u00fcrlich hohe Temperaturen (bis zu 50\u00b0C im Sommer)<\/li>\n<li>Wohnsitz des BEFIMisten und Politikers Ezechiel Bloor<\/li>\n<\/ul>\n<\/li>\n<li>Zaubererakademie\n<ul>\n<li>Gegr\u00fcndet: 1792 auf Anfrage des damaligen B\u00fcrgermeisters Edward Elch an die Akademiegemeinschaft Gr\u00fcnland (AGG)<\/li>\n<li>Akademieleiter: Hemes F. Rems<\/li>\n<li>Auch an der B\u00f6rse aktiv: Hogwarts Spedition &amp; Co.<\/li>\n<\/ul>\n<\/li>\n<li>Burg Daunenfels\n<ul>\n<li>Sitz des regierenden Monarchen K\u00f6nig\u00a0Percival I.<\/li>\n<li>Historisches Monument aus der Gr\u00fcnderzeit Wiesenhausens<\/li>\n<li>Besterhaltene Burg in ganz Meadowhouse<\/li>\n<li>Sitz des Meadowhousischen Parlaments (Saal der Gespenster)<\/li>\n<\/ul>\n<\/li>\n<li>Palaces Monda\n<ul>\n<li>Sitz des Lieben Welt Kaisers\u00a0Lieber Apfulkrax\u00a0und der regierenden\u00a0Dromornissenschaft<\/li>\n<li>Eines der teuersten Geb\u00e4ude der Welt<\/li>\n<li>Verf\u00fcgt \u00fcber die gr\u00f6\u00dfte Kuppel aus Mondsteinglas<\/li>\n<\/ul>\n<\/li>\n<li>Schloss Wiesenhausen\n<ul>\n<li>Ehemaliger Sitz der Wiesenhausener K\u00f6nige bis 1535<\/li>\n<li>Museum f\u00fcr Kunst, Kultur und Geschichte<\/li>\n<li>Politisches Zentrum f\u00fcr Feierlichkeiten und internationale Treffen<\/li>\n<\/ul>\n<\/li>\n<li>Rathaus\n<ul>\n<li>Eines der ersten Geb\u00e4ude Wiesenhausens (erbaut um 1060)<\/li>\n<li>Sitz des amtierenden Wiesenhausener B\u00fcrgermeisters Stefan Cornelius und dem Stadtrat<\/li>\n<li>Lage direkt am Marktplatz in Wiesenhausen-Ahornsburg<\/li>\n<\/ul>\n<\/li>\n<li>H\u00f6hle\n<ul>\n<li>Privatwohnsitz der Drei Dromornisse, des Reichskanzlers Schwalbenschwanz und des Reichspr\u00e4sidenten Basilisk<\/li>\n<li>Erbaut um 1770; 1803 komplett renoviert<\/li>\n<li>Bis 1803: Leerstand; danach Hauptwohnsitz der oben genannten Personen<\/li>\n<li>Gilt als teuerstes Privathaus der Welt<\/li>\n<\/ul>\n<\/li>\n<\/ul>\n<p>&nbsp;<\/p>\n<p><span style=\"text-decoration: underline;\"><strong>Au\u00dferhalb von Wiesenhausen:<\/strong><\/span><\/p>\n<ul>\n<li>\u00a0Hafenstadt Karburg\n<ul>\n<li>Lage an der Nordk\u00fcste Meadowhouse&#8216;<\/li>\n<li>Zweitgr\u00f6\u00dfter Hafen des Landes<\/li>\n<li>Handelszentrum f\u00fcr G\u00fcter nach Thovez<\/li>\n<\/ul>\n<\/li>\n<li>Wasserstadt Rubinburgh\n<ul>\n<li>Lage am und im Fluss Meger<\/li>\n<li>Flutung der Stra\u00dfen 1814 ergaben Kan\u00e4le, auf den mit Booten gefahren wird; Autos k\u00f6nnen dort nicht fahren<\/li>\n<li>Standort der gr\u00f6\u00dften Kathedrale Meadowhouse&#8216;, der &#8222;Rubinburgher Kathedrale&#8220;<\/li>\n<\/ul>\n<\/li>\n<li>Filmstadt Saphirento\n<ul>\n<li>Sitz der CronbergStudios<\/li>\n<li>Bekannt als Wohnort vieler Schauspieler und Prominenter<\/li>\n<li>Aber auch Handelszentrum f\u00fcr Agrarprodukte aus der Saphirer B\u00f6rde<\/li>\n<\/ul>\n<\/li>\n<li>Urlaubsstadt Santo Opalo\n<ul>\n<li>Lage an der Ostk\u00fcste des Landes<\/li>\n<li>Bekannt f\u00fcr zahlreiche Hotels und touristisch erschlossene Gebiete<\/li>\n<li>Beliebt f\u00fcr Strandurlaub<\/li>\n<\/ul>\n<\/li>\n<li>Urwaldstadt San Laven\n<ul>\n<li>Lage an der S\u00fcdk\u00fcste des Landes am Slevandelta im Lomera-Regenwald<\/li>\n<li>Beliebt f\u00fcr touristische und wissenschaftliche Expeditionen in den Urwald<\/li>\n<li>Beliebte Urlaubsstadt aufgrund des warmen Klimas (bis zu 35\u00b0C)<\/li>\n<li>Wichtiger Handelsplatz f\u00fcr G\u00fcter, die nach \u00dcbersee verkauft werden<\/li>\n<\/ul>\n<\/li>\n<\/ul>\n","protected":false},"excerpt":{"rendered":"<p>Da die Meadowhousische Kultur und das Kulturbewusstsein der einzelnen Regionen des Landes sehr hoch ist, gibt es auch zahlreiche Sehensw\u00fcrdigkeiten, in erster Linie nat\u00fcrlich aber in Wiesenhausen. Es folgen nun die wichtigsten Sehensw\u00fcrdigkeiten, erst von Wiesenhausen, und danach von ganz Meadowhouse. Sehensw\u00fcrdigkeiten in Wiesenhausen: Alte Kathedrale Eines der ersten Geb\u00e4ude in Wiesenhausen (erbaut um 1060) Veranstaltungsort vieler Feiern und Konzerte Historische Bedeutung: Viele ehemalige Wiesenhausener Kaiser liegen hier begraben Hafen Bad Neureich Gr\u00f6\u00dfter Hafen des Landes und neuntgr\u00f6\u00dfter Hafen der Welt Heimathafen vieler ber\u00fchmter Fracht- und Passagierschiffe Wichtiger Handelspunkt f\u00fcr Unternehmen (z. B. Crown-Line oder Royal Oil &amp; Fuel Company) Lage direkt neben der eindrucksvollen Frankenthaler Skyline Ysentalbr\u00fccke Erbaut 1810 <a class=\"more-link\" href=\"https:\/\/wiesenhausen.de\/?page_id=277\">Continue Reading \u2192<\/a><\/p>\n","protected":false},"author":1,"featured_media":0,"parent":0,"menu_order":0,"comment_status":"closed","ping_status":"closed","template":"","meta":{"footnotes":""},"class_list":["post-277","page","type-page","status-publish","hentry"],"_links":{"self":[{"href":"https:\/\/wiesenhausen.de\/index.php?rest_route=\/wp\/v2\/pages\/277","targetHints":{"allow":["GET"]}}],"collection":[{"href":"https:\/\/wiesenhausen.de\/index.php?rest_route=\/wp\/v2\/pages"}],"about":[{"href":"https:\/\/wiesenhausen.de\/index.php?rest_route=\/wp\/v2\/types\/page"}],"author":[{"embeddable":true,"href":"https:\/\/wiesenhausen.de\/index.php?rest_route=\/wp\/v2\/users\/1"}],"replies":[{"embeddable":true,"href":"https:\/\/wiesenhausen.de\/index.php?rest_route=%2Fwp%2Fv2%2Fcomments&post=277"}],"version-history":[{"count":1,"href":"https:\/\/wiesenhausen.de\/index.php?rest_route=\/wp\/v2\/pages\/277\/revisions"}],"predecessor-version":[{"id":11984,"href":"https:\/\/wiesenhausen.de\/index.php?rest_route=\/wp\/v2\/pages\/277\/revisions\/11984"}],"wp:attachment":[{"href":"https:\/\/wiesenhausen.de\/index.php?rest_route=%2Fwp%2Fv2%2Fmedia&parent=277"}],"curies":[{"name":"wp","href":"https:\/\/api.w.org\/{rel}","templated":true}]}}