{"id":278,"date":"2014-10-26T18:36:20","date_gmt":"2014-10-26T18:36:20","guid":{"rendered":"http:\/\/192.168.2.101\/wordpress\/?page_id=278"},"modified":"2014-10-26T18:36:20","modified_gmt":"2014-10-26T18:36:20","slug":"landschaft-natur","status":"publish","type":"page","link":"https:\/\/wiesenhausen.de\/?page_id=278","title":{"rendered":"Landschaft &#038; Natur"},"content":{"rendered":"<p>Die Landschaft und Natur in Meadowhouse sind, auch aufgrund der besonderen Lage des Landes nahe am \u00c4quator sehr vielf\u00e4ltig und artenreich. Es gibt im Groben neun verschieden gro\u00dfe Gebiete in Meadowhouse, die jeweils unterschiedliche Namen haben und jeweils andere nat\u00fcrliche Gegebenheiten und Ph\u00e4nomene aufweisen. Diese neun Landschaften und R\u00e4ume, sowie die wichtigsten\u00a0Informationen und Fakten zu ihnen\u00a0sind im folgenden dargestellt.<\/p>\n<p><strong><span style=\"text-decoration: underline;\">Niederstein:<\/span><\/strong><\/p>\n<ul>\n<li>Lage: Im Nordosten des Landes<\/li>\n<li>Kleinstes Gebirge Meadowhouse\u00b4<\/li>\n<li>N\u00e4chstgr\u00f6\u00dfte Stadt: Tierhagen<\/li>\n<li>Ursprungsquelle des Flusses Meger<\/li>\n<li>H\u00f6chster Berg: Salzberg (3698 Meter \u00fc. NN)<\/li>\n<\/ul>\n<p>&nbsp;<\/p>\n<p><strong><span style=\"text-decoration: underline;\">Schneegebirge:<\/span><\/strong><\/p>\n<ul>\n<li>Lage: Von der Mitte des Landes bis in den Nordwesten<\/li>\n<li>N\u00e4chstgr\u00f6\u00dfte Stadt: Khevenbach<\/li>\n<li>Wird von zahlreichen Seen und Fl\u00fcssen durchzogen<\/li>\n<li>Auch im Sommer Temperaturen bis -10\u00b0C<\/li>\n<li>H\u00f6chster Berg: Nordspitze (3576 Meter \u00fc. NN)<\/li>\n<\/ul>\n<p>&nbsp;<\/p>\n<p><span style=\"text-decoration: underline;\"><strong>Saphierer B\u00f6rde:<\/strong><\/span><\/p>\n<ul>\n<li>Lage: Im Nordosten des Landes an der K\u00fcste s\u00fcdlich des Niedersteins<\/li>\n<li>N\u00e4chstgr\u00f6\u00dfte Stadt: Saphirento<\/li>\n<li>Kornkammer des K\u00f6nigreiches Meadowhouse<\/li>\n<li>Lage der Felder direkt am Wasser<\/li>\n<li>Viele Schl\u00f6sser wurden dort erbaut (z.B. Schloss Hirschbach)<\/li>\n<\/ul>\n<p>&nbsp;<\/p>\n<p><span style=\"text-decoration: underline;\"><strong>Hochebene von Jaldinor:<\/strong><\/span><\/p>\n<ul>\n<li>Lage: Westen und Nordwesten des Landes s\u00fcdlich des Schneegebirges<\/li>\n<li>N\u00e4chstgr\u00f6\u00dfte Stadt: Ranstedt<\/li>\n<li>Bis zu 1200 Meter \u00fc. NN<\/li>\n<li>Im Norden: Sehr raues Klima mit heftigem Wind<\/li>\n<li>Im S\u00fcden: Bevorzugtes Gebiet zum Anbau von Oliven und Pistazien<\/li>\n<\/ul>\n<p>&nbsp;<\/p>\n<p><span style=\"text-decoration: underline;\"><strong>Wei\u00dfes Gebirge:<\/strong><\/span><\/p>\n<ul>\n<li>Lage: Im Westen des Landes auf gesamten L\u00e4nge der Grenze zu Gr\u00fcnland<\/li>\n<li>N\u00e4chstgr\u00f6\u00dfte St\u00e4dte: Ranstedt, Westerdamm, Wiesenhausen, Kullburg<\/li>\n<li>Gr\u00f6\u00dftes und h\u00f6chstes Gebirge von Meadowhouse<\/li>\n<li>Im Winter Temperaturen bis zu -40\u00b0C; dennoch Artenvielfalt<\/li>\n<li>H\u00f6chster Berg von Meadowhouse liegt hier:\u00a0St. Johann (4698 Meter \u00fc. NN)<\/li>\n<\/ul>\n<p>&nbsp;<\/p>\n<p><strong><span style=\"text-decoration: underline;\">Dreistromland:<\/span><\/strong><\/p>\n<ul>\n<li>Lage: Zentral in der Mitte des Landes<\/li>\n<li>Gr\u00f6\u00dfte St\u00e4dte: Rubinburgh, Wiesenhausen, Hamsterdamm, El Grande<\/li>\n<li>Benannt nach den drei Fl\u00fcssen Meger, Ysen und Rimer<\/li>\n<li>Teuerste Wohngegend des Landes<\/li>\n<li>Bekannt f\u00fcr monumentale Bauwerke (z.B. Rubinburgher Kathedrale)<\/li>\n<\/ul>\n<p>&nbsp;<\/p>\n<p><strong><span style=\"text-decoration: underline;\">Dammebene:<\/span><\/strong><\/p>\n<ul>\n<li>Lage: Im S\u00fcdwesten zwischen dem Wei\u00dfen Gebirge und dem Dreistromland<\/li>\n<li>N\u00e4chstgr\u00f6\u00dfte Stadt: Westerdamm<\/li>\n<li>Zweitgr\u00f6\u00dfte Hochebene des Landes (bis zu 1000 Meter \u00fc. NN)<\/li>\n<li>Landwirtschaft als Hauptwirtschaftszweig<\/li>\n<li>Haupts\u00e4chlich von den Ausl\u00e4ufern des Wei\u00dfen Gebirges begrenzt<\/li>\n<\/ul>\n<p>&nbsp;<\/p>\n<p><span style=\"text-decoration: underline;\"><strong>Drachenh\u00fcgel:<\/strong><\/span><\/p>\n<ul>\n<li>Lage: Im S\u00fcden des Landes s\u00fcdlich des Dreistromlandes<\/li>\n<li>Gr\u00f6\u00dfte St\u00e4dte: Santo Opalo, M\u00f6vental<\/li>\n<li>Gilt als die sch\u00f6nste Landschaft Meadowhouse\u00b4<\/li>\n<li>Zahlreiche Geb\u00e4ude aus der Gr\u00fcndungszeit Wiesenhausens (um 1050)<\/li>\n<li>Der \u00f6stlichste Punkt Meadowhouse\u00b4, Kap Sanorma, liegt dort<\/li>\n<\/ul>\n<p>&nbsp;<\/p>\n<p><span style=\"text-decoration: underline;\"><strong>Lomera-Regenwald:<\/strong><\/span><\/p>\n<ul>\n<li>Lage: Im \u00e4u\u00dfersten S\u00fcden des Landes<\/li>\n<li>Gr\u00f6\u00dfte St\u00e4dte: Keslenburg, Chaconne, San Laven<\/li>\n<li>Bekannt f\u00fcr seine Artenvielfalt (z.B. im Fluss Slevan)<\/li>\n<li>Beliebtes Urlaubs- und Touristenziel<\/li>\n<li>W\u00e4rmste Region des Landes (im Sommer Temperaturen bis zu 45\u00b0C)<\/li>\n<\/ul>\n","protected":false},"excerpt":{"rendered":"<p>Die Landschaft und Natur in Meadowhouse sind, auch aufgrund der besonderen Lage des Landes nahe am \u00c4quator sehr vielf\u00e4ltig und artenreich. Es gibt im Groben neun verschieden gro\u00dfe Gebiete in Meadowhouse, die jeweils unterschiedliche Namen haben und jeweils andere nat\u00fcrliche Gegebenheiten und Ph\u00e4nomene aufweisen. Diese neun Landschaften und R\u00e4ume, sowie die wichtigsten\u00a0Informationen und Fakten zu ihnen\u00a0sind im folgenden dargestellt. Niederstein: Lage: Im Nordosten des Landes Kleinstes Gebirge Meadowhouse\u00b4 N\u00e4chstgr\u00f6\u00dfte Stadt: Tierhagen Ursprungsquelle des Flusses Meger H\u00f6chster Berg: Salzberg (3698 Meter \u00fc. NN) &nbsp; Schneegebirge: Lage: Von der Mitte des Landes bis in den Nordwesten N\u00e4chstgr\u00f6\u00dfte Stadt: Khevenbach Wird von zahlreichen Seen und Fl\u00fcssen durchzogen Auch im Sommer Temperaturen bis -10\u00b0C <a class=\"more-link\" href=\"https:\/\/wiesenhausen.de\/?page_id=278\">Continue Reading \u2192<\/a><\/p>\n","protected":false},"author":1,"featured_media":0,"parent":0,"menu_order":0,"comment_status":"closed","ping_status":"closed","template":"","meta":{"footnotes":""},"class_list":["post-278","page","type-page","status-publish","hentry"],"_links":{"self":[{"href":"https:\/\/wiesenhausen.de\/index.php?rest_route=\/wp\/v2\/pages\/278","targetHints":{"allow":["GET"]}}],"collection":[{"href":"https:\/\/wiesenhausen.de\/index.php?rest_route=\/wp\/v2\/pages"}],"about":[{"href":"https:\/\/wiesenhausen.de\/index.php?rest_route=\/wp\/v2\/types\/page"}],"author":[{"embeddable":true,"href":"https:\/\/wiesenhausen.de\/index.php?rest_route=\/wp\/v2\/users\/1"}],"replies":[{"embeddable":true,"href":"https:\/\/wiesenhausen.de\/index.php?rest_route=%2Fwp%2Fv2%2Fcomments&post=278"}],"version-history":[{"count":0,"href":"https:\/\/wiesenhausen.de\/index.php?rest_route=\/wp\/v2\/pages\/278\/revisions"}],"wp:attachment":[{"href":"https:\/\/wiesenhausen.de\/index.php?rest_route=%2Fwp%2Fv2%2Fmedia&parent=278"}],"curies":[{"name":"wp","href":"https:\/\/api.w.org\/{rel}","templated":true}]}}