{"id":279,"date":"2014-10-03T15:07:06","date_gmt":"2014-10-03T15:07:06","guid":{"rendered":"http:\/\/192.168.2.101\/wordpress\/?page_id=279"},"modified":"2019-10-06T17:21:35","modified_gmt":"2019-10-06T17:21:35","slug":"typisch-wiesenhausen","status":"publish","type":"page","link":"https:\/\/wiesenhausen.de\/?page_id=279","title":{"rendered":"&#8222;Typisch Wiesenhausen&#8220;"},"content":{"rendered":"<p>Jedes Land muss bestimmte Klischees ertragen. Auch wenn es erst vier Jahre alt ist, wei\u00df das Ausland einige Eigenheiten dieses Landes zu nennen. Was ist mit uns? Eines ist klar: Wir sind etwas anders.<\/p>\n<p>&nbsp;<\/p>\n<p><b>Top 10: <\/b>Gutes Bier. Daf\u00fcr liebt uns das Ausland. Die Marke \u201eWiesenhausener\u201c ist weltbekannt und wird weltweit gesch\u00e4tzt. Wenn Sie demn\u00e4chst im Urlaub sind, dann achten Sie mal darauf, wie viele verschiedene Biersorten sie in den K\u00fchlregalen der Superm\u00e4rkte finden.<\/p>\n<p>&nbsp;<\/p>\n<p><b>Top 9: <\/b>Humor. Leicht zynisch, aber dabei immer noch am\u00fcsant. So werden wir im Ausland tats\u00e4chlich beschrieben. Auch bei ernsten Situationen halten wir stets die Contenance und versuchen Entt\u00e4uschungen mit Humor zu bew\u00e4ltigen.<\/p>\n<p>&nbsp;<\/p>\n<p><b>Top 8: <\/b>Wissensgier. Die Meadowhouser gelten als sehr neugierig und daher r\u00fchrt, laut Ausland, auch unser polizeilicher Erfolg. F\u00fcr hartn\u00e4ckige Nachfragen sind wir ber\u00fcchtigt. Offenbar merkt man das auch unserem ersten K\u00f6nig an. Bei L\u00e4ndern, die etwas zwielichtig handeln, wurde schon vor den unangenehmen, hartn\u00e4ckigen und fallenartigen Fragen vom ehemaligen K\u00f6nig Johannes I. gewarnt.<\/p>\n<p>&nbsp;<\/p>\n<p><b>Top 7: <\/b>Draufg\u00e4ngerisch. Als zimperlich gilt Meadowhouse ohnehin nicht. Mutig au\u00dferdem. Bestes Beispiel daf\u00fcr, so mir nichts, dir nichts eine Unabh\u00e4ngigkeitserkl\u00e4rung an die gr\u00fcnl\u00e4ndische Regierung zu schicken und damit ein hohes Risiko einzugehen.<\/p>\n<p>&nbsp;<\/p>\n<p><b>Top 6: <\/b>Tee trinken. Dass ausgerechnet Gro\u00dfbritannien das Erde-Partnerland von Meadowhouse ist, passt wunderbar. Denn auch da wird ann\u00e4hernd jeden Nachmittag Tee getrunken. Bei den Meadowhousern soll es nicht ganz so schlimm sein, aber auch hierzulande gibt es diesen Brauch.<\/p>\n<p>&nbsp;<\/p>\n<p><b>Top 5: <\/b>Sportverr\u00fcckt. Sport ist fast genauso wichtig wie Politik, sagt das Ausland. Nicht nur Fu\u00dfball, sondern auch die selbst erfundenen Sportarten Steinwerfen und Buddhyball, genauso wie Feldhockey. Die Wochenenden sind keine Arbeitstage, da geht man ins Stadion und schaut zu.<\/p>\n<p>&nbsp;<\/p>\n<p><b>Top 4: <\/b>Umweltversessen. Die Natur und die Tiere gehen den Meadowhousern \u00fcber alles. Wer ein Tier, und sei es auch nur eine M\u00fccke oder eine Ameise, mit Absicht t\u00f6tet, muss mit harten Konsequenzen rechnen, weil man \u2013 in den Augen der Meadowhouser \u2013 eine Existenz zerst\u00f6rt. Sicher ist eine T\u00f6tungsabsicht bei einem so kleinen Wesen schwer nachweisbar, aber man hat auch bei einer Nichtentdeckung, noch viele Monate sp\u00e4ter ein schlechtes Gewissen.<\/p>\n<p>&nbsp;<\/p>\n<p><b>Top 3: <\/b>Gastfreundlich. Ein sehr sch\u00f6nes Klischee. G\u00e4ste werden herzlich aufgenommen, man sollte sich aber auch ein bisschen integrieren. Man sagt, man k\u00f6nne willk\u00fcrlich an irgendeiner T\u00fcr klopfen und fragen, ob man kurz auf die Toilette d\u00fcrfe, und man kommt ohne ein St\u00fcck Kuchen und einen ordentlichen Kaffee nicht wieder heraus.<\/p>\n<p>&nbsp;<\/p>\n<p><b>Top 2: <\/b>Sinn f\u00fcr Bauten. Der meadowhousische Baustil ist bereits weltbekannt. Viel wertvolles Material zu relativ g\u00fcnstigen Kosten. Viele Bilder an der Wand und ein Garten in Form eines Parks. Au\u00dferdem sollen wir Terrassen und Swimmingpools lieben. Bestes Beispiel f\u00fcr diesen meadowhousischen Stil ist wohl die H\u00f6hle.<\/p>\n<p>&nbsp;<\/p>\n<p><b>Top 1: <\/b>Insgesamt sind wir auch etwas anders. Gew\u00f6hnlich soll wohl kein Meadowhouser sein. Besondere Eigenheiten zu feiern, zu speisen oder auch allt\u00e4glichere Dinge, wie zum Beispiel Auto fahren. Standstreifen in der Mitte und es herrscht Linksverkehr. Dass wir anders sind, zeigt wohl auch unsere W\u00e4hrung. Der halbe klassische Teil der Lieben Welt hat den Schilling, nur Meadowhouse hat den Tropal. Wie es in unserem Partnerland hie\u00dfe: Very special (sehr speziell).<\/p>\n","protected":false},"excerpt":{"rendered":"<p>Jedes Land muss bestimmte Klischees ertragen. Auch wenn es erst vier Jahre alt ist, wei\u00df das Ausland einige Eigenheiten dieses Landes zu nennen. Was ist mit uns? Eines ist klar: Wir sind etwas anders. &nbsp; Top 10: Gutes Bier. Daf\u00fcr liebt uns das Ausland. Die Marke \u201eWiesenhausener\u201c ist weltbekannt und wird weltweit gesch\u00e4tzt. Wenn Sie demn\u00e4chst im Urlaub sind, dann achten Sie mal darauf, wie viele verschiedene Biersorten sie in den K\u00fchlregalen der Superm\u00e4rkte finden. &nbsp; Top 9: Humor. Leicht zynisch, aber dabei immer noch am\u00fcsant. So werden wir im Ausland tats\u00e4chlich beschrieben. Auch bei ernsten Situationen halten wir stets die Contenance und versuchen Entt\u00e4uschungen mit Humor zu bew\u00e4ltigen. &nbsp; <a class=\"more-link\" href=\"https:\/\/wiesenhausen.de\/?page_id=279\">Continue Reading \u2192<\/a><\/p>\n","protected":false},"author":1,"featured_media":0,"parent":0,"menu_order":0,"comment_status":"closed","ping_status":"closed","template":"","meta":{"footnotes":""},"class_list":["post-279","page","type-page","status-publish","hentry"],"_links":{"self":[{"href":"https:\/\/wiesenhausen.de\/index.php?rest_route=\/wp\/v2\/pages\/279","targetHints":{"allow":["GET"]}}],"collection":[{"href":"https:\/\/wiesenhausen.de\/index.php?rest_route=\/wp\/v2\/pages"}],"about":[{"href":"https:\/\/wiesenhausen.de\/index.php?rest_route=\/wp\/v2\/types\/page"}],"author":[{"embeddable":true,"href":"https:\/\/wiesenhausen.de\/index.php?rest_route=\/wp\/v2\/users\/1"}],"replies":[{"embeddable":true,"href":"https:\/\/wiesenhausen.de\/index.php?rest_route=%2Fwp%2Fv2%2Fcomments&post=279"}],"version-history":[{"count":4,"href":"https:\/\/wiesenhausen.de\/index.php?rest_route=\/wp\/v2\/pages\/279\/revisions"}],"predecessor-version":[{"id":14351,"href":"https:\/\/wiesenhausen.de\/index.php?rest_route=\/wp\/v2\/pages\/279\/revisions\/14351"}],"wp:attachment":[{"href":"https:\/\/wiesenhausen.de\/index.php?rest_route=%2Fwp%2Fv2%2Fmedia&parent=279"}],"curies":[{"name":"wp","href":"https:\/\/api.w.org\/{rel}","templated":true}]}}