{"id":28861,"date":"2026-05-10T19:54:05","date_gmt":"2026-05-10T19:54:05","guid":{"rendered":"https:\/\/wiesenhausen.de\/?page_id=28861"},"modified":"2026-05-10T19:54:05","modified_gmt":"2026-05-10T19:54:05","slug":"reichswahlen-1826","status":"publish","type":"page","link":"https:\/\/wiesenhausen.de\/?page_id=28861","title":{"rendered":"Reichswahlen 1826"},"content":{"rendered":"<p>Die Reichswahlen 1826 zum K\u00f6nig und zum Parlament finden im Oktober 1826 statt. Die Reichstagswahl ist dabei f\u00fcr den 04. Oktober und die K\u00f6nigswahl f\u00fcr den 11. Oktober terminiert. F\u00fcr die K\u00f6nigswahl finden zun\u00e4chst die Vorwahlen in den sechs meadowhousischen Herzogt\u00fcmern ab Mai 1826 statt, die \u00fcber den Herausforderer f\u00fcr den amtierenden K\u00f6nig entscheiden, beginnend mit dem 10. Mai und der Vorwahl im Herzogtum Preu\u00dfen. Es sind die f\u00fcnften Wahlen nach der Staatsgr\u00fcndung 1810. Amtsinhaber auf dem K\u00f6nigsthron im Saal der Gespenster ist K\u00f6nig Ezechiel I., b\u00fcrgerlich Ezechiel Bloor, der sein K\u00f6nigsamt best\u00e4tigen m\u00f6chte, welches er 1822 von K\u00f6nig Percival I. \u00fcbernommen hatte. Seit der 1819 geltenden Reform, dass ein K\u00f6nig nur noch maximal drei volle Amtszeiten regieren darf, k\u00f6nnte er also noch bis maximal 1834 im Amt bleiben. K\u00f6nig Percival war vier Jahre im Amt, dessen Vorg\u00e4nger, K\u00f6nig Johannes, zuvor acht Jahre.<\/p>\n<p>Doch wer regiert ab 1826 das meadowhousische Parlament im Saal der Gespenster auf Burg Daunenfels? Diese Frage wird eine Woche vor der K\u00f6nigswahl entschieden. Reichskanzler Sebastian Schwalbenschwanz (BdH) regiert seit 1814 und kann unbeschr\u00e4nkt wiedergew\u00e4hlt werden. Herausforderer f\u00fcr ihn werden noch gesucht, vermutlich werden sich seine Gegenkandidaten ab Fr\u00fchjahr 1826 aufstellen lassen. Die aktuelle Koalition aus BdH und VCS, die die erste Zweiparteienkoalition auf Reichsebene in der Geschichte Meadowhouse&#8216; darstellt, will diese Mehrheit verteidigen, k\u00f6nnte es aber aufgrund der unklaren Anzahl an vertretenen Parteien im zuk\u00fcnftigen Parlament diesbez\u00fcglich schwer haben. So werden insbesondere die beiden gr\u00f6\u00dferen Oppositionsparteien, WVD und FED, versuchen, ab Herbst Teil einer Regierung zu werden und sich daf\u00fcr auch schon im K\u00f6nigsvorwahlkampf entsprechend zu positionieren. Die beiden kleineren Oppositionsparteien, MCM und MP, wollen dahingegen in erster Linie den Wiedereinzug in den Saal der Gespenster sicherstellen, wobei insbesondere die MP immer wieder nah an die 3%-H\u00fcrde rutscht. Au\u00dferparlamentarische Kr\u00e4fte, denen der (Wieder-)Einzug gelingen k\u00f6nnte, sind einerseits die MSP, die bis zu ihrem Ausscheiden aus dem Parlament 1822 dort stets vertreten war, sowie die noch relativ junge FMP, der gute Chancen einger\u00e4umt werden, erstmals in den Saal der Gespenster einzuziehen und die dar\u00fcber hinaus auch einen eigenen K\u00f6nigskandidaten aufgestellt hat.<\/p>\n","protected":false},"excerpt":{"rendered":"<p>Die Reichswahlen 1826 zum K\u00f6nig und zum Parlament finden im Oktober 1826 statt. Die Reichstagswahl ist dabei f\u00fcr den 04. Oktober und die K\u00f6nigswahl f\u00fcr den 11. Oktober terminiert. F\u00fcr die K\u00f6nigswahl finden zun\u00e4chst die Vorwahlen in den sechs meadowhousischen Herzogt\u00fcmern ab Mai 1826 statt, die \u00fcber den Herausforderer f\u00fcr den amtierenden K\u00f6nig entscheiden, beginnend mit dem 10. Mai und der Vorwahl im Herzogtum Preu\u00dfen. Es sind die f\u00fcnften Wahlen nach der Staatsgr\u00fcndung 1810. Amtsinhaber auf dem K\u00f6nigsthron im Saal der Gespenster ist K\u00f6nig Ezechiel I., b\u00fcrgerlich Ezechiel Bloor, der sein K\u00f6nigsamt best\u00e4tigen m\u00f6chte, welches er 1822 von K\u00f6nig Percival I. \u00fcbernommen hatte. Seit der 1819 geltenden Reform, dass ein <a class=\"more-link\" href=\"https:\/\/wiesenhausen.de\/?page_id=28861\">Continue Reading \u2192<\/a><\/p>\n","protected":false},"author":1,"featured_media":0,"parent":0,"menu_order":0,"comment_status":"closed","ping_status":"closed","template":"","meta":{"footnotes":""},"class_list":["post-28861","page","type-page","status-publish","hentry"],"_links":{"self":[{"href":"https:\/\/wiesenhausen.de\/index.php?rest_route=\/wp\/v2\/pages\/28861","targetHints":{"allow":["GET"]}}],"collection":[{"href":"https:\/\/wiesenhausen.de\/index.php?rest_route=\/wp\/v2\/pages"}],"about":[{"href":"https:\/\/wiesenhausen.de\/index.php?rest_route=\/wp\/v2\/types\/page"}],"author":[{"embeddable":true,"href":"https:\/\/wiesenhausen.de\/index.php?rest_route=\/wp\/v2\/users\/1"}],"replies":[{"embeddable":true,"href":"https:\/\/wiesenhausen.de\/index.php?rest_route=%2Fwp%2Fv2%2Fcomments&post=28861"}],"version-history":[{"count":1,"href":"https:\/\/wiesenhausen.de\/index.php?rest_route=\/wp\/v2\/pages\/28861\/revisions"}],"predecessor-version":[{"id":28862,"href":"https:\/\/wiesenhausen.de\/index.php?rest_route=\/wp\/v2\/pages\/28861\/revisions\/28862"}],"wp:attachment":[{"href":"https:\/\/wiesenhausen.de\/index.php?rest_route=%2Fwp%2Fv2%2Fmedia&parent=28861"}],"curies":[{"name":"wp","href":"https:\/\/api.w.org\/{rel}","templated":true}]}}