{"id":28864,"date":"2026-05-10T20:04:03","date_gmt":"2026-05-10T20:04:03","guid":{"rendered":"https:\/\/wiesenhausen.de\/?page_id=28864"},"modified":"2026-05-10T21:48:45","modified_gmt":"2026-05-10T21:48:45","slug":"koenigsvorwahlen-1826","status":"publish","type":"page","link":"https:\/\/wiesenhausen.de\/?page_id=28864","title":{"rendered":"K\u00f6nigsvorwahlen 1826"},"content":{"rendered":"<p>Die K\u00f6nigsvorwahlen 1826 beginnen am 10. Mai im Herzogtum Preu\u00dfen und enden sechs Wochen sp\u00e4ter am 14. Juni im Herzogtum Wiesenhausen. Bei diesen Wahlen wird der Gegner von Amtsinhaber K\u00f6nig Ezechiel I. f\u00fcr die eigentliche K\u00f6nigswahl am 11. Oktober ermittelt. Das Wahlsystem fu\u00dft dabei auf Wahlm\u00e4nnern, die es, verteilt nach der Bev\u00f6lkerungszahl der jeweiligen Herzogt\u00fcmer, f\u00fcr die Spitzenkandidaten der einzelnen Gruppen zu erringen gilt. Wer als erster mehr als die H\u00e4lfte der insgesamt verf\u00fcgbaren Wahlm\u00e4nnerstimmen auf sich vereinen kann, wird Herausforderer des amtierenden K\u00f6nigs im Herbst. Da es alles in allem 735 Wahlm\u00e4nner in ganz Meadowhouse gibt, reicht somit die Zahl von 368 Wahlm\u00e4nnern zum Sieg bei den K\u00f6nigsvorwahlen. Bei den letzten K\u00f6nigvorwahlen vor vier Jahren setzte sich der heutige K\u00f6nig Ezechiel I. mit 422 Wahlm\u00e4nnern in den Vorwahlen durch und gewann sp\u00e4ter in der K\u00f6nigswahl gegen den damaligen Amtsinhaber Percival I.<\/p>\n<p>Auch bei dieser Wahl treten erneut sechs Kandidaten an, um im Herbst gegen K\u00f6nig Ezechiel I. ins Duell gehen zu d\u00fcrfen. Vier Kandidaten sind dabei von Parteien unterst\u00fctzt, zwei weitere sind parteilos, konnten jedoch die erforderliche Zahl von 500.000 Unterst\u00fctzern versammeln, um f\u00fcr die Vorwahlen zugelassen zu werden. In der Folge stehen nun die unterschiedlichen Wahltermine in der Reihenfolge, in der chronologisch gew\u00e4hlt wird. Dar\u00fcber hinaus steht neben dem Wahltermin immer der Name desjenigen Kandidaten, der aus dem Herzogtum kommt, in dem an dem jeweiligen Sonntag gew\u00e4hlt wird, sowie die Anzahl der Wahlm\u00e4nner, die im jeweiligen Herzogtum zu erringen sind. Die Wahllokale sind jeweils von 08:00 Uhr morgens bis 18:00 Uhr abends ge\u00f6ffnet, wobei die erste Prognose schon kurz nach Schlie\u00dfung der Urnen bekannt gegeben wird. Bis zur Verk\u00fcndung des vorl\u00e4ufigen amtlichen Endergebnisses dauert meist jedoch nicht l\u00e4nger als bis 23:00 Uhr, sodass in der Regel noch am selben Abend, auch bei einem knappen Wahlausgang, ein Sieger feststehen d\u00fcrfte.<\/p>\n<p>&nbsp;<\/p>\n<p><strong>Vorwahltermin Preu\u00dfen (10. Mai 1826, Lorenz Sonnholm (parteilos), 65 Wahlm\u00e4nner)<\/strong><\/p>\n<p><strong>Uhrzeit:\u00a0 \u00a0 \u00a0 \u00a0 \u00a0 \u00a0 \u00a0 \u00a0 \u00a0 \u00a0 \u00a0 \u00a0 \u00a0 \u00a0 \u00a0 \u00a0 \u00a0 \u00a0 \u00a0 \u00a0 \u00a0<\/strong>18:00\u00a0 \u00a0 \u00a0 18:30\u00a0 \u00a0 \u00a0 19:00\u00a0 \u00a0 \u00a0 19:30\u00a0 \u00a0 \u00a0 20:00\u00a0 \u00a0 \u00a0 21:30<strong>\u00a0 \u00a0 \u00a0 23:00<\/strong><\/p>\n<p>Elena Weinandt\u00a0 \u00a0 \u00a0 \u00a0 \u00a0 \u00a0 \u00a0 \u00a0 \u00a0 \u00a0 \u00a0 \u00a0 \u00a0 \u00a0 \u00a0 8,9%\u00a0 \u00a0 \u00a0 \u00a08,2%\u00a0 \u00a0 \u00a0 \u00a08,9%\u00a0 \u00a0 \u00a0 9,5%\u00a0 \u00a0 \u00a0 \u00a09,5%\u00a0 \u00a0 \u00a0 10,0%\u00a0 \u00a0 10,0%<\/p>\n<p>Anna Bertels\u00a0 \u00a0 \u00a0 \u00a0 \u00a0 \u00a0 \u00a0 \u00a0 \u00a0 \u00a0 \u00a0 \u00a0 \u00a0 \u00a0 \u00a0 \u00a0 \u00a0 11,3%\u00a0 \u00a0 \u00a010,9%\u00a0 \u00a0 \u00a010,8%\u00a0 \u00a0 11,3%\u00a0 \u00a0 \u00a011,1%\u00a0 \u00a0 \u00a011,6%\u00a0 \u00a0 \u00a011,5%<\/p>\n<p>Franz Gillisch\u00a0 \u00a0 \u00a0 \u00a0 \u00a0 \u00a0 \u00a0 \u00a0 \u00a0 \u00a0 \u00a0 \u00a0 \u00a0 \u00a0 \u00a0 \u00a0 \u00a026,6%\u00a0 \u00a0 \u00a028,1%\u00a0 \u00a0 \u00a027,5%\u00a0 \u00a0 27,4%\u00a0 \u00a0 \u00a028,3%\u00a0 \u00a0 28,2%\u00a0 \u00a0 \u00a028,3%<\/p>\n<p>Lorenz Sonnholm\u00a0 \u00a0 \u00a0 \u00a0 \u00a0 \u00a0 \u00a0 \u00a0 \u00a0 \u00a0 \u00a0 \u00a0 \u00a0 17,5%\u00a0 \u00a0 \u00a018,4%\u00a0 \u00a0 \u00a018,5%\u00a0 \u00a0 18,2%\u00a0 \u00a0 \u00a017,2%\u00a0 \u00a0 \u00a017,0%\u00a0 \u00a0 17,2%<\/p>\n<p>Heinz Drachenberg\u00a0 \u00a0 \u00a0 \u00a0 \u00a0 \u00a0 \u00a0 \u00a0 \u00a0 \u00a0 \u00a0 \u00a015,3%\u00a0 \u00a0 \u00a014,8%\u00a0 \u00a0 \u00a014,2%\u00a0 \u00a0 13,6%\u00a0 \u00a0 \u00a013,4%\u00a0 \u00a0 \u00a013,1%\u00a0 \u00a0 12,7%<\/p>\n<p>Korbinian K\u00e4ferberg\u00a0 \u00a0 \u00a0 \u00a0 \u00a0 \u00a0 \u00a0 \u00a0 \u00a0 \u00a0 \u00a0 20,4%\u00a0 \u00a0 \u00a019,6%\u00a0 \u00a0 \u00a020,1%\u00a0 \u00a0 20,0%\u00a0 \u00a0 \u00a020,5%\u00a0 \u00a0 \u00a020,1%\u00a0 \u00a0 20,3%<\/p>\n<p><strong>Wahlsieger:\u00a0<\/strong>Franz Gillisch (MCM) &#8211; 65 von 735 Wahlm\u00e4nnern geholt<\/p>\n<p>&nbsp;<\/p>\n<p><strong>Vorwahltermin Santo Opalo (17. Mai 1826, Elena Weinandt (FED), 149 Wahlm\u00e4nner)<\/strong><\/p>\n<p><strong>Uhrzeit:\u00a0 \u00a0 \u00a0 \u00a0 \u00a0 \u00a0 \u00a0 \u00a0 \u00a0 \u00a0 \u00a0 \u00a0 \u00a0 \u00a0 \u00a0 \u00a0 \u00a0 \u00a0 \u00a0 \u00a0 \u00a0<\/strong>18:00\u00a0 \u00a0 \u00a0 18:30\u00a0 \u00a0 \u00a0 19:00\u00a0 \u00a0 \u00a0 19:30\u00a0 \u00a0 \u00a0 20:00\u00a0 \u00a0 \u00a0 21:30<strong>\u00a0 \u00a0 \u00a0 23:00<\/strong><\/p>\n<p>Elena Weinandt<\/p>\n<p>Anna Bertels<\/p>\n<p>Franz Gillisch<\/p>\n<p>Lorenz Sonnholm<\/p>\n<p>Heinz Drachenberg<\/p>\n<p>Korbinian K\u00e4ferberg<\/p>\n<p><strong>Wahlsieger:\u00a0<\/strong><\/p>\n<p>&nbsp;<\/p>\n<p><strong>Vorwahltermin S\u00fcdstrand (24. Mai 1826, Anna Bertels (MP), 124 Wahlm\u00e4nner)<\/strong><\/p>\n<p><strong>Uhrzeit:\u00a0 \u00a0 \u00a0 \u00a0 \u00a0 \u00a0 \u00a0 \u00a0 \u00a0 \u00a0 \u00a0 \u00a0 \u00a0 \u00a0 \u00a0 \u00a0 \u00a0 \u00a0 \u00a0 \u00a0 \u00a0<\/strong>18:00\u00a0 \u00a0 \u00a0 18:30\u00a0 \u00a0 \u00a0 19:00\u00a0 \u00a0 \u00a0 19:30\u00a0 \u00a0 \u00a0 20:00\u00a0 \u00a0 \u00a0 21:30<strong>\u00a0 \u00a0 \u00a0 23:00<\/strong><\/p>\n<p>Elena Weinandt<\/p>\n<p>Anna Bertels<\/p>\n<p>Franz Gillisch<\/p>\n<p>Lorenz Sonnholm<\/p>\n<p>Heinz Drachenberg<\/p>\n<p>Korbinian K\u00e4ferberg<\/p>\n<p><strong>Wahlsieger:\u00a0<\/strong><\/p>\n<p>&nbsp;<\/p>\n<p><strong>Vorwahltermin El Grande (31. Mai 1826, Korbinian K\u00e4ferberg, 97 Wahlm\u00e4nner)<\/strong><\/p>\n<p><strong>Uhrzeit:\u00a0 \u00a0 \u00a0 \u00a0 \u00a0 \u00a0 \u00a0 \u00a0 \u00a0 \u00a0 \u00a0 \u00a0 \u00a0 \u00a0 \u00a0 \u00a0 \u00a0 \u00a0 \u00a0 \u00a0 \u00a0<\/strong>18:00\u00a0 \u00a0 \u00a0 18:30\u00a0 \u00a0 \u00a0 19:00\u00a0 \u00a0 \u00a0 19:30\u00a0 \u00a0 \u00a0 20:00\u00a0 \u00a0 \u00a0 21:30<strong>\u00a0 \u00a0 \u00a0 23:00<\/strong><\/p>\n<p>Elena Weinandt<\/p>\n<p>Anna Bertels<\/p>\n<p>Franz Gillisch<\/p>\n<p>Lorenz Sonnholm<\/p>\n<p>Heinz Drachenberg<\/p>\n<p>Korbinian K\u00e4ferberg<\/p>\n<p><strong>Wahlsieger:\u00a0<\/strong><\/p>\n<p>&nbsp;<\/p>\n<p><strong>Vorwahltermin Saphirento (07. Juni 1826, Franz Gillisch (MCM), 124 Wahlm\u00e4nner)<\/strong><\/p>\n<p><strong>Uhrzeit:\u00a0 \u00a0 \u00a0 \u00a0 \u00a0 \u00a0 \u00a0 \u00a0 \u00a0 \u00a0 \u00a0 \u00a0 \u00a0 \u00a0 \u00a0 \u00a0 \u00a0 \u00a0 \u00a0 \u00a0 \u00a0<\/strong>18:00\u00a0 \u00a0 \u00a0 18:30\u00a0 \u00a0 \u00a0 19:00\u00a0 \u00a0 \u00a0 19:30\u00a0 \u00a0 \u00a0 20:00\u00a0 \u00a0 \u00a0 21:30<strong>\u00a0 \u00a0 \u00a0 23:00<\/strong><\/p>\n<p>Elena Weinandt<\/p>\n<p>Anna Bertels<\/p>\n<p>Franz Gillisch<\/p>\n<p>Lorenz Sonnholm<\/p>\n<p>Heinz Drachenberg<\/p>\n<p>Korbinian K\u00e4ferberg<\/p>\n<p><strong>Wahlsieger:\u00a0<\/strong><\/p>\n<p>&nbsp;<\/p>\n<p><strong>Vorwahltermin Wiesenhausen (14. Juni 1826, Heinz Drachenberg (parteilos), 176 Wahlm\u00e4nner)<\/strong><\/p>\n<p><strong>Uhrzeit:\u00a0 \u00a0 \u00a0 \u00a0 \u00a0 \u00a0 \u00a0 \u00a0 \u00a0 \u00a0 \u00a0 \u00a0 \u00a0 \u00a0 \u00a0 \u00a0 \u00a0 \u00a0 \u00a0 \u00a0 \u00a0<\/strong>18:00\u00a0 \u00a0 \u00a0 18:30\u00a0 \u00a0 \u00a0 19:00\u00a0 \u00a0 \u00a0 19:30\u00a0 \u00a0 \u00a0 20:00\u00a0 \u00a0 \u00a0 21:30<strong>\u00a0 \u00a0 \u00a0 23:00<\/strong><\/p>\n<p>Elena Weinandt<\/p>\n<p>Anna Bertels<\/p>\n<p>Franz Gillisch<\/p>\n<p>Lorenz Sonnholm<\/p>\n<p>Heinz Drachenberg<\/p>\n<p>Korbinian K\u00e4ferberg<\/p>\n<p><strong>Wahlsieger:\u00a0<\/strong><\/p>\n<p>&nbsp;<\/p>\n<p><strong>Ausgew\u00e4hlter Kandidat f\u00fcr die K\u00f6nigsstichwahl 1826:<\/strong><\/p>\n","protected":false},"excerpt":{"rendered":"<p>Die K\u00f6nigsvorwahlen 1826 beginnen am 10. Mai im Herzogtum Preu\u00dfen und enden sechs Wochen sp\u00e4ter am 14. Juni im Herzogtum Wiesenhausen. Bei diesen Wahlen wird der Gegner von Amtsinhaber K\u00f6nig Ezechiel I. f\u00fcr die eigentliche K\u00f6nigswahl am 11. Oktober ermittelt. Das Wahlsystem fu\u00dft dabei auf Wahlm\u00e4nnern, die es, verteilt nach der Bev\u00f6lkerungszahl der jeweiligen Herzogt\u00fcmer, f\u00fcr die Spitzenkandidaten der einzelnen Gruppen zu erringen gilt. Wer als erster mehr als die H\u00e4lfte der insgesamt verf\u00fcgbaren Wahlm\u00e4nnerstimmen auf sich vereinen kann, wird Herausforderer des amtierenden K\u00f6nigs im Herbst. Da es alles in allem 735 Wahlm\u00e4nner in ganz Meadowhouse gibt, reicht somit die Zahl von 368 Wahlm\u00e4nnern zum Sieg bei den K\u00f6nigsvorwahlen. Bei <a class=\"more-link\" href=\"https:\/\/wiesenhausen.de\/?page_id=28864\">Continue Reading \u2192<\/a><\/p>\n","protected":false},"author":1,"featured_media":0,"parent":0,"menu_order":0,"comment_status":"closed","ping_status":"closed","template":"","meta":{"footnotes":""},"class_list":["post-28864","page","type-page","status-publish","hentry"],"_links":{"self":[{"href":"https:\/\/wiesenhausen.de\/index.php?rest_route=\/wp\/v2\/pages\/28864","targetHints":{"allow":["GET"]}}],"collection":[{"href":"https:\/\/wiesenhausen.de\/index.php?rest_route=\/wp\/v2\/pages"}],"about":[{"href":"https:\/\/wiesenhausen.de\/index.php?rest_route=\/wp\/v2\/types\/page"}],"author":[{"embeddable":true,"href":"https:\/\/wiesenhausen.de\/index.php?rest_route=\/wp\/v2\/users\/1"}],"replies":[{"embeddable":true,"href":"https:\/\/wiesenhausen.de\/index.php?rest_route=%2Fwp%2Fv2%2Fcomments&post=28864"}],"version-history":[{"count":3,"href":"https:\/\/wiesenhausen.de\/index.php?rest_route=\/wp\/v2\/pages\/28864\/revisions"}],"predecessor-version":[{"id":28868,"href":"https:\/\/wiesenhausen.de\/index.php?rest_route=\/wp\/v2\/pages\/28864\/revisions\/28868"}],"wp:attachment":[{"href":"https:\/\/wiesenhausen.de\/index.php?rest_route=%2Fwp%2Fv2%2Fmedia&parent=28864"}],"curies":[{"name":"wp","href":"https:\/\/api.w.org\/{rel}","templated":true}]}}