{"id":328,"date":"2014-11-01T21:25:37","date_gmt":"2014-11-01T21:25:37","guid":{"rendered":"http:\/\/192.168.2.101\/wordpress\/?page_id=328"},"modified":"2026-01-03T17:42:39","modified_gmt":"2026-01-03T17:42:39","slug":"sportnews","status":"publish","type":"page","link":"https:\/\/wiesenhausen.de\/?page_id=328","title":{"rendered":"Sportnews"},"content":{"rendered":"<h1 data-start=\"0\" data-end=\"87\"><strong data-start=\"0\" data-end=\"87\">Kr\u00f6nung in der Glasburg: Paterson erf\u00fcllt Favoritenrolle und schreibt WM-Geschichte<\/strong><\/h1>\n<p data-start=\"89\" data-end=\"604\">Sichtburgh erlebte am Freitagabend ein Darts-Finale, das lange Zeit offener war, als es das nackte Ergebnis vermuten l\u00e4sst. In der altehrw\u00fcrdigen Glasburg, die Jahr f\u00fcr Jahr den w\u00fcrdigen Rahmen f\u00fcr die Darts-Weltmeisterschaft im Mittelland bildet, setzte sich am Ende der gro\u00dfe Favorit Richard Paterson mit 7:2 Sets gegen die Turnier\u00fcberraschung Cristian Santiago durch. Doch der Weg zu diesem klaren Resultat war steiniger, nervenaufreibender und dramatischer, als es Paterson lieb gewesen sein d\u00fcrfte. Der Miwaner ist damit zum allerersten Mal Weltmeister und auch die neue Nummer 1 der Welt.<\/p>\n<p data-start=\"606\" data-end=\"1090\">Schon Stunden vor dem Anwurf war die Glasburg bis auf den letzten Platz gef\u00fcllt. 12.000 Zuschauer verwandelten die traditionsreiche Arena in ein Tollhaus, ein Meer aus miwanischen und mompracemschen Fahnen, Kost\u00fcmen und Sprechch\u00f6ren. W\u00e4hrend Patersons Name gr\u00f6\u00dftenteils von den miwanischen Fans skandiert wurde, galt Santiago die Sympathie der Neutralen. Der Au\u00dfenseiter hatte sich mit furiosem Spiel und furchtloser K\u00f6rpersprache in die Herzen der Fans geworfen \u2013 und genau diese Unbek\u00fcmmertheit brachte er auch ins Finale. Zumindest am Anfang.<\/p>\n<h3 data-start=\"1092\" data-end=\"1126\">Santiago schockt den Favoriten<\/h3>\n<p data-start=\"1128\" data-end=\"1555\">Als der erste Dart flog, war schnell klar: Cristian Santiago war nicht gekommen, um ehrf\u00fcrchtig zuzusehen. Der 26-J\u00e4hrige er\u00f6ffnete das Match mit einem Set, das sinnbildlich f\u00fcr seinen gesamten Turnierlauf stand: aggressiv, pr\u00e4zise und ohne erkennbare Nervosit\u00e4t. Mit zwei 180ern und einem eiskalten Checkout von 124 Punkten schnappte er sich das erste Set und brachte die Glasburg zum Beben. 0:1 \u2013 der Favorit war gewarnt. Bereits beim Gang in die Pause war Paterson die Last der fr\u00fcher verlorenen Finals anzusehen, vor allem das bitter verlorere Weltspiel-Finale im Sommer gegen Srdjan Wera (17:19) war den Fans noch in bester Erinnerung. Immer wieder blickte er zu seiner Familie hinunter, die mitbangte.<\/p>\n<p data-start=\"1557\" data-end=\"1936\">Paterson wirkte auch zu Beginn des zweiten Satzes kurzzeitig ungewohnt fahrig. Ein paar Darts rutschten knapp unter die Triple-20, das Timing stimmte noch nicht, zudem musste er immer wieder nachfassen, da der Dart nicht sofort perfekt in der Hand lag. Doch mit einem 116er-Finish war er im Spiel angekommen. Im zweiten Leg des zweiten Satzes erh\u00f6hte er das Tempo, wechselte auch immer wieder mit Erfolg auf die Triple-19 und Triple-18 und zwang Santiago erstmals zu Fehlern. Die \u00e4u\u00dferten sich in drei verpassten Darts auf die Doppel-10 und in im Vergleich zum ersten Satz klar verringerter Scoring-Power. Der Ausgleich zum 1:1 war die logische Folge.<\/p>\n<h3 data-start=\"1938\" data-end=\"1982\">Ein Finale auf Augenh\u00f6he \u2013 bis zur Wende<\/h3>\n<p data-start=\"1984\" data-end=\"2310\">Doch Santiago lie\u00df sich davon nicht beeindrucken. Stattdessen konterte er eindrucksvoll, nutzte Patersons seltene Schw\u00e4chen auf die Doppel und ging erneut in F\u00fchrung. Beim Stand von 1:2 schien das M\u00e4rchen des Au\u00dfenseiters pl\u00f6tzlich greifbar. Die Fans rochen die Sensation, jedes Triple Santiagos wurde frenetisch gefeiert.<\/p>\n<p data-start=\"2312\" data-end=\"2646\">Paterson antwortete mit Routine und Klasse. Mit stoischer Miene glich er zum 2:2 aus, doch die entscheidende Szene des Abends folgte im f\u00fcnften Set. Santiago hatte mehrere Chancen, erneut vorzulegen, lie\u00df jedoch drei Doppel liegen. Paterson nutzte die Einladung eiskalt \u2013 und drehte das Match erstmals zu seinen Gunsten (3:2).<\/p>\n<h3 data-start=\"2648\" data-end=\"2691\">Paterson schaltet in den Champion-Modus<\/h3>\n<p data-start=\"2693\" data-end=\"3049\">Was danach folgte, war eine Demonstration der Extraklasse. Paterson schaltete sichtbar in den Champion-Modus, erh\u00f6hte seinen Average und dominierte die Partie nach Belieben. Mit einem Average von 103,02 Punkten zeigte er Darts auf h\u00f6chstem Niveau, traf die Triple-20 mit beeindruckender Konstanz und lie\u00df auf den Doppeln kaum noch etwas liegen. Ein besonderes Highlight war ein 164er-Finish zum 5:2 in den S\u00e4tzen. Nun war auch die Glasburg langsam auf Seiten des Favoriten und besang ihn mit Sprechch\u00f6ren.<\/p>\n<p data-start=\"3051\" data-end=\"3364\">Santiago k\u00e4mpfte tapfer, sein eigener Average von 99,18 Punkten unterstreicht, wie hochklassig dieses Finale tats\u00e4chlich war. Doch die kleinen Ungenauigkeiten, die er sich erlaubte, wurden von Paterson gnadenlos bestraft. Set um Set zog der Favorit davon: 4:2, 5:2, 6:2 \u2013 die Vorentscheidung war gefallen.<\/p>\n<p data-start=\"3366\" data-end=\"3650\">Im neunten Set setzte Paterson schlie\u00dflich den Schlusspunkt. Ein 11-Darter zum Matchgewinn, abgeschlossen mit einer nervenstarken Doppel-16 mit dem ersten Championship-Dart, lie\u00df keinen Zweifel mehr offen. 7:2 \u2013 die Glasburg erhob sich geschlossen, als Paterson die Arme hob und den Blick gen Hallendach richtete.<\/p>\n<h3 data-start=\"3652\" data-end=\"3686\">Respekt f\u00fcr den Herausforderer<\/h3>\n<p data-start=\"3688\" data-end=\"4054\">Trotz der Niederlage durfte sich Cristian Santiago feiern lassen. Sein Weg ins Finale, Siege unter Anderem gegen Stevan Koltora und Mensur Frankovic mit hohen Averages, gepaart mit seiner furchtlosen Art machten ihn zum Gesicht dieses Turniers. Paterson selbst fand im Anschluss anerkennende Worte: \u201eCristian hat mich am Anfang richtig unter Druck gesetzt. Ohne meine Erfahrung h\u00e4tte das heute ganz anders ausgehen k\u00f6nnen. Endlich haben sich all die verlorenen Finals mal ausgezeichnet.\u201c Paterson hatte vier der letzten f\u00fcnf Major-Finale verloren, unter anderem auch das WM-Finale 1820 und 1823, jeweils gegen Vladimir Stitov. Paterson gewinnt damit nicht nur seinen ersten WM-Titel, sondern \u00fcbernimmt auch Ranglistenposition 1 in der Weltrangliste, die nach der Erh\u00f6hung des Preisgeldes in diesem Jahr geh\u00f6rig durcheinandergewirbelt wurde. F\u00fcr den Miwaner ist es der gr\u00f6\u00dfte Titel in einer ohnehin beeindruckenden Karriere. Zwar war er gegen Santiago der klare Favorit und auch ohne Zweifel der beste Spieler des Turniers und auch das Resultat von 7:2 &#8211; das h\u00f6chste seit 1817 und Washas letztem WM-Titel &#8211; wirkte deutlich, allerdings war der Matchverlauf erst zum Schluss wirklich klar. Er musste sich den Titel hart erarbeiten, nicht nur in diesem Turnier, sondern auch \u00fcber die vielen Jahre davor. Auch, weil ihm ein Gegner gegen\u00fcberstand, der ihn an seine Grenzen brachte.<\/p>\n<p data-start=\"4322\" data-end=\"4562\" data-is-last-node=\"\" data-is-only-node=\"\">Die Darts-WM von Sichtburgh endet damit mit einem w\u00fcrdigen Finale: einem Abend voller Emotionen, hochklassigem Sport und der Best\u00e4tigung, dass sich Erfahrung am Ende oft durchsetzt \u2013 aber nur, wenn sie auf Leidenschaft und Pr\u00e4zision trifft.<\/p>\n<p data-start=\"4322\" data-end=\"4562\" data-is-last-node=\"\" data-is-only-node=\"\">Die Daten zum Finale:<\/p>\n<p data-start=\"4322\" data-end=\"4562\" data-is-last-node=\"\" data-is-only-node=\"\"><strong>Richard Paterson (5)\u00a0 \u00a0 \u00a0 \u00a0 \u00a0 \u00a0 \u00a0 \u00a0 \u00a0 \u00a0 \u00a0 \u00a0 \u00a0 \u00a0 7:2\u00a0 \u00a0 \u00a0 \u00a0 \u00a0 \u00a0 \u00a0 \u00a0 \u00a0 \u00a0 \u00a0 \u00a0 \u00a0 \u00a0Cristian Santiago (23)<\/strong><\/p>\n<p><em>\u00a0 \u00a0 \u00a0 \u00a0 \u00a0 \u00a0 \u00a0 \u00a0 \u00a0 \u00a0 \u00a0 \u00a0 \u00a0 \u00a0 \u00a0 \u00a0 \u00a0 \u00a0 2:3\u00a0 3:1\u00a0 2:3\u00a0 3:1\u00a0 3:1\u00a0 3:2\u00a0 3:1\u00a0 3:1\u00a0 3:2<\/em><\/p>\n<p data-start=\"4322\" data-end=\"4562\" data-is-last-node=\"\" data-is-only-node=\"\">Average:\u00a0 \u00a0 \u00a0 \u00a0 \u00a0 \u00a0 \u00a0 \u00a0 \u00a0 \u00a0 \u00a0 \u00a0 \u00a0 \u00a0 \u00a0 103,02\u00a0 \u00a0 \u00a0 \u00a0 \u00a0 \u00a0 \u00a0 \u00a0 \u00a0 \u00a0 99,18<br \/>\nDoppelquote:\u00a0 \u00a0 \u00a0 \u00a0 \u00a0 \u00a0 \u00a0 \u00a0 \u00a0 \u00a0 \u00a0 \u00a0 \u00a049%\u00a0 \u00a0 \u00a0 \u00a0 \u00a0 \u00a0 \u00a0 \u00a0 \u00a0 \u00a0 \u00a0 \u00a038%<br \/>\nH\u00f6chster Checkout:\u00a0 \u00a0 \u00a0 \u00a0 \u00a0 \u00a0 \u00a0 \u00a0164\u00a0 \u00a0 \u00a0 \u00a0 \u00a0 \u00a0 \u00a0 \u00a0 \u00a0 \u00a0 \u00a0 \u00a0 124<br \/>\n100+-Checkouts:\u00a0 \u00a0 \u00a0 \u00a0 \u00a0 \u00a0 \u00a0 \u00a0 \u00a0 \u00a0 4\u00a0 \u00a0 \u00a0 \u00a0 \u00a0 \u00a0 \u00a0 \u00a0 \u00a0 \u00a0 \u00a0 \u00a0 \u00a0 \u00a0 \u00a04<br \/>\nAufnahmen ohne Triple:\u00a0 \u00a0 \u00a0 \u00a0 22\u00a0 \u00a0 \u00a0 \u00a0 \u00a0 \u00a0 \u00a0 \u00a0 \u00a0 \u00a0 \u00a0 \u00a0 \u00a0 \u00a039<br \/>\n100+-Aufnahmen:\u00a0 \u00a0 \u00a0 \u00a0 \u00a0 \u00a0 \u00a0 \u00a0 \u00a046\u00a0 \u00a0 \u00a0 \u00a0 \u00a0 \u00a0 \u00a0 \u00a0 \u00a0 \u00a0 \u00a0 \u00a0 \u00a0 \u00a046<br \/>\n140+-Aufnahmen:\u00a0 \u00a0 \u00a0 \u00a0 \u00a0 \u00a0 \u00a0 \u00a0 \u00a028\u00a0 \u00a0 \u00a0 \u00a0 \u00a0 \u00a0 \u00a0 \u00a0 \u00a0 \u00a0 \u00a0 \u00a0 \u00a0 \u00a022<br \/>\n180+-Aufnahmen:\u00a0 \u00a0 \u00a0 \u00a0 \u00a0 \u00a0 \u00a0 \u00a0 \u00a016\u00a0 \u00a0 \u00a0 \u00a0 \u00a0 \u00a0 \u00a0 \u00a0 \u00a0 \u00a0 \u00a0 \u00a0 \u00a0 \u00a011<\/p>\n<p data-start=\"4322\" data-end=\"4562\" data-is-last-node=\"\" data-is-only-node=\"\">Die Daten zur WM:<\/p>\n<p data-start=\"4322\" data-end=\"4562\" data-is-last-node=\"\" data-is-only-node=\"\">H\u00f6chster Average: 106,97 (Richard Paterson vs. Eric Martolod, Viertelfinale)<br \/>\n170er-Finishes: Stevan Koltora, Magnus Bj\u00f6rn Kamper, Nico Olohdem, Cristian Santiago (2x), Matt Goldman, Kilian Kombark<br \/>\nBeste Checkout-Quote: Gjorgi Tacholo (77,15 % vs. Adrian Lovechk, Viertelfinale)<br \/>\n9-Darter: \/<br \/>\n9-Darter-Versuche: Matt Goldman (8 perfekte Darts vs. Mark Toulvac, Achtelfinale ; Cristian Santiago, 8 perfekte Darts vs. Mensur Frankovic, Viertelfinale)<\/p>\n","protected":false},"excerpt":{"rendered":"<p>Kr\u00f6nung in der Glasburg: Paterson erf\u00fcllt Favoritenrolle und schreibt WM-Geschichte Sichtburgh erlebte am Freitagabend ein Darts-Finale, das lange Zeit offener war, als es das nackte Ergebnis vermuten l\u00e4sst. In der altehrw\u00fcrdigen Glasburg, die Jahr f\u00fcr Jahr den w\u00fcrdigen Rahmen f\u00fcr die Darts-Weltmeisterschaft im Mittelland bildet, setzte sich am Ende der gro\u00dfe Favorit Richard Paterson mit 7:2 Sets gegen die Turnier\u00fcberraschung Cristian Santiago durch. Doch der Weg zu diesem klaren Resultat war steiniger, nervenaufreibender und dramatischer, als es Paterson lieb gewesen sein d\u00fcrfte. Der Miwaner ist damit zum allerersten Mal Weltmeister und auch die neue Nummer 1 der Welt. Schon Stunden vor dem Anwurf war die Glasburg bis auf den letzten <a class=\"more-link\" href=\"https:\/\/wiesenhausen.de\/?page_id=328\">Continue Reading \u2192<\/a><\/p>\n","protected":false},"author":1,"featured_media":0,"parent":0,"menu_order":0,"comment_status":"closed","ping_status":"closed","template":"","meta":{"footnotes":""},"class_list":["post-328","page","type-page","status-publish","hentry"],"_links":{"self":[{"href":"https:\/\/wiesenhausen.de\/index.php?rest_route=\/wp\/v2\/pages\/328","targetHints":{"allow":["GET"]}}],"collection":[{"href":"https:\/\/wiesenhausen.de\/index.php?rest_route=\/wp\/v2\/pages"}],"about":[{"href":"https:\/\/wiesenhausen.de\/index.php?rest_route=\/wp\/v2\/types\/page"}],"author":[{"embeddable":true,"href":"https:\/\/wiesenhausen.de\/index.php?rest_route=\/wp\/v2\/users\/1"}],"replies":[{"embeddable":true,"href":"https:\/\/wiesenhausen.de\/index.php?rest_route=%2Fwp%2Fv2%2Fcomments&post=328"}],"version-history":[{"count":230,"href":"https:\/\/wiesenhausen.de\/index.php?rest_route=\/wp\/v2\/pages\/328\/revisions"}],"predecessor-version":[{"id":28130,"href":"https:\/\/wiesenhausen.de\/index.php?rest_route=\/wp\/v2\/pages\/328\/revisions\/28130"}],"wp:attachment":[{"href":"https:\/\/wiesenhausen.de\/index.php?rest_route=%2Fwp%2Fv2%2Fmedia&parent=328"}],"curies":[{"name":"wp","href":"https:\/\/api.w.org\/{rel}","templated":true}]}}