{"id":549,"date":"2014-12-12T17:26:03","date_gmt":"2014-12-12T17:26:03","guid":{"rendered":"http:\/\/192.168.2.101\/wordpress\/?page_id=549"},"modified":"2026-02-04T19:00:14","modified_gmt":"2026-02-04T19:00:14","slug":"vereinsinformationen-flm","status":"publish","type":"page","link":"https:\/\/wiesenhausen.de\/?page_id=549","title":{"rendered":"Vereinsinfos FLM"},"content":{"rendered":"<p><strong><a href=\"http:\/\/wiesenhausen.de\/wp-content\/uploads\/2014\/12\/VfB-Ahornsburg.png\"><img loading=\"lazy\" decoding=\"async\" class=\"alignnone wp-image-859\" src=\"http:\/\/wiesenhausen.de\/wp-content\/uploads\/2014\/12\/VfB-Ahornsburg-276x300.png\" alt=\"VfB Ahornsburg\" width=\"60\" height=\"65\" srcset=\"https:\/\/wiesenhausen.de\/wp-content\/uploads\/2014\/12\/VfB-Ahornsburg-276x300.png 276w, https:\/\/wiesenhausen.de\/wp-content\/uploads\/2014\/12\/VfB-Ahornsburg.png 559w\" sizes=\"auto, (max-width: 60px) 100vw, 60px\" \/><\/a>VfB Ahornsburg:<\/strong><\/p>\n<ul>\n<li>Gr\u00fcndung: 20.05.1741<\/li>\n<li>Stadion: &#8222;Rohan Water Lane&#8220; (44.600 Pl\u00e4tze)<\/li>\n<li>Gr\u00f6\u00dfter Vereinserfolg: Meisterschaft 1814 \/ Pokalsieg 1822<\/li>\n<li>Internationale Titel: Premiere Cup der Pokalsieger 1823<\/li>\n<li>Trainer: Bj\u00f6rn Bremer (seit 03.01.1825)<\/li>\n<li>Pr\u00e4sident: Ulrich Zeppenheimer<\/li>\n<\/ul>\n<p><strong><a href=\"http:\/\/wiesenhausen.de\/wp-content\/uploads\/2014\/12\/AC-Phoenix-Wiesenhausen.png\"><img loading=\"lazy\" decoding=\"async\" class=\"alignnone wp-image-869\" src=\"http:\/\/wiesenhausen.de\/wp-content\/uploads\/2014\/12\/AC-Phoenix-Wiesenhausen-170x300.png\" alt=\"AC Phoenix Wiesenhausen\" width=\"56\" height=\"99\" srcset=\"https:\/\/wiesenhausen.de\/wp-content\/uploads\/2014\/12\/AC-Phoenix-Wiesenhausen-170x300.png 170w, https:\/\/wiesenhausen.de\/wp-content\/uploads\/2014\/12\/AC-Phoenix-Wiesenhausen.png 283w\" sizes=\"auto, (max-width: 56px) 100vw, 56px\" \/><\/a>AC Phoenix Wiesenhausen 1708:<\/strong><\/p>\n<ul>\n<li>Gr\u00fcndung: 02.04.1708<\/li>\n<li>Stadion: &#8222;AC-Arena am Skydome&#8220; (75.500 Pl\u00e4tze)<\/li>\n<li>Gr\u00f6\u00dfte Vereinserfolge: Meisterschaft 1811, 1812, 1813, 1817, 1818, 1819, 1820, 1823, 1824, 1825 \/ Pokalsieg 1811, 1814, 1815, 1816, 1817, 1818, 1819, 1823, 1824<\/li>\n<li>Internationale Titel: World League 1793 (als FC Rot-Wei\u00df Wiesenhausen), 1822, 1823 \/ Premiere Cup der Ligameister 1824<\/li>\n<li>Trainer: Ingo Igel (seit 01.07.1818)<\/li>\n<li>Pr\u00e4sident: Dagobert Duck<\/li>\n<\/ul>\n<p><strong><a href=\"http:\/\/wiesenhausen.de\/wp-content\/uploads\/2014\/12\/FC-Rubinburgh.png\"><img loading=\"lazy\" decoding=\"async\" class=\"alignnone wp-image-874\" src=\"http:\/\/wiesenhausen.de\/wp-content\/uploads\/2014\/12\/FC-Rubinburgh-276x300.png\" alt=\"FC Rubinburgh\" width=\"62\" height=\"67\" srcset=\"https:\/\/wiesenhausen.de\/wp-content\/uploads\/2014\/12\/FC-Rubinburgh-276x300.png 276w, https:\/\/wiesenhausen.de\/wp-content\/uploads\/2014\/12\/FC-Rubinburgh.png 628w\" sizes=\"auto, (max-width: 62px) 100vw, 62px\" \/><\/a>FC Rubinburgh:<\/strong><\/p>\n<ul>\n<li>Gr\u00fcndung: 19.06.1736<\/li>\n<li>Stadion: &#8222;Precious Stone&#8220; (52.855 Pl\u00e4tze)<\/li>\n<li>Gr\u00f6\u00dfter Vereinserfolg: Bronzemeisterschaft 1813, 1814, 1818, 1820<\/li>\n<li>Internationale Titel: \/<\/li>\n<li>Trainer: Alexander Rebisberger (seit 01.07.1825)<\/li>\n<li>Pr\u00e4sident: Georg von Scheytz<\/li>\n<\/ul>\n<p><strong><a href=\"http:\/\/wiesenhausen.de\/wp-content\/uploads\/2014\/12\/El-Grande-FC.png\"><img loading=\"lazy\" decoding=\"async\" class=\"alignnone wp-image-871\" src=\"http:\/\/wiesenhausen.de\/wp-content\/uploads\/2014\/12\/El-Grande-FC-300x220.png\" alt=\"El Grande FC\" width=\"86\" height=\"63\" srcset=\"https:\/\/wiesenhausen.de\/wp-content\/uploads\/2014\/12\/El-Grande-FC-300x220.png 300w, https:\/\/wiesenhausen.de\/wp-content\/uploads\/2014\/12\/El-Grande-FC.png 615w\" sizes=\"auto, (max-width: 86px) 100vw, 86px\" \/><\/a>El Grande FC:<\/strong><\/p>\n<ul>\n<li>Gr\u00fcndung: 17.07.1725<\/li>\n<li>Stadion: &#8222;Stadion an der Beerenstra\u00dfe&#8220; (80.323 Pl\u00e4tze)<\/li>\n<li>Gr\u00f6\u00dfter Vereinserfolg: Meisterschaft 1822<\/li>\n<li>Internationale Titel: World League 1820, 1821<\/li>\n<li>Trainer: Pietro Calpinhado (seit 01.07.1825)<\/li>\n<li>Pr\u00e4sident: Christoph Lindemann<\/li>\n<\/ul>\n<p><strong><a href=\"http:\/\/wiesenhausen.de\/wp-content\/uploads\/2014\/12\/DFC-D\u00fcsterwald.png\"><img loading=\"lazy\" decoding=\"async\" class=\"alignnone wp-image-870\" src=\"http:\/\/wiesenhausen.de\/wp-content\/uploads\/2014\/12\/DFC-D\u00fcsterwald-300x286.png\" alt=\"DFC D\u00fcsterwald\" width=\"78\" height=\"74\" srcset=\"https:\/\/wiesenhausen.de\/wp-content\/uploads\/2014\/12\/DFC-D\u00fcsterwald-300x286.png 300w, https:\/\/wiesenhausen.de\/wp-content\/uploads\/2014\/12\/DFC-D\u00fcsterwald.png 736w\" sizes=\"auto, (max-width: 78px) 100vw, 78px\" \/><\/a>DFC D\u00fcsterwald:<\/strong><\/p>\n<ul>\n<li>Gr\u00fcndung: 08.04.1683<\/li>\n<li>Stadion: &#8222;Gloomy Woods&#8220; (39.800 Pl\u00e4tze)<\/li>\n<li>Gr\u00f6\u00dfter Vereinserfolg: Vize-Meisterschaft 1811 \/ Pokalsieg 1821<\/li>\n<li>Internationale Titel: \/<\/li>\n<li>Trainer: Heinrich Schuppenschlacker (seit. 01.07.1822)<\/li>\n<li>Pr\u00e4sident: Carl-Friedrich Feuerwald<\/li>\n<\/ul>\n<p><strong><a href=\"http:\/\/wiesenhausen.de\/wp-content\/uploads\/2014\/12\/FC-Eichenstadt-05.png\"><img loading=\"lazy\" decoding=\"async\" class=\"alignnone wp-image-873\" src=\"http:\/\/wiesenhausen.de\/wp-content\/uploads\/2014\/12\/FC-Eichenstadt-05-258x300.png\" alt=\"FC Eichenstadt 05\" width=\"79\" height=\"92\" srcset=\"https:\/\/wiesenhausen.de\/wp-content\/uploads\/2014\/12\/FC-Eichenstadt-05-258x300.png 258w, https:\/\/wiesenhausen.de\/wp-content\/uploads\/2014\/12\/FC-Eichenstadt-05.png 750w\" sizes=\"auto, (max-width: 79px) 100vw, 79px\" \/><\/a>FC Eichenstadt 05:<\/strong><\/p>\n<ul>\n<li>Gr\u00fcndung: 01.09.1705<\/li>\n<li>Stadion: &#8222;Hexenkessel&#8220; (60.000 Pl\u00e4tze)<\/li>\n<li>Gr\u00f6\u00dfter Vereinserfolg: Meisterschaft 1821 \/ Pokalsieg 1812<\/li>\n<li>Internationale Titel: \/<\/li>\n<li>Trainer: Jonas Holdt (seit 02.01.1825)<\/li>\n<li>Pr\u00e4sident: Frank Pahlmann<\/li>\n<\/ul>\n<p><strong><a href=\"http:\/\/wiesenhausen.de\/wp-content\/uploads\/2014\/06\/AC-Santo-Opalo.png\"><img loading=\"lazy\" decoding=\"async\" class=\"alignnone wp-image-858\" src=\"http:\/\/wiesenhausen.de\/wp-content\/uploads\/2014\/06\/AC-Santo-Opalo-167x300.png\" alt=\"AC Santo Opalo\" width=\"62\" height=\"111\" srcset=\"https:\/\/wiesenhausen.de\/wp-content\/uploads\/2014\/06\/AC-Santo-Opalo-167x300.png 167w, https:\/\/wiesenhausen.de\/wp-content\/uploads\/2014\/06\/AC-Santo-Opalo.png 469w\" sizes=\"auto, (max-width: 62px) 100vw, 62px\" \/><\/a>AC Santo Opalo:<\/strong><\/p>\n<ul>\n<li>Gr\u00fcndung: 06.02.1672<\/li>\n<li>Stadion: &#8222;Stadion am Stadtpark&#8220; (55.685 Pl\u00e4tze)<\/li>\n<li>Gr\u00f6\u00dfter Vereinserfolg: Meisterschaft 1816 \/ Pokalsieg 1813<\/li>\n<li>Internationale Titel: \/<\/li>\n<li>Trainer: Christian Hockenjos (seit 06.12.1823)<\/li>\n<li>Pr\u00e4sident: Johann Winkler<\/li>\n<\/ul>\n<p><strong><a href=\"http:\/\/wiesenhausen.de\/wp-content\/uploads\/2014\/12\/SC-Geisterfelsen-Isenfeld.png\"><img loading=\"lazy\" decoding=\"async\" class=\"alignnone wp-image-883\" src=\"http:\/\/wiesenhausen.de\/wp-content\/uploads\/2014\/12\/SC-Geisterfelsen-Isenfeld-275x300.png\" alt=\"SC Geisterfelsen-Isenfeld\" width=\"91\" height=\"99\" srcset=\"https:\/\/wiesenhausen.de\/wp-content\/uploads\/2014\/12\/SC-Geisterfelsen-Isenfeld-275x300.png 275w, https:\/\/wiesenhausen.de\/wp-content\/uploads\/2014\/12\/SC-Geisterfelsen-Isenfeld.png 435w\" sizes=\"auto, (max-width: 91px) 100vw, 91px\" \/><\/a>SC Geisterfelsen-Isenfeld:<\/strong><\/p>\n<ul>\n<li>Gr\u00fcndung: 27.11.1700<\/li>\n<li>Stadion: &#8222;Stadium of the rattling bones&#8220; (22.300 Pl\u00e4tze)<\/li>\n<li>Gr\u00f6\u00dfter Vereinserfolg: Vize-Meisterschaft 1818<\/li>\n<li>Internationale Titel: \/<\/li>\n<li>Trainer: Jean de St-Hazaire (seit 08.01.1815)<\/li>\n<li>Pr\u00e4sident: Reinhard von Schreck<\/li>\n<\/ul>\n<p><strong><a href=\"http:\/\/wiesenhausen.de\/wp-content\/uploads\/2014\/12\/FSV-H\u00f6hle-Wiesenhausen.png\"><img loading=\"lazy\" decoding=\"async\" class=\"alignnone wp-image-878\" src=\"http:\/\/wiesenhausen.de\/wp-content\/uploads\/2014\/12\/FSV-H\u00f6hle-Wiesenhausen-300x296.png\" alt=\"FSV H\u00f6hle Wiesenhausen\" width=\"88\" height=\"87\" srcset=\"https:\/\/wiesenhausen.de\/wp-content\/uploads\/2014\/12\/FSV-H\u00f6hle-Wiesenhausen-300x296.png 300w, https:\/\/wiesenhausen.de\/wp-content\/uploads\/2014\/12\/FSV-H\u00f6hle-Wiesenhausen-150x150.png 150w, https:\/\/wiesenhausen.de\/wp-content\/uploads\/2014\/12\/FSV-H\u00f6hle-Wiesenhausen.png 509w\" sizes=\"auto, (max-width: 88px) 100vw, 88px\" \/><\/a>FSV H\u00f6hle Wiesenhausen:<\/strong><\/p>\n<ul>\n<li>Gr\u00fcndung: 08.06.1809 (aus BC Wiesen-Zentrum)<\/li>\n<li>Stadion: &#8222;Light Stadium&#8220; (55.750 Pl\u00e4tze)<\/li>\n<li>Gr\u00f6\u00dfter Vereinserfolg: 4. Platz 1811<\/li>\n<li>Internationale Titel: \/<\/li>\n<li>Trainer: Ingo Junggeist (seit 01.07.1823)<\/li>\n<li>Pr\u00e4sident: Alfred Maik\u00e4fer<\/li>\n<\/ul>\n<p><strong><a href=\"http:\/\/wiesenhausen.de\/wp-content\/uploads\/2014\/12\/FGS-Saphirento-98.png\"><img loading=\"lazy\" decoding=\"async\" class=\"alignnone wp-image-876\" src=\"http:\/\/wiesenhausen.de\/wp-content\/uploads\/2014\/12\/FGS-Saphirento-98-300x300.png\" alt=\"FGS Saphirento 98\" width=\"86\" height=\"86\" srcset=\"https:\/\/wiesenhausen.de\/wp-content\/uploads\/2014\/12\/FGS-Saphirento-98-300x300.png 300w, https:\/\/wiesenhausen.de\/wp-content\/uploads\/2014\/12\/FGS-Saphirento-98-150x150.png 150w, https:\/\/wiesenhausen.de\/wp-content\/uploads\/2014\/12\/FGS-Saphirento-98.png 713w\" sizes=\"auto, (max-width: 86px) 100vw, 86px\" \/><\/a>FGS Saphirento 98:<\/strong><\/p>\n<ul>\n<li>Gr\u00fcndung: 16.09.1698<\/li>\n<li>Stadion: &#8222;Nordstern Stadion&#8220; (33.960 Pl\u00e4tze)<\/li>\n<li>Gr\u00f6\u00dfter Vereinserfolg: Meisterschaft 1815<\/li>\n<li>Internationale Titel: \/<\/li>\n<li>Trainer: Benedict Claunton-Hoover (seit 15.12.1813)<\/li>\n<li>Pr\u00e4sident: Aaron Leufersheim<\/li>\n<\/ul>\n<p><strong><a href=\"http:\/\/wiesenhausen.de\/wp-content\/uploads\/2014\/12\/TuS-Burg-Daunenfels.png\"><img loading=\"lazy\" decoding=\"async\" class=\"alignnone wp-image-887\" src=\"http:\/\/wiesenhausen.de\/wp-content\/uploads\/2014\/12\/TuS-Burg-Daunenfels-247x300.png\" alt=\"TuS Burg Daunenfels\" width=\"80\" height=\"98\" srcset=\"https:\/\/wiesenhausen.de\/wp-content\/uploads\/2014\/12\/TuS-Burg-Daunenfels-247x300.png 247w, https:\/\/wiesenhausen.de\/wp-content\/uploads\/2014\/12\/TuS-Burg-Daunenfels.png 375w\" sizes=\"auto, (max-width: 80px) 100vw, 80px\" \/><\/a>TuS Burg Daunenfels<\/strong><\/p>\n<ul>\n<li>Gr\u00fcndung: 09.01.1663<\/li>\n<li>Stadion: &#8222;Burghof S\u00fcd&#8220; (20.783 Pl\u00e4tze)<\/li>\n<li>Gr\u00f6\u00dfter Vereinserfolg: Vize-Meisterschaft 1817<\/li>\n<li>Internationale Titel: \/<\/li>\n<li>Trainer: Eightleg Spinne (seit 01.07.1825)<\/li>\n<li>Pr\u00e4sident: Karl vom Bajonett<\/li>\n<\/ul>\n<p><strong><a href=\"http:\/\/wiesenhausen.de\/wp-content\/uploads\/2014\/12\/Slevan-San-Laven.png\"><img loading=\"lazy\" decoding=\"async\" class=\"alignnone wp-image-885\" src=\"http:\/\/wiesenhausen.de\/wp-content\/uploads\/2014\/12\/Slevan-San-Laven-300x216.png\" alt=\"Slevan San Laven\" width=\"101\" height=\"73\" srcset=\"https:\/\/wiesenhausen.de\/wp-content\/uploads\/2014\/12\/Slevan-San-Laven-300x216.png 300w, https:\/\/wiesenhausen.de\/wp-content\/uploads\/2014\/12\/Slevan-San-Laven.png 760w\" sizes=\"auto, (max-width: 101px) 100vw, 101px\" \/><\/a>Slevan San Laven:<\/strong><\/p>\n<ul>\n<li>Gr\u00fcndung: 22.08.1702<\/li>\n<li>Stadion: &#8222;Lomera-Dom&#8220; (16.000 Pl\u00e4tze)<\/li>\n<li>Gr\u00f6\u00dfter Vereinserfolg: Bronzemeisterschaft 1822 \/ Pokalsieg 1825<\/li>\n<li>Internationale Titel: \/<\/li>\n<li>Trainer: Tobias G\u00fcnter (seit 20.03.1812)<\/li>\n<li>Pr\u00e4sident: Otto Thalmayr<\/li>\n<\/ul>\n<p><strong><a href=\"http:\/\/wiesenhausen.de\/wp-content\/uploads\/2014\/12\/WFC-Oase.png\"><img loading=\"lazy\" decoding=\"async\" class=\"alignnone wp-image-889\" src=\"http:\/\/wiesenhausen.de\/wp-content\/uploads\/2014\/12\/WFC-Oase-300x300.png\" alt=\"WFC Oase\" width=\"87\" height=\"87\" srcset=\"https:\/\/wiesenhausen.de\/wp-content\/uploads\/2014\/12\/WFC-Oase-300x300.png 300w, https:\/\/wiesenhausen.de\/wp-content\/uploads\/2014\/12\/WFC-Oase-150x150.png 150w, https:\/\/wiesenhausen.de\/wp-content\/uploads\/2014\/12\/WFC-Oase.png 712w\" sizes=\"auto, (max-width: 87px) 100vw, 87px\" \/><\/a>WFC Oase:<\/strong><\/p>\n<ul>\n<li>Gr\u00fcndung: 15.09.1706<\/li>\n<li>Stadion: &#8222;Desert Point&#8220; (44.000 Pl\u00e4tze)<\/li>\n<li>Gr\u00f6\u00dfter Vereinserfolg: 11. Platz 1812, 1824 \/ Vize-Pokalsieg 1824<\/li>\n<li>Internationale Titel: \/<\/li>\n<li>Trainer: Komikm\u00e9 (seit 01.07.1823)<\/li>\n<li>Pr\u00e4sident: Berthold Wewelsheimer<\/li>\n<\/ul>\n<p><a href=\"http:\/\/wiesenhausen.de\/wp-content\/uploads\/2014\/12\/TSV-Wiesen-Zentrum.png\"><img loading=\"lazy\" decoding=\"async\" class=\"alignnone wp-image-8459\" src=\"http:\/\/wiesenhausen.de\/wp-content\/uploads\/2014\/12\/TSV-Wiesen-Zentrum-300x300.png\" alt=\"\" width=\"109\" height=\"109\" srcset=\"https:\/\/wiesenhausen.de\/wp-content\/uploads\/2014\/12\/TSV-Wiesen-Zentrum-300x300.png 300w, https:\/\/wiesenhausen.de\/wp-content\/uploads\/2014\/12\/TSV-Wiesen-Zentrum-150x150.png 150w, https:\/\/wiesenhausen.de\/wp-content\/uploads\/2014\/12\/TSV-Wiesen-Zentrum.png 714w\" sizes=\"auto, (max-width: 109px) 100vw, 109px\" \/><\/a><strong>TSV\u00a0Wiesen-Zentrum:<\/strong><\/p>\n<ul>\n<li>Gr\u00fcndung: 24.10.1702<\/li>\n<li>Stadion: &#8222;Sportpark an der H\u00f6hle&#8220; (18.385 Pl\u00e4tze)<\/li>\n<li>Gr\u00f6\u00dfter Vereinserfolg: 4. Platz 1819 \/ Pokalsieg 1820<\/li>\n<li>Internationale Titel: \/<\/li>\n<li>Trainer: Albert Mooney (seit 01.07.1817)<\/li>\n<li>Pr\u00e4sident: Giesbert Gimpel<\/li>\n<\/ul>\n<p><a href=\"http:\/\/wiesenhausen.de\/wp-content\/uploads\/2019\/10\/SC-Revier-Hogwarts.png\"><img loading=\"lazy\" decoding=\"async\" class=\"alignnone wp-image-14368\" src=\"http:\/\/wiesenhausen.de\/wp-content\/uploads\/2019\/10\/SC-Revier-Hogwarts-300x192.png\" alt=\"\" width=\"167\" height=\"107\" srcset=\"https:\/\/wiesenhausen.de\/wp-content\/uploads\/2019\/10\/SC-Revier-Hogwarts-300x192.png 300w, https:\/\/wiesenhausen.de\/wp-content\/uploads\/2019\/10\/SC-Revier-Hogwarts-768x492.png 768w, https:\/\/wiesenhausen.de\/wp-content\/uploads\/2019\/10\/SC-Revier-Hogwarts-1024x656.png 1024w, https:\/\/wiesenhausen.de\/wp-content\/uploads\/2019\/10\/SC-Revier-Hogwarts.png 1236w\" sizes=\"auto, (max-width: 167px) 100vw, 167px\" \/><\/a><strong>SC Revier Hogwarts:<\/strong><\/p>\n<ul>\n<li>Gr\u00fcndung: 05.01.1716<\/li>\n<li>Stadion: &#8222;Schulhof West&#8220; (23.000 Pl\u00e4tze)<\/li>\n<li>Gr\u00f6\u00dfter Vereinserfolg: 4. Platz 1811<\/li>\n<li>Internationale Titel: \/<\/li>\n<li>Trainer: Albus Dumbledore (seit 11.06.1814)<\/li>\n<li>Pr\u00e4sident: Rufus Scrimgeour<\/li>\n<\/ul>\n<p><strong><a href=\"https:\/\/wiesenhausen.de\/wp-content\/uploads\/2024\/08\/1.-FC-Frankenthal.png\"><img loading=\"lazy\" decoding=\"async\" class=\"alignnone wp-image-25320\" src=\"https:\/\/wiesenhausen.de\/wp-content\/uploads\/2024\/08\/1.-FC-Frankenthal-300x275.png\" alt=\"\" width=\"120\" height=\"110\" srcset=\"https:\/\/wiesenhausen.de\/wp-content\/uploads\/2024\/08\/1.-FC-Frankenthal-300x275.png 300w, https:\/\/wiesenhausen.de\/wp-content\/uploads\/2024\/08\/1.-FC-Frankenthal.png 714w\" sizes=\"auto, (max-width: 120px) 100vw, 120px\" \/><\/a>1. FC Frankenthal:<\/strong><\/p>\n<ul>\n<li>Gr\u00fcndung: 19.05.1712<\/li>\n<li>Stadion: &#8222;Ysenpark&#8220; (21.750 Pl\u00e4tze)<\/li>\n<li>Gr\u00f6\u00dfter Vereinserfolg: Klassenerhalt 1825<\/li>\n<li>Internationale Titel: \/<\/li>\n<li>Trainer: Thorben Voeste (seit 04.02.1826)<\/li>\n<li>Pr\u00e4sident: Hans-J\u00f6rg Petersmann<\/li>\n<\/ul>\n<p>&nbsp;<\/p>\n<p><strong><a href=\"https:\/\/wiesenhausen.de\/wp-content\/uploads\/2018\/08\/FairPlay-Pilzland.png\"><img loading=\"lazy\" decoding=\"async\" class=\"alignnone wp-image-10493\" src=\"https:\/\/wiesenhausen.de\/wp-content\/uploads\/2018\/08\/FairPlay-Pilzland-297x300.png\" alt=\"\" width=\"108\" height=\"109\" srcset=\"https:\/\/wiesenhausen.de\/wp-content\/uploads\/2018\/08\/FairPlay-Pilzland-297x300.png 297w, https:\/\/wiesenhausen.de\/wp-content\/uploads\/2018\/08\/FairPlay-Pilzland-150x150.png 150w, https:\/\/wiesenhausen.de\/wp-content\/uploads\/2018\/08\/FairPlay-Pilzland-768x775.png 768w, https:\/\/wiesenhausen.de\/wp-content\/uploads\/2018\/08\/FairPlay-Pilzland.png 899w\" sizes=\"auto, (max-width: 108px) 100vw, 108px\" \/><\/a>FairPlay Pilzland:<\/strong><\/p>\n<ul>\n<li>Gr\u00fcndung: 29.04.1706<\/li>\n<li>Stadion: &#8222;Maronenfeld&#8220; (24.100 Pl\u00e4tze)<\/li>\n<li>Gr\u00f6\u00dfter Vereinserfolg: Klassenerhalt 1821<\/li>\n<li>Internationale Titel: \/<\/li>\n<li>Trainer: Robert Krause-Glucke (seit 18.03.1824)<\/li>\n<li>Pr\u00e4sident: Siegbert Schopftintling<\/li>\n<\/ul>\n<p>&nbsp;<\/p>\n<p><strong><a href=\"https:\/\/wiesenhausen.de\/wp-content\/uploads\/2014\/12\/1.-SC-Echo-Tal.png\"><img loading=\"lazy\" decoding=\"async\" class=\"alignnone wp-image-868\" src=\"https:\/\/wiesenhausen.de\/wp-content\/uploads\/2014\/12\/1.-SC-Echo-Tal-261x300.png\" alt=\"\" width=\"102\" height=\"117\" srcset=\"https:\/\/wiesenhausen.de\/wp-content\/uploads\/2014\/12\/1.-SC-Echo-Tal-261x300.png 261w, https:\/\/wiesenhausen.de\/wp-content\/uploads\/2014\/12\/1.-SC-Echo-Tal.png 733w\" sizes=\"auto, (max-width: 102px) 100vw, 102px\" \/><\/a>1. SC Echo-Tal:<\/strong><\/p>\n<ul>\n<li>Gr\u00fcndung: 29.01.1706<\/li>\n<li>Stadion: &#8222;Echo Cathedral&#8220; (35.660 Pl\u00e4tze)<\/li>\n<li>Gr\u00f6\u00dfter Vereinserfolg: Klassenerhalt 1813, 1814<\/li>\n<li>Internationale Titel: \/<\/li>\n<li>Trainer: Manfred Gloger (seit. 03.02.1822)<\/li>\n<li>Pr\u00e4sident: Julius Raacke<\/li>\n<\/ul>\n<p>&nbsp;<\/p>\n<p><strong><a href=\"https:\/\/wiesenhausen.de\/wp-content\/uploads\/2025\/08\/VfL-Laubenberg.png\"><img loading=\"lazy\" decoding=\"async\" class=\"alignnone wp-image-27337\" src=\"https:\/\/wiesenhausen.de\/wp-content\/uploads\/2025\/08\/VfL-Laubenberg-300x185.png\" alt=\"\" width=\"159\" height=\"98\" srcset=\"https:\/\/wiesenhausen.de\/wp-content\/uploads\/2025\/08\/VfL-Laubenberg-300x185.png 300w, https:\/\/wiesenhausen.de\/wp-content\/uploads\/2025\/08\/VfL-Laubenberg-768x473.png 768w, https:\/\/wiesenhausen.de\/wp-content\/uploads\/2025\/08\/VfL-Laubenberg.png 820w\" sizes=\"auto, (max-width: 159px) 100vw, 159px\" \/><\/a>VfL Laubenberg:<\/strong><\/p>\n<ul>\n<li>Gr\u00fcndung: 25.11.1711<\/li>\n<li>Stadion: &#8222;Stadion an der Laubenberger H\u00fctte&#8220; (22.450 Pl\u00e4tze)<\/li>\n<li>Gr\u00f6\u00dfter Vereinserfolg: Aufstieg 1825<\/li>\n<li>Internationale Titel: \/<\/li>\n<li>Trainer: Frank Behrends (seit 11.06.1820)<\/li>\n<li>Pr\u00e4sident: Lorenz Laubenbrink<\/li>\n<\/ul>\n<p>&nbsp;<\/p>\n<p><strong><a href=\"https:\/\/wiesenhausen.de\/wp-content\/uploads\/2023\/07\/SV-Suedwiesenhausen.png\"><img loading=\"lazy\" decoding=\"async\" class=\"alignnone wp-image-22935\" src=\"https:\/\/wiesenhausen.de\/wp-content\/uploads\/2023\/07\/SV-Suedwiesenhausen-300x300.png\" alt=\"\" width=\"102\" height=\"102\" srcset=\"https:\/\/wiesenhausen.de\/wp-content\/uploads\/2023\/07\/SV-Suedwiesenhausen-300x300.png 300w, https:\/\/wiesenhausen.de\/wp-content\/uploads\/2023\/07\/SV-Suedwiesenhausen-150x150.png 150w, https:\/\/wiesenhausen.de\/wp-content\/uploads\/2023\/07\/SV-Suedwiesenhausen-768x768.png 768w, https:\/\/wiesenhausen.de\/wp-content\/uploads\/2023\/07\/SV-Suedwiesenhausen.png 892w\" sizes=\"auto, (max-width: 102px) 100vw, 102px\" \/><\/a>SV S\u00fcdwiesenhausen:<\/strong><\/p>\n<ul>\n<li>Gr\u00fcndung: 01.06.1710<\/li>\n<li>Stadion: &#8222;Stadion am Weltpalast&#8220; (26.852 Pl\u00e4tze)<\/li>\n<li>Gr\u00f6\u00dfter Vereinserfolg: Aufstieg 1823, 1825<\/li>\n<li>Internationale Titel: \/<\/li>\n<li>Trainer: Hanspeter Hermelin (seit 14.10.1819)<\/li>\n<li>Pr\u00e4sident: Arnd Mehlinger<\/li>\n<\/ul>\n","protected":false},"excerpt":{"rendered":"<p>VfB Ahornsburg: Gr\u00fcndung: 20.05.1741 Stadion: &#8222;Rohan Water Lane&#8220; (44.600 Pl\u00e4tze) Gr\u00f6\u00dfter Vereinserfolg: Meisterschaft 1814 \/ Pokalsieg 1822 Internationale Titel: Premiere Cup der Pokalsieger 1823 Trainer: Bj\u00f6rn Bremer (seit 03.01.1825) Pr\u00e4sident: Ulrich Zeppenheimer AC Phoenix Wiesenhausen 1708: Gr\u00fcndung: 02.04.1708 Stadion: &#8222;AC-Arena am Skydome&#8220; (75.500 Pl\u00e4tze) Gr\u00f6\u00dfte Vereinserfolge: Meisterschaft 1811, 1812, 1813, 1817, 1818, 1819, 1820, 1823, 1824, 1825 \/ Pokalsieg 1811, 1814, 1815, 1816, 1817, 1818, 1819, 1823, 1824 Internationale Titel: World League 1793 (als FC Rot-Wei\u00df Wiesenhausen), 1822, 1823 \/ Premiere Cup der Ligameister 1824 Trainer: Ingo Igel (seit 01.07.1818) Pr\u00e4sident: Dagobert Duck FC Rubinburgh: Gr\u00fcndung: 19.06.1736 Stadion: &#8222;Precious Stone&#8220; (52.855 Pl\u00e4tze) Gr\u00f6\u00dfter Vereinserfolg: Bronzemeisterschaft 1813, 1814, 1818, 1820 Internationale <a class=\"more-link\" href=\"https:\/\/wiesenhausen.de\/?page_id=549\">Continue Reading \u2192<\/a><\/p>\n","protected":false},"author":1,"featured_media":0,"parent":0,"menu_order":0,"comment_status":"closed","ping_status":"closed","template":"","meta":{"footnotes":""},"class_list":["post-549","page","type-page","status-publish","hentry"],"_links":{"self":[{"href":"https:\/\/wiesenhausen.de\/index.php?rest_route=\/wp\/v2\/pages\/549","targetHints":{"allow":["GET"]}}],"collection":[{"href":"https:\/\/wiesenhausen.de\/index.php?rest_route=\/wp\/v2\/pages"}],"about":[{"href":"https:\/\/wiesenhausen.de\/index.php?rest_route=\/wp\/v2\/types\/page"}],"author":[{"embeddable":true,"href":"https:\/\/wiesenhausen.de\/index.php?rest_route=\/wp\/v2\/users\/1"}],"replies":[{"embeddable":true,"href":"https:\/\/wiesenhausen.de\/index.php?rest_route=%2Fwp%2Fv2%2Fcomments&post=549"}],"version-history":[{"count":69,"href":"https:\/\/wiesenhausen.de\/index.php?rest_route=\/wp\/v2\/pages\/549\/revisions"}],"predecessor-version":[{"id":28262,"href":"https:\/\/wiesenhausen.de\/index.php?rest_route=\/wp\/v2\/pages\/549\/revisions\/28262"}],"wp:attachment":[{"href":"https:\/\/wiesenhausen.de\/index.php?rest_route=%2Fwp%2Fv2%2Fmedia&parent=549"}],"curies":[{"name":"wp","href":"https:\/\/api.w.org\/{rel}","templated":true}]}}