{"id":6371,"date":"2016-11-20T20:48:33","date_gmt":"2016-11-20T20:48:33","guid":{"rendered":"http:\/\/wiesenhausen.de\/?page_id=6371"},"modified":"2025-10-27T19:32:03","modified_gmt":"2025-10-27T19:32:03","slug":"internationale-nachrichten","status":"publish","type":"page","link":"https:\/\/wiesenhausen.de\/?page_id=6371","title":{"rendered":"Internationale Nachrichten"},"content":{"rendered":"<p><strong>Staaten erreichen historischen Durchbruch &#8211; Titanien-Union nimmt Formen an<\/strong><\/p>\n<p>Es war ein langes und z\u00e4hes Ringen, welches sich in diesem Jahr in den diplomatischen Kreisen Titaniens abspielte: Seit Beginn des Jahres trafen sich Au\u00dfenminister, Staatschefs und Angeh\u00f6rige diplomatischer Delegationen regelm\u00e4\u00dfig in unterschiedlichen bi- und trilateralen Gespr\u00e4chen, um die seit Jahren bestehende Idee einer Titanien-Union zu konkretisieren und letztlich greifbarer zu machen. Mit dem nun zu Ende gegangenen Gipfel von insgesamt zehn Staaten in Rubinburgh scheint eine m\u00f6gliche Union auf dem titanischen Kontinent nun n\u00e4her als zuvor.<\/p>\n<p>Doch zun\u00e4chst zur Chronologie dieses turbulenten Jahres: Schon im Januar wurde durch verst\u00e4rkte Kontakte, insbesondere zwischen Meadowhouse, Westparadies und Atlantis deutlich, dass die Idee einer Titanien-Union in 1825 ma\u00dfgeblich vorangebracht werden sollte. Im Februar trafen sich die Staatschefs der drei Nationen, Ezechiel I., Westerholz und Bremersen dann erstmals trilateral, um explizit die M\u00f6glichkeiten und Grenzen einer solchen Union auszuloten. Dabei einigte man sich auch auf den Juni, wo in Rubinburgh eine Konferenz zur Harmonisierung der bestehenden Absichtserkl\u00e4rungen stattfinden sollte. Mit Fortschreiten des Jahres wurde dann im Mai bekannt, dass sich weitere Staaten interessiert daran zeigten, in den Prozess der Errichtung einer Titanien-Union eingebunden zu werden. Nur wenige Wochen vor der eigentlich geplanten Konferenz in Rubinburgh brachte dies den beabsichtigten Zeitplan dann geh\u00f6rig durcheinander. Statt des urspr\u00fcnglich geplanten Treffens in der meadowhousischen Stadt wurde nach langen Beratungen zwischen meadowhousischen, westparadiesischen und atlantischen Diplomaten entschieden, zun\u00e4chst eine Konferenz auf Niveau der Au\u00dfenminister stattfinden zu lassen, um nun im erweiterten Kreis das weitere Vorgehen zu eruieren. So kam es im Juni schlie\u00dflich in Carason zum Treffen von Delegationen aus insgesamt zehn titanischen Staaten plus Angeh\u00f6rigen der Weltregierung, die ebenfalls \u00fcber das weitere Fortschreiten der Titanien-Union informiert werden wollten. F\u00fcr Meadowhouse war neben Au\u00dfenminister Boerenberg (VCS) auch der langj\u00e4hrige Botschafter beim Weltbund und erfahrene Topdiplomat Bratapfel mit dabei, der auch mit der Planung der nun gerade zu Ende gegangenen Konferenz in Rubinburgh betraut wurde. In Carason wurden in langen Verhandlungen dann grunds\u00e4tzliche erste Gemeinsamkeiten ausgelotet und Grenzen der Bereitschaft der Kooperation zwischen den Staaten ebenfalls deutlich gemacht. Am Ende wurde eine gemeinsame Absichtserkl\u00e4rung unterzeichnet, die nicht nur eine weitere Konferenz auf Ebene der Staatschefs im Oktober enthielt, sondern auch den Auftrag an die nationalen Regierungen, potentielle Hemmnisse einer vertieften Kooperation auf ihre Sinnhaftigkeit zu pr\u00fcfen und, wenn m\u00f6glich, abzumildern. In den darauffolgenden Monaten liefen hinter den Kulissen weitere Gespr\u00e4che, die die Konturen einer Titanien-Union, oder zumindest eines Vorl\u00e4ufers, deutlicher machen sollten, ehe nun im Oktober die im Juni schon vereinbarte Konferenz in Rubinburgh stattfand.<\/p>\n<p>Organisiert und geplant von Bert Bratapfel kamen auch hier die Delegationen der zehn titanischen Staaten zusammen, die bereits im Juni getagt hatten, diesmal jedoch jeweils unter Beteiligung der Regierungs- und Staatschefs. F\u00fcr Meadowhouse nahm neben K\u00f6nig Ezechiel I. auch Kanzler Schwalbenschwanz (BdH) teil, ebenso Au\u00dfenminister Boerenberg, und Wirtschaftsminister Voldemort (BdH). Im Kaiserpalais von Rubinburgh nahe der historischen Kathedrale wurde \u00fcber drei Tage hinweg eingehend \u00fcber die M\u00f6glichkeiten diskutiert, eine politische Einigung zu erzielen. Neben den drei ma\u00dfgeblich den Ton angebenden Staaten Meadowhouse, Westparadies und Atlantis anwesend waren auch Delegationen aus Fantasio, Mompracem, Masalia, Whale, Gallertland, Schneckland und Dagobinien sowie Innendromorniss Moleskar und Wirtschaftsdromorniss Fatra. Ein solches Format auf so hoher Ebene gab es zuletzt vor \u00fcber drei\u00dfig Jahren, als \u00fcber die Folgen des Gro\u00dfen Paradiesischen Krieges gesprochen wurde. Dementsprechend gro\u00df waren auch die Erwartungen an den Ausgang der Konferenz, die heute mit einer gemeinsamen Pressekonferenz von Schwalbenschwanz, Westerholz und Bremersen beendet wurde.<\/p>\n<p>Die Ergebnisse, die die drei Regierungschefs pr\u00e4sentierten k\u00f6nnen mit Fug und Recht als historisch bezeichnet werden. So konnten die anwesenden Regierungsvertreter insbesondere in den Bereichen Handelsfreiheit, Personenfreiz\u00fcgigkeit, internationale Strafverfolgung und Kapitalverkehrsfreiheit entscheidende Durchbr\u00fcche erzielen. Reichskanzler Schwalbenschwanz sagte auf der Pressekonferenz: &#8222;Nach den langen und intensiven Verhandlungen haben wir nun Einigungen erzielt, die uns perspektivisch einer Titanien-Union deutlich n\u00e4her bringen. Dies umfasst in allererster Linie die wirtschaftliche Kooperation zwischen den Unterzeichnerstaaten, also den Abbau von Handelshemmnissen, wie etwa Z\u00f6llen und Einfuhrbeschr\u00e4nkungen und eine Erh\u00f6hung des transnationalen Handelsvolumens. Es ist deutlich geworden, dass der verst\u00e4rkte Handel zwischen den heute hier anwesenden Staaten unter dem Strich positiv f\u00fcr alle Unterzeichner sein wird. Als Zieljahr ist dabei 1828 genannt worden, sodass bis dahin alle bisher bestehenden bilateralen Handelsabkommen zu einer gemeinsamen Freihandelszone harmonisiert werden sollen.&#8220; Westparadies&#8216; Pr\u00e4sident Westerholz fuhr fort: &#8222;Dar\u00fcber hinaus haben wir konkrete Einigungen im Bereich der Personenfreiz\u00fcgigkeit erreicht, die den B\u00fcrgern der betreffenden Staaten das Ein- und Ausreisen aus den hier anwesenden L\u00e4ndern in Zukunft deutlich vereinfachen soll. Mit dem Ziel, dies bereits 1827 einzuf\u00fchren, werden die Grenzkontrollen an den Binnengrenzen zwischen den Staaten nach und nach eingestellt, wobei es Ausnahmen gibt, etwa an Flugh\u00e4fen und H\u00e4fen. Damit verkn\u00fcpft wird allerdings auch eine vertiefte Kooperation im Bereich der Strafverfolgung, die sich darin \u00e4u\u00dfern wird, dass es anstatt der einzustellenden Grenzkontrollen kamerabasierte \u00dcberwachungsmechanismen geben wird, die das Ein- oder Ausreisen gesuchter Straft\u00e4ter dokumentieren k\u00f6nnen. Au\u00dferdem soll die Kooperation zwischen den Sicherheitsbeh\u00f6rden und Geheimdiensten der betreffenden Staaten ma\u00dfgeblich ausgebaut und durch die kombinierten Ressourcen damit verbessert werden.&#8220; Atlantis&#8216; Staatschef Bremersen f\u00fchrte weiter aus: &#8222;Der letzte Bereich, in welchem wir eine grunds\u00e4tzliche Einigung erzielen konnten, betrifft den Bereich des Kapitalmarkts. Mit dem Ziel 1827 sollen hier Transaktionen zwischen den Unterzeichnerstaaten keinerlei staatlichen Beschr\u00e4nkungen mehr unterliegen, die Investitionen im privaten Sektor hemmen k\u00f6nnen. Der Erwerb von Eigentum \u00fcber die Staatsgrenzen hinweg, das Investieren in private Unternehmen und auch der Kauf von Unternehmensanleihen unabh\u00e4ngig von der Landesw\u00e4hrung soll damit erm\u00f6glicht werden. Ganz explizit nicht hei\u00dft dies jedoch, dass die jeweiligen nationalen W\u00e4hrungen damit zur Disposition stehen. Vielmehr geht es um eine schnellere und unkompliziertere Anerkennung von Investitionen und Transaktionen in W\u00e4hrungen der Unterzeichnerstaaten untereinander, die der Wirtschaft aller beteiligter L\u00e4nder zugute kommen wird.&#8220;<\/p>\n<p>Nach einer insgesamt einst\u00fcndigen Pressekonferenz, bei denen die drei Regierungschefs auch weitere Fragen zu den anstehenden \u00c4nderungen und der Perspektive der Titanien-Union beantworteten, scheint klar: Die Titanien-Union nimmt langsam aber sicher Formen an und wird sich schon binnen der n\u00e4chsten Jahre vermutlich merklich auf das Leben der B\u00fcrger in den betreffenden Staaten auswirken. Neben den bereits erl\u00e4uterten Themen, bei denen es Einigungen gab, ist nun auch der vorl\u00e4ufige Organisationsrahmen der Union erst einmal klar: Die zehn Unterzeichnerstaaten wollen sich ab 1827 halbj\u00e4hrlich auf der Ebene der Staatschefs treffen, um weitere Schritte zur Errichtung der Titanien-Union zu koordinieren und fortzuf\u00fchren. Eine wie auch immer geartete zentrale Beh\u00f6rde, die die Angelegenheiten der TU regelt, ist damit erst einmal vom Tisch und stie\u00df auch auf Widerstand seitens der anwesenden Delegation aus dem Palaces Monda, aber auch der Standort einer solchen Zentralbeh\u00f6rde war ein strittiges Thema. So verbleibt die zentrale Gewalt zun\u00e4chst in den H\u00e4nden der Nationalstaaten, die mit den heute pr\u00e4sentierten Ma\u00dfnahmen jedoch gewaltige Schritte in Richtung einer Liberalisierung untereinander unternommen haben.<\/p>\n<p>Mit der nun sogar federf\u00fchrenden Teilnahme und Unterzeichnung der Vertr\u00e4ge von Rubinburgh legt Meadowhouse gute f\u00fcnf Jahre nach dem Abschlussbericht der Feldmaus-Kommission und der anschlie\u00dfenden Verfassungs\u00e4nderung, die vertiefte transnationale Kooperationen erschwerte, eine 180-Wende hin. Diese hatte sich in den vergangenen Jahren, insbesondere nach der Amts\u00fcbernahme von K\u00f6nig Ezechiel I. 1822 allerdings bereits angedeutet. Nach einem Gutachten des Meadowhousischen Verfassungsgerichtshofes von Anfang des Jahres, wonach die Verfassungs\u00e4nderung aus dem Herbst 1820 gewisse Dinge zwar strikt verbietet, so etwa die Privatisierung von Infrastruktur, die Abschaffung des Tropals als Landesw\u00e4hrung oder die Schlie\u00dfung von Handelsabkommen entgegen bereits bestehender bilateraler Abkommen, gab es trotzdem gr\u00fcnes Licht des MVH f\u00fcr die Verhandlungen \u00fcber die TU. Grund daf\u00fcr war auch, dass die Fragen der Infrastruktur und der W\u00e4hrung zun\u00e4chst nicht im Zentrum der Beratungen standen und dass die bisher bestehenden bilateralen Abkommen Meadowhouse&#8216; mit umliegenden Staaten im nun vorgesehenen Prozess der Harmonisierung nicht einfach abgeschafft werden, sondern mit den Abkommen anderer Staaten untereinander in Einklang gebracht werden sollen. Der MVH sah dabei die M\u00f6glichkeit der Einflussnahme der Meadowhousischen Regierung auf eine potentielle Freihandelszone als hinreichend gro\u00df an, sodass bereits existierende Bestimmungen auch Eingang in das handelspolitische Grundger\u00fcst einer Titanien-Union finden k\u00f6nnten. Zu erw\u00e4hnen ist dabei auch, dass Meadowhouse dabei nicht der einzige Staat ist, der derartige Bestimmungen ber\u00fccksichtigen muss. Auch L\u00e4nder wie Schneckland, Fantasio oder Whale haben teils strikte Regeln und bestehende Grunds\u00e4tze, die nun in sicherlich langwierigen Prozessen aufeinander abgestimmt werden m\u00fcssen.<\/p>\n<p>Mit der erfolgten Einigung in Rubinburgh ist nun erstmals ein konkreter Zeitplan bekannt, an den sich die Unterzeichnerstaaten und potentiellen ersten Mitglieder einer Titanien-Union halten wollen. Wann die Titanien-Union als solche auch offiziell gegr\u00fcndet werden k\u00f6nnte, ist indes noch unklar und wird vermutlich erst nach Abschluss der in Rubinburgh er\u00f6rterten Prozesse geschehen. Die von K\u00f6nig Ezechiel I. einst formulierte Jahreszahl 1830 erscheint dabei nicht unrealistisch. Ob es dazu kommt, h\u00e4ngt jedoch von einer Vielzahl weiterer Faktoren ab, so etwa den Wahlen in den Unterzeichnerstaaten und der Frage, ob k\u00fcnftige Regierungen ebenso kooperationsfreudig sind wie die heutigen. So wird in 1826 in Atlantis gew\u00e4hlt, wobei Amtsinhaber Bremersens Wiederwahl Stand heute noch ungewiss ist. Eine Abwahl einer treibenden Kraft des potentiellen B\u00fcndnisses w\u00e4re sicherlich ein schwerer Schlag f\u00fcr die Bem\u00fchungen. Dennoch k\u00f6nnte eine einer TU kritischer gegen\u00fcberstehende Regierung die nun in Rubinburgh beschlossenen Vereinbarungen maximal verlangsamen, aber nicht widerrufen. F\u00fcr Meadowhouse l\u00e4sst sich indes festhalten, dass K\u00f6nig Ezechiel I. es geschafft hat, innerhalb weniger Jahre f\u00fchrende Politiker fast aller Parteien, den Gro\u00dfteil der Wirtschaft und der Bev\u00f6lkerung davon zu \u00fcberzeugen, dass die Teilnahme an Gespr\u00e4chen zur Bildung einer Union in Titanien der richtige Weg sei, anstatt strikten Isolationismus zu praktizieren. Nicht zuletzt seinetwegen fand der bisher wohl wichtigste Gipfel auf dem Weg zu einer Titanien-Union in Meadowhouse statt und Meadowhouse kann nun das Rahmenwerk einer solchen Union aus federf\u00fchrender Position mitgestalten, anstatt irgendwann von anderen L\u00e4ndern geschaffene und damit sicherlich nachteiligere Regeln adaptieren zu m\u00fcssen.<\/p>\n","protected":false},"excerpt":{"rendered":"<p>Staaten erreichen historischen Durchbruch &#8211; Titanien-Union nimmt Formen an Es war ein langes und z\u00e4hes Ringen, welches sich in diesem Jahr in den diplomatischen Kreisen Titaniens abspielte: Seit Beginn des Jahres trafen sich Au\u00dfenminister, Staatschefs und Angeh\u00f6rige diplomatischer Delegationen regelm\u00e4\u00dfig in unterschiedlichen bi- und trilateralen Gespr\u00e4chen, um die seit Jahren bestehende Idee einer Titanien-Union zu konkretisieren und letztlich greifbarer zu machen. Mit dem nun zu Ende gegangenen Gipfel von insgesamt zehn Staaten in Rubinburgh scheint eine m\u00f6gliche Union auf dem titanischen Kontinent nun n\u00e4her als zuvor. Doch zun\u00e4chst zur Chronologie dieses turbulenten Jahres: Schon im Januar wurde durch verst\u00e4rkte Kontakte, insbesondere zwischen Meadowhouse, Westparadies und Atlantis deutlich, dass die Idee <a class=\"more-link\" href=\"https:\/\/wiesenhausen.de\/?page_id=6371\">Continue Reading \u2192<\/a><\/p>\n","protected":false},"author":1,"featured_media":0,"parent":0,"menu_order":0,"comment_status":"open","ping_status":"open","template":"","meta":{"footnotes":""},"class_list":["post-6371","page","type-page","status-publish","hentry"],"_links":{"self":[{"href":"https:\/\/wiesenhausen.de\/index.php?rest_route=\/wp\/v2\/pages\/6371","targetHints":{"allow":["GET"]}}],"collection":[{"href":"https:\/\/wiesenhausen.de\/index.php?rest_route=\/wp\/v2\/pages"}],"about":[{"href":"https:\/\/wiesenhausen.de\/index.php?rest_route=\/wp\/v2\/types\/page"}],"author":[{"embeddable":true,"href":"https:\/\/wiesenhausen.de\/index.php?rest_route=\/wp\/v2\/users\/1"}],"replies":[{"embeddable":true,"href":"https:\/\/wiesenhausen.de\/index.php?rest_route=%2Fwp%2Fv2%2Fcomments&post=6371"}],"version-history":[{"count":64,"href":"https:\/\/wiesenhausen.de\/index.php?rest_route=\/wp\/v2\/pages\/6371\/revisions"}],"predecessor-version":[{"id":27792,"href":"https:\/\/wiesenhausen.de\/index.php?rest_route=\/wp\/v2\/pages\/6371\/revisions\/27792"}],"wp:attachment":[{"href":"https:\/\/wiesenhausen.de\/index.php?rest_route=%2Fwp%2Fv2%2Fmedia&parent=6371"}],"curies":[{"name":"wp","href":"https:\/\/api.w.org\/{rel}","templated":true}]}}