{"id":810,"date":"2014-12-30T10:37:45","date_gmt":"2014-12-30T10:37:45","guid":{"rendered":"http:\/\/wiesenhausen.de\/?page_id=810"},"modified":"2024-07-31T19:00:54","modified_gmt":"2024-07-31T19:00:54","slug":"befim-konzerte","status":"publish","type":"page","link":"https:\/\/wiesenhausen.de\/?page_id=810","title":{"rendered":"BEFIM-Konzerte"},"content":{"rendered":"<p>Hier sehen Sie eine \u00dcbersicht der n\u00e4chsten BEFIM-Konzerte. Die Karten k\u00f6nnen entweder unter www.befim.mh bestellt werden oder sind bei regionalen Ticketb\u00f6rsen erh\u00e4ltlich. F\u00fcr die anstehende Tournee 1825 startet der Vorverkauf am 1. Dezember 1824. Wir empfehlen eine z\u00fcgige Reservierung, da die Karten erfahrungsgem\u00e4\u00df schnell verkauft werden. Die Preise entnehmen Sie bitte den einschl\u00e4gigen Portalen.<\/p>\n<p><strong>02.05.1825:\u00a0<\/strong>Burg Eulenstein, Eulenstein<br \/>\n<strong>03.05.1825:\u00a0<\/strong>Burg Eulenstein, Eulenstein<br \/>\n<strong>07.05.1825:\u00a0<\/strong>Sanorma-B\u00fchne, Santo Opalo<br \/>\n<strong>10.05.1825:\u00a0<\/strong>Sanorma-B\u00fchne, Santo Opalo<br \/>\n<strong>14.05.1825:\u00a0<\/strong>Freilichtb\u00fchne Sturmgesang, Kap Sanorma<br \/>\n<strong>19.05.1825:<\/strong> K\u00f6nig-Johannes-Platz, El Grande<br \/>\n<strong>20.05.1825:\u00a0<\/strong>K\u00f6nig-Johannes-Platz, El Grande<\/p>\n<p><strong>03.06.1825:\u00a0<\/strong>Kathedrale von Rubinburgh, Rubinburgh<br \/>\n<strong>04.06.1825:\u00a0<\/strong>Kathedrale von Rubinburgh, Rubinburgh<br \/>\n<strong>05.06.1825:\u00a0<\/strong>Kathedrale von Rubinburgh, Rubinburgh<br \/>\n<strong>11.06.1825:\u00a0<\/strong>Megerwiesen, Saphirento<br \/>\n<strong>17.06.1825:\u00a0<\/strong>Amphitheater Nordstern, Karburg<br \/>\n<strong>26.06.1825:\u00a0<\/strong>Jaldinorweiten, Lohburg<\/p>\n<p><strong>11.07.1825:\u00a0<\/strong>Kolosseum, Wiesenhausen<br \/>\n<strong>12.07.1825:\u00a0<\/strong>Kolosseum, Wiesenhausen<br \/>\n<strong>15.07.1825:\u00a0<\/strong>Echo-Tal, Wiesenhausen<br \/>\n<strong>18.07.1825:\u00a0<\/strong>Landsitz derer von Hirschbach, Hirschbach<br \/>\n<strong>19.07.1825:<\/strong> Landsitz derer von Hirschbach, Hirschbach<\/p>\n<p><strong>-Sommerpause-<\/strong><\/p>\n<p><strong>12.09.1825:\u00a0<\/strong>S\u00fcdhafen, San Laven<br \/>\n<strong>13.09.1825:\u00a0<\/strong>S\u00fcdhafen, San Laven<br \/>\n<strong>16.09.1825: <\/strong>Seeb\u00fchne, Campinas<br \/>\n<strong>20.09.1825:\u00a0<\/strong>Opernhaus, Chaconne<br \/>\n<strong>24.09.1825:\u00a0<\/strong>Alte Oper, M\u00f6vental<\/p>\n<p><strong>05.10.1825:\u00a0<\/strong>Briscius-Halle, Karlsburg am Isen<br \/>\n<strong>06.10.1825:\u00a0<\/strong>Briscius-Halle, Karlsburg am Isen<br \/>\n<strong>17.10.1825:\u00a0<\/strong>Isengoldhalle, Wiesenhausen<br \/>\n<strong>19.10.1825:\u00a0<\/strong>Isengoldhalle, Wiesenhausen<br \/>\n<strong>25.10.1825:\u00a0<\/strong>Schlo\u00df Wiesenhausen, Wiesenhausen<\/p>\n","protected":false},"excerpt":{"rendered":"<p>Hier sehen Sie eine \u00dcbersicht der n\u00e4chsten BEFIM-Konzerte. Die Karten k\u00f6nnen entweder unter www.befim.mh bestellt werden oder sind bei regionalen Ticketb\u00f6rsen erh\u00e4ltlich. F\u00fcr die anstehende Tournee 1825 startet der Vorverkauf am 1. Dezember 1824. Wir empfehlen eine z\u00fcgige Reservierung, da die Karten erfahrungsgem\u00e4\u00df schnell verkauft werden. Die Preise entnehmen Sie bitte den einschl\u00e4gigen Portalen. 02.05.1825:\u00a0Burg Eulenstein, Eulenstein 03.05.1825:\u00a0Burg Eulenstein, Eulenstein 07.05.1825:\u00a0Sanorma-B\u00fchne, Santo Opalo 10.05.1825:\u00a0Sanorma-B\u00fchne, Santo Opalo 14.05.1825:\u00a0Freilichtb\u00fchne Sturmgesang, Kap Sanorma 19.05.1825: K\u00f6nig-Johannes-Platz, El Grande 20.05.1825:\u00a0K\u00f6nig-Johannes-Platz, El Grande 03.06.1825:\u00a0Kathedrale von Rubinburgh, Rubinburgh 04.06.1825:\u00a0Kathedrale von Rubinburgh, Rubinburgh 05.06.1825:\u00a0Kathedrale von Rubinburgh, Rubinburgh 11.06.1825:\u00a0Megerwiesen, Saphirento 17.06.1825:\u00a0Amphitheater Nordstern, Karburg 26.06.1825:\u00a0Jaldinorweiten, Lohburg 11.07.1825:\u00a0Kolosseum, Wiesenhausen 12.07.1825:\u00a0Kolosseum, Wiesenhausen 15.07.1825:\u00a0Echo-Tal, Wiesenhausen 18.07.1825:\u00a0Landsitz derer von Hirschbach, Hirschbach 19.07.1825: Landsitz derer <a class=\"more-link\" href=\"https:\/\/wiesenhausen.de\/?page_id=810\">Continue Reading \u2192<\/a><\/p>\n","protected":false},"author":1,"featured_media":0,"parent":0,"menu_order":0,"comment_status":"open","ping_status":"open","template":"","meta":{"footnotes":""},"class_list":["post-810","page","type-page","status-publish","hentry"],"_links":{"self":[{"href":"https:\/\/wiesenhausen.de\/index.php?rest_route=\/wp\/v2\/pages\/810","targetHints":{"allow":["GET"]}}],"collection":[{"href":"https:\/\/wiesenhausen.de\/index.php?rest_route=\/wp\/v2\/pages"}],"about":[{"href":"https:\/\/wiesenhausen.de\/index.php?rest_route=\/wp\/v2\/types\/page"}],"author":[{"embeddable":true,"href":"https:\/\/wiesenhausen.de\/index.php?rest_route=\/wp\/v2\/users\/1"}],"replies":[{"embeddable":true,"href":"https:\/\/wiesenhausen.de\/index.php?rest_route=%2Fwp%2Fv2%2Fcomments&post=810"}],"version-history":[{"count":16,"href":"https:\/\/wiesenhausen.de\/index.php?rest_route=\/wp\/v2\/pages\/810\/revisions"}],"predecessor-version":[{"id":25248,"href":"https:\/\/wiesenhausen.de\/index.php?rest_route=\/wp\/v2\/pages\/810\/revisions\/25248"}],"wp:attachment":[{"href":"https:\/\/wiesenhausen.de\/index.php?rest_route=%2Fwp%2Fv2%2Fmedia&parent=810"}],"curies":[{"name":"wp","href":"https:\/\/api.w.org\/{rel}","templated":true}]}}