{"id":812,"date":"2014-12-30T10:44:44","date_gmt":"2014-12-30T10:44:44","guid":{"rendered":"http:\/\/wiesenhausen.de\/?page_id=812"},"modified":"2021-11-16T14:51:17","modified_gmt":"2021-11-16T14:51:17","slug":"spo-konzerte","status":"publish","type":"page","link":"https:\/\/wiesenhausen.de\/?page_id=812","title":{"rendered":"SPO-Konzerte"},"content":{"rendered":"<p>Hier sehen Sie eine \u00dcbersicht der n\u00e4chsten SPO-Konzerte:<\/p>\n<p>Tickets k\u00f6nnen \u00fcber <em>mittelland-in-meadowhouse.mh<\/em> oder \u00fcber <em>spo.mh<\/em> bestellt werden.<\/p>\n<p><strong>1821:<\/strong><\/p>\n<p>alle Konzerte beendet<\/p>\n<p>+++weitere Konzerte sind f\u00fcr 1822 geplant, diese werden zu gegebener Zeit hier angezeigt+++<\/p>\n","protected":false},"excerpt":{"rendered":"<p>Hier sehen Sie eine \u00dcbersicht der n\u00e4chsten SPO-Konzerte: Tickets k\u00f6nnen \u00fcber mittelland-in-meadowhouse.mh oder \u00fcber spo.mh bestellt werden. 1821: alle Konzerte beendet +++weitere Konzerte sind f\u00fcr 1822 geplant, diese werden zu gegebener Zeit hier angezeigt+++<\/p>\n","protected":false},"author":1,"featured_media":0,"parent":0,"menu_order":0,"comment_status":"open","ping_status":"open","template":"","meta":{"footnotes":""},"class_list":["post-812","page","type-page","status-publish","hentry"],"_links":{"self":[{"href":"https:\/\/wiesenhausen.de\/index.php?rest_route=\/wp\/v2\/pages\/812","targetHints":{"allow":["GET"]}}],"collection":[{"href":"https:\/\/wiesenhausen.de\/index.php?rest_route=\/wp\/v2\/pages"}],"about":[{"href":"https:\/\/wiesenhausen.de\/index.php?rest_route=\/wp\/v2\/types\/page"}],"author":[{"embeddable":true,"href":"https:\/\/wiesenhausen.de\/index.php?rest_route=\/wp\/v2\/users\/1"}],"replies":[{"embeddable":true,"href":"https:\/\/wiesenhausen.de\/index.php?rest_route=%2Fwp%2Fv2%2Fcomments&post=812"}],"version-history":[{"count":13,"href":"https:\/\/wiesenhausen.de\/index.php?rest_route=\/wp\/v2\/pages\/812\/revisions"}],"predecessor-version":[{"id":19514,"href":"https:\/\/wiesenhausen.de\/index.php?rest_route=\/wp\/v2\/pages\/812\/revisions\/19514"}],"wp:attachment":[{"href":"https:\/\/wiesenhausen.de\/index.php?rest_route=%2Fwp%2Fv2%2Fmedia&parent=812"}],"curies":[{"name":"wp","href":"https:\/\/api.w.org\/{rel}","templated":true}]}}