{"id":82,"date":"2014-01-18T18:20:03","date_gmt":"2014-01-18T18:20:03","guid":{"rendered":"http:\/\/192.168.2.101\/wordpress\/?page_id=82"},"modified":"2016-11-20T20:51:49","modified_gmt":"2016-11-20T20:51:49","slug":"die-liebe-welt","status":"publish","type":"page","link":"https:\/\/wiesenhausen.de\/?page_id=82","title":{"rendered":"Die Liebe Welt"},"content":{"rendered":"<h1>Die Liebe Welt<\/h1>\n<p>Die Liebe Welt ist die Welt, in der Wiesenhausen sich befindet; sie ist so gro\u00df wie der Saturn, und beherbergt \u00fcber\u00a0350 Milliarden Menschen. Auf der Lieben Welt gibt es ca.\u00a0100 gr\u00f6\u00dfere und kleinere L\u00e4nder, die Bekanntesten sind; mit insgesamt ca.\u00a0125 Milliarden Einwohnern:<\/p>\n<ul>\n<li>Paradies (mit ca. 20 Milliarden Einwohnern das Land mit den meisten Einwohnern)<\/li>\n<li>Klondyk (das gr\u00f6\u00dfte Land der Lieben Welt; ca. 16 Milliarden Einwohner)<\/li>\n<li>Atlantis (Rieseninsel zwischen Paradies und Klondyk; 18 Milliarden Einwohner)<\/li>\n<li>Django (W\u00fcstenland mit ca.\u00a07 Milliarden Einwohnern)<\/li>\n<li>Avasjanrav (Urwaldinsel, ca.\u00a06 Milliarden Einwohner)<\/li>\n<li>Mittelland (f\u00fchrende Industriemacht; ca. 16 Milliarden Einwohner)<\/li>\n<li>Gartenparadies (Land nordwestlich von Paradies;\u00a04 Milliarden Einwohner)<\/li>\n<li>Drachonien (ein von gr\u00f6\u00dftenteils\u00a0Drachen bev\u00f6lkertes Land;\u00a03 Milliarden Einwohner)<\/li>\n<li>Schneckland (Heimat\u00a0vieler Schnecken; heute aber auch von Menschen bev\u00f6lkert; ca.\u00a08 Milliarden Einwohner)<\/li>\n<li>Gr\u00fcnland (wie der Name schon sagt, ein gr\u00fcnes Land zwischen Paradies,\u00a0Westparadies, Schneckland und Drachonien mit ca.\u00a06 Milliarden Einwohnern)<\/li>\n<li>De Litland (Land hinter Klondyk; Heimat des Sportes <a href=\"http:\/\/www.wiesenhausen.de\/?Sport\"><span style=\"text-decoration: underline;\"><span style=\"color: #0066cc;\">Buddhy-Ball<\/span><\/span><\/a>; ca.\u00a010 Milliarden Einwohner)<\/li>\n<li>Mailodis (liegt n\u00f6rdlich von De Litland, ca. 11 Milliarden Einwohner)<\/li>\n<\/ul>\n<p>Jetzt kommen die gr\u00f6\u00dften und bekannstesten Ozeane der Lieben Welt:<\/p>\n<ul>\n<li>Panthalassa-Ozean (gr\u00f6\u00dfter Ozean der Lieben Welt, mit einer Oberfl\u00e4chengr\u00f6\u00dfe des Merkurs)<\/li>\n<li>Titanischer Ozean (Ozean zwischen Paradies und Klondyk, grenzt auch an Atlantis, sowie an die s\u00fcdlicher gelegenen Inselgruppen)<\/li>\n<li>Atcanischer Ozean (dieser Ozean umgibt ganz Mittelland und Avasjanrav)<\/li>\n<li>Sprudelmeer (Meer bei Mailodis, es hei\u00dft Sprudelmeer, weil dort \u00fcberall gr\u00f6\u00dfere und kleinere Fontainen aus dem Wasser schie\u00dfen; wenn man dort mit dem Schiff f\u00e4hrt, wird man von den Fontainen st\u00e4ndig rauf und runter getragen)<\/li>\n<\/ul>\n<p>Die gr\u00f6\u00dften und bekannstesten St\u00e4dte der Lieben Welt sind:<\/p>\n<ul>\n<li>Wiesenhausen (Hauptstadt des Jungstaates Meadowhouse)<\/li>\n<li>Polsingerschersch (hie\u00df urspr\u00fcnglich Polsing an der Schersch, wurde sp\u00e4ter dann aber nur noch Polsingerschersch genannt; sie ist die Hauptstadt von Paradies)<\/li>\n<li>Carason (dort befindet sich das gro\u00dfe Kolosseum; ehemals war sie die Hauptstadt von Atlantis, heute ist es Ranjos)<\/li>\n<li><a href=\"http:\/\/www.wiesenhausen.de\/?Kultur_%26amp%3B_Besonderheiten:Kabarett_in_Wiesenhausen\"><span style=\"text-decoration: underline;\"><span style=\"color: #0066cc;\">Salenavo<\/span><\/span><\/a> (Hauptstadt von Klondyk; wurde vor ca. 30 Jahren zur Hauptstadt gemacht, weil die damalige Hauptstadt Sacramento finanzielle Probleme plagten)<\/li>\n<li><a href=\"http:\/\/www.wiesenhausen.de\/?Kultur_%26amp%3B_Besonderheiten:Kabarett_in_Wiesenhausen\"><span style=\"text-decoration: underline;\"><span style=\"color: #0066cc;\">Sichtburgh<\/span><\/span><\/a> (Hauptstadt von Mittelland; gr\u00f6\u00dfere Industriestadt)<\/li>\n<li><a href=\"http:\/\/www.wiesenhausen.de\/?Tourismus:Ortsbeschreibung\"><span style=\"text-decoration: underline;\"><span style=\"color: #0066cc;\">Gr\u00fcningen<\/span><\/span><\/a> (Hauptstadt von Gr\u00fcnland seit der Gr\u00fcndung des Landes)<\/li>\n<li>Schneckdies (Riesenmetropole\u00a0an der Grenze von Paradies zu\u00a0Schneckland; allerdings nicht die Hauptstadt; das ist Schnecklich)<\/li>\n<\/ul>\n<p><span style=\"text-decoration: underline;\">F\u00fcr weitere Informationen:<\/span><\/p>\n<p>Auf der Seite &#8222;Internationale Nachrichten&#8220; werden die Nachrichten, die nicht den Staat Meadowhouse betreffen, ver\u00f6ffentlicht. Diese k\u00f6nnen aus den unterschiedlichsten Bereichen kommen, so zum Beispiel aus den Bereichen Politik, Wirtschaft, Kultur oder \u00e4hnlichem. Besonders die Politik des Palaces Monda, internationale oder interuniverselle Geschehnisse aus dem Welt- oder dem Weltenbund und Krisen oder Wahlen in anderen Staaten stehen dort im Fokus.<\/p>\n","protected":false},"excerpt":{"rendered":"<p>Die Liebe Welt Die Liebe Welt ist die Welt, in der Wiesenhausen sich befindet; sie ist so gro\u00df wie der Saturn, und beherbergt \u00fcber\u00a0350 Milliarden Menschen. Auf der Lieben Welt gibt es ca.\u00a0100 gr\u00f6\u00dfere und kleinere L\u00e4nder, die Bekanntesten sind; mit insgesamt ca.\u00a0125 Milliarden Einwohnern: Paradies (mit ca. 20 Milliarden Einwohnern das Land mit den meisten Einwohnern) Klondyk (das gr\u00f6\u00dfte Land der Lieben Welt; ca. 16 Milliarden Einwohner) Atlantis (Rieseninsel zwischen Paradies und Klondyk; 18 Milliarden Einwohner) Django (W\u00fcstenland mit ca.\u00a07 Milliarden Einwohnern) Avasjanrav (Urwaldinsel, ca.\u00a06 Milliarden Einwohner) Mittelland (f\u00fchrende Industriemacht; ca. 16 Milliarden Einwohner) Gartenparadies (Land nordwestlich von Paradies;\u00a04 Milliarden Einwohner) Drachonien (ein von gr\u00f6\u00dftenteils\u00a0Drachen bev\u00f6lkertes Land;\u00a03 Milliarden Einwohner) <a class=\"more-link\" href=\"https:\/\/wiesenhausen.de\/?page_id=82\">Continue Reading \u2192<\/a><\/p>\n","protected":false},"author":1,"featured_media":0,"parent":0,"menu_order":0,"comment_status":"closed","ping_status":"closed","template":"","meta":{"footnotes":""},"class_list":["post-82","page","type-page","status-publish","hentry"],"_links":{"self":[{"href":"https:\/\/wiesenhausen.de\/index.php?rest_route=\/wp\/v2\/pages\/82","targetHints":{"allow":["GET"]}}],"collection":[{"href":"https:\/\/wiesenhausen.de\/index.php?rest_route=\/wp\/v2\/pages"}],"about":[{"href":"https:\/\/wiesenhausen.de\/index.php?rest_route=\/wp\/v2\/types\/page"}],"author":[{"embeddable":true,"href":"https:\/\/wiesenhausen.de\/index.php?rest_route=\/wp\/v2\/users\/1"}],"replies":[{"embeddable":true,"href":"https:\/\/wiesenhausen.de\/index.php?rest_route=%2Fwp%2Fv2%2Fcomments&post=82"}],"version-history":[{"count":2,"href":"https:\/\/wiesenhausen.de\/index.php?rest_route=\/wp\/v2\/pages\/82\/revisions"}],"predecessor-version":[{"id":6375,"href":"https:\/\/wiesenhausen.de\/index.php?rest_route=\/wp\/v2\/pages\/82\/revisions\/6375"}],"wp:attachment":[{"href":"https:\/\/wiesenhausen.de\/index.php?rest_route=%2Fwp%2Fv2%2Fmedia&parent=82"}],"curies":[{"name":"wp","href":"https:\/\/api.w.org\/{rel}","templated":true}]}}