{"id":9010,"date":"2017-12-11T21:46:03","date_gmt":"2017-12-11T21:46:03","guid":{"rendered":"http:\/\/wiesenhausen.de\/?page_id=9010"},"modified":"2026-01-02T22:58:33","modified_gmt":"2026-01-02T22:58:33","slug":"carl-mcgard-darts-weltmeisterschaft-1818","status":"publish","type":"page","link":"https:\/\/wiesenhausen.de\/?page_id=9010","title":{"rendered":"Carl McGard Darts Weltmeisterschaft 1826"},"content":{"rendered":"<p>Die Carl McGard Darts Weltmeisterschaft findet j\u00e4hrlich in der ber\u00fchmten Sichtburgher Glasburg statt. Benannt nach dem Erfinder des Darts auf der Lieben Welt, dem Miwaner Carl McGard (1599 &#8211; 1672) wird sie vom PDV (Professioneller Darts-Verband) ist sie im Laufe der Jahrzehnte zu einem der gr\u00f6\u00dften Sportereignisse des Jahres geworden. Nach der Gr\u00fcndung des PDV im Jahre 1786 wurde die Carl McGard WM geschaffen und ist seitdem das wichtigste internationale Darts-Turnier der Welt. Das ganze Jahr \u00fcber qualifizieren sich die Teilnehmer f\u00fcr das Turnier, die besten 32 der Weltrangliste sind jedoch gesetzt. Insgesamt gibt es 64 Teilnehmer, die im K.o.-Modus den Sieger ermitteln. Die absolute Legende des Darts ist der Mittell\u00e4nder Viktor Washa, der mit ganzen 17 Titeln den Rekord unangefochten h\u00e4lt. Die WM findet immer im Dezember statt und endet an einen der ersten Januartage nach Neujahr. Gespielt wird im Best-of-Modus, die einzelnen S\u00e4tze werden &#8222;Sets&#8220; genannt. Drei gewonnene &#8222;Legs&#8220;, also die Runden innerhalb eines Sets, bedeuten ein gewonnenes Set. Ein Leg gewinnt der, der als erstes genau 501 Punkte wirft. Der letzte Wurf eines Legs muss \u00fcber ein Doppelfeld abgeschlossen werden. Beim Stand von Unentschieden nach Sets und gleichzeitigem 2:2 nach Legs jedoch greift der &#8222;Zwei-Klare-Modus&#8220;, welcher vorschreibt, dass ein Spieler zwei Legs Vorsprung braucht, um das Set f\u00fcr sich zu entscheiden. Gelingt dies keinem Spieler, greift beim Spielstand von 5:5 das sogenannte &#8222;Sudden-Death-Leg&#8220;. In der ersten Runde wird im &#8222;Best of 5-Modus&#8220; gespielt, dies steigert sich bis zum &#8222;Best of 13-Modus&#8220; im Finale. Das legend\u00e4rste Finale aller Zeiten fand 1806 statt, als Viktor Washa und der Drachonier Erik van Feurveld sich bis ins letzte Set duellierten, van Feurveld siegte durch ein Sudden-Death-Leg nach \u00fcber 3 Stunden. Aktueller Weltmeister ist Matt Goldman, er besiegte im letzten Finale Magnus Bj\u00f6rn Kamper mit 7:5 und kr\u00f6nte sich damit erstmals zum Weltmeister.<\/p>\n<p><strong>Finale (02.01.1826)<\/strong><\/p>\n<p><strong>02.01.\u00a0 \u00a0Richard Paterson (5) &#8211; Cristian Santiago (23)\u00a0 \u00a0 \u00a0 \u00a0 \u00a0 \u00a0 \u00a0 \u00a0 \u00a0 \u00a0 \u00a07:2<br \/>\n<\/strong><em>2:3\u00a0 3:1\u00a0 2:3\u00a0 3:1\u00a0 3:1\u00a0 3:2\u00a0 3:1\u00a0 3:1\u00a0 3:2<\/em><br \/>\n<em>103,02 : 99,18<\/em><\/p>\n<p>&nbsp;<\/p>\n<p><strong>Halbfinale (01.01.1826)<\/strong><\/p>\n<p><strong>01.01.\u00a0 \u00a0Matt Goldman (1) &#8211; Richard Paterson (5)\u00a0 \u00a0 \u00a0 \u00a0 \u00a0 \u00a0 \u00a0 \u00a0 \u00a0 \u00a0 \u00a0 \u00a0 \u00a0 \u00a0 \u00a0 2:6<br \/>\n<\/strong><em>1:3\u00a0 2:3\u00a0 2:3\u00a0 2:3\u00a0 3:2\u00a0 0:3\u00a0 3:1\u00a0 2:3<\/em><br \/>\n<em>97,26 : 102,32<\/em><\/p>\n<p><strong>01.01.\u00a0 \u00a0Cristian Santiago (23) &#8211; Gjorgi Tacholo (22)\u00a0 \u00a0 \u00a0 \u00a0 \u00a0 \u00a0 \u00a0 \u00a0 \u00a0 \u00a0 \u00a0 \u00a0 \u00a06:3<br \/>\n<\/strong><em>2:3\u00a0 3:0\u00a0 2:3\u00a0 3:2\u00a0 3:0\u00a0 0:3\u00a0 3:2\u00a0 3:2\u00a0 3:2<\/em><br \/>\n<em>100,72 : 96,61<\/em><\/p>\n<p>&nbsp;<\/p>\n<p><strong>Viertelfinale (29.\/30.12.1825)<\/strong><\/p>\n<p><strong>29.12.\u00a0 \u00a0Matt Goldman (1) &#8211; Magnus Bj\u00f6rn Kamper (8)\u00a0 \u00a0 \u00a0 \u00a0 \u00a0 \u00a0 \u00a0 \u00a0 \u00a0 \u00a0 \u00a0 \u00a05:3<br \/>\n<\/strong><em>0:3\u00a0 3:2\u00a0 3:2\u00a0 3:1\u00a0 1:3\u00a0 2:3\u00a0 3:1\u00a0 3:2<\/em><br \/>\n<em>104,56 : 101,08<\/em><\/p>\n<p><strong>29.12.\u00a0 \u00a0Eric Martolod (4) &#8211; Richard Paterson (5)\u00a0 \u00a0 \u00a0 \u00a0 \u00a0 \u00a0 \u00a0 \u00a0 \u00a0 \u00a0 \u00a0 \u00a0 \u00a0 \u00a0 \u00a0 \u00a0 2:5<br \/>\n<\/strong><em>0:3\u00a0 1:3\u00a0 1:3\u00a0 1:3\u00a0 3:1\u00a0 3:2\u00a0 2:3<\/em><br \/>\n<em>96,33 : 106,97<\/em><\/p>\n<p><strong>30.12.\u00a0 \u00a0Mensur Frankovic (15) &#8211; Cristian Santiago (23)\u00a0 \u00a0 \u00a0 \u00a0 \u00a0 \u00a0 \u00a0 \u00a0 \u00a0 \u00a0 0:5<br \/>\n<\/strong><em>1:3\u00a0 1:3\u00a0 0:3\u00a0 2:3\u00a0 0:3<\/em><br \/>\n<em>90,75 : 100,23<\/em><\/p>\n<p><strong>30.12.\u00a0 \u00a0Adrian Lovchek (14) &#8211; Gjorgi Tacholo (22)\u00a0 \u00a0 \u00a0 \u00a0 \u00a0 \u00a0 \u00a0 \u00a0 \u00a0 \u00a0 \u00a0 \u00a0 \u00a0 \u00a01:5<br \/>\n<\/strong><em>2:3\u00a0 2:3\u00a0 3:1\u00a0 2:3\u00a0 0:3\u00a0 1:3<\/em><br \/>\n<em>95,25 : 99,71<\/em><\/p>\n<p>&nbsp;<\/p>\n<p><strong>Achtelfinale (22.-28.12.1825)<\/strong><\/p>\n<p><strong>22.12.\u00a0 \u00a0Matt Goldman (1) &#8211; Mark Toulvac (17)\u00a0 \u00a0 \u00a0 \u00a0 \u00a0 \u00a0 \u00a0 \u00a0 \u00a0 \u00a0 \u00a0 \u00a0 \u00a0 \u00a0 \u00a0 \u00a0 \u00a0 \u00a0 \u00a0 4:3<br \/>\n<\/strong><em>2:3\u00a0 3:0\u00a0 2:3\u00a0 3:1\u00a0 3:2\u00a0 1:3\u00a0 3:1<\/em><br \/>\n<em>96,67 : 95,07<\/em><\/p>\n<p><strong>22.12.\u00a0 \u00a0Magnus Bj\u00f6rn Kamper (8) &#8211; Velka Swayk (9)\u00a0 \u00a0 \u00a0 \u00a0 \u00a0 \u00a0 \u00a0 \u00a0 \u00a0 \u00a0 \u00a0 \u00a0 \u00a0 4:3<br \/>\n<\/strong><em>3:2\u00a0 0:3\u00a0 2:3\u00a0 2:3\u00a0 3:2\u00a0 3:0\u00a0 3:1<\/em><br \/>\n<em>98,81 : 100,20<\/em><\/p>\n<p>&nbsp;<\/p>\n<p><strong>23.12.\u00a0 \u00a0Eric Martolod (4) &#8211; Piotr Ilpa (20)\u00a0 \u00a0 \u00a0 \u00a0 \u00a0 \u00a0 \u00a0 \u00a0 \u00a0 \u00a0 \u00a0 \u00a0 \u00a0 \u00a0 \u00a0 \u00a0 \u00a0 \u00a0 \u00a0 \u00a0 \u00a0 \u00a0 \u00a04:1<br \/>\n<\/strong><em>3:1\u00a0 3:0\u00a0 2:3\u00a0 3:2\u00a0 3:0<\/em><br \/>\n<em>102,37 : 93,03<\/em><\/p>\n<p><strong>23.12.\u00a0 \u00a0Richard Paterson (5) &#8211; Goran Wassily (12)\u00a0 \u00a0 \u00a0 \u00a0 \u00a0 \u00a0 \u00a0 \u00a0 \u00a0 \u00a0 \u00a0 \u00a0 \u00a0 \u00a0 \u00a04:1<br \/>\n<\/strong><em>0:3\u00a0 3:1\u00a0 3:2\u00a0 3:0\u00a0 3:1<\/em><br \/>\n<em>104,92 : 95,86<\/em><\/p>\n<p>&nbsp;<\/p>\n<p><strong>27.12.\u00a0 \u00a0Richard Gonzalez (2) &#8211; Mensur Frankovic (15)\u00a0 \u00a0 \u00a0 \u00a0 \u00a0 \u00a0 \u00a0 \u00a0 \u00a0 \u00a0 \u00a0 3:4<br \/>\n<\/strong><em>3:0\u00a0 1:3\u00a0 3:0\u00a0 0:3\u00a0 0:3\u00a0 3:0\u00a0 0:3<\/em><br \/>\n<em>97,13 : 95,54<\/em><\/p>\n<p><strong>27.12.\u00a0 \u00a0Stevan Koltora (7) &#8211; Cristian Santiago (23)\u00a0 \u00a0 \u00a0 \u00a0 \u00a0 \u00a0 \u00a0 \u00a0 \u00a0 \u00a0 \u00a0 \u00a0 \u00a0 \u00a0 2:4<br \/>\n<\/strong><em>3:2\u00a0 3:2\u00a0 2:3\u00a0 2:3\u00a0 0:3\u00a0 1:3<\/em><br \/>\n<em>95,84 : 97,81<\/em><\/p>\n<p>&nbsp;<\/p>\n<p><strong>28.12.\u00a0 \u00a0Jonas Birkener (30) &#8211; Adrian Lovchek (14)\u00a0 \u00a0 \u00a0 \u00a0 \u00a0 \u00a0 \u00a0 \u00a0 \u00a0 \u00a0 \u00a0 \u00a0 \u00a0 \u00a03:4<br \/>\n<\/strong><em>3:0\u00a0 3:2\u00a0 2:3\u00a0 2:3\u00a0 1:3\u00a0 3:2\u00a0 1:3<\/em><br \/>\n<em>94,38 : 100,07<\/em><\/p>\n<p><strong>28.12.\u00a0 \u00a0Bastian Rogerthal &#8211; Gjorgi Tacholo (22)\u00a0 \u00a0 \u00a0 \u00a0 \u00a0 \u00a0 \u00a0 \u00a0 \u00a0 \u00a0 \u00a0 \u00a0 \u00a0 \u00a0 \u00a0 \u00a03:4<br \/>\n<\/strong><em>3:2\u00a0 1:3\u00a0 1:3\u00a0 1:3\u00a0 3:1\u00a0 3:1\u00a0 5:6 (Sudden Death)<\/em><br \/>\n<em>91,89 : 95,65<\/em><\/p>\n<p>&nbsp;<\/p>\n<p><strong>2. Runde (19.-21.12.1825)\u00a0<\/strong><\/p>\n<p><strong>19.12.\u00a0 \u00a0Matt Goldman (1) &#8211; Lucas Aurelio (32)\u00a0 \u00a0 \u00a0 \u00a0 \u00a0 \u00a0 \u00a0 \u00a0 \u00a0 \u00a0 \u00a0 \u00a0 \u00a0 \u00a0 \u00a0 \u00a0 \u00a0 \u00a0 \u00a0 4:1<br \/>\n<\/strong><em>3:2\u00a0 3:2\u00a0 1:3\u00a0 3:0\u00a0 3:1<\/em><br \/>\n<em>100,06 : 97,92<\/em><strong><br \/>\n<\/strong><\/p>\n<p><strong>19.12.\u00a0 \u00a0John Culane (16) &#8211; Mark Toulvac (17)\u00a0 \u00a0 \u00a0 \u00a0 \u00a0 \u00a0 \u00a0 \u00a0 \u00a0 \u00a0 \u00a0 \u00a0 \u00a0 \u00a0 \u00a0 \u00a0 \u00a0 \u00a0 \u00a0 3:4<br \/>\n<\/strong><em>3:2\u00a0 3:1\u00a0 2:3\u00a0 3:1\u00a0 1:3\u00a0 0:3\u00a0 1:3<\/em><br \/>\n<em>95,47 : 96,75<\/em><\/p>\n<p><strong>19.12.\u00a0 \u00a0Magnus Bj\u00f6rn Kamper (8) &#8211; Kilian Kombark (25)\u00a0 \u00a0 \u00a0 \u00a0 \u00a0 \u00a0 \u00a0 \u00a0 \u00a0 \u00a04:3<br \/>\n<\/strong><em>2:3\u00a0 2:3\u00a0 2:3\u00a0 3:1\u00a0 3:2\u00a0 3:1\u00a0 6:4 (2-Clear)<\/em><br \/>\n<em>97,14 : 98,22<\/em><\/p>\n<p>&nbsp;<\/p>\n<p><strong>19.12.\u00a0 \u00a0Velka Swayk (9) &#8211; Peter Sworder (24)\u00a0 \u00a0 \u00a0 \u00a0 \u00a0 \u00a0 \u00a0 \u00a0 \u00a0 \u00a0 \u00a0 \u00a0 \u00a0 \u00a0 \u00a0 \u00a0 \u00a0 \u00a0 \u00a04:1<br \/>\n<\/strong><em>3:1\u00a0 2:3\u00a0 3:2\u00a0 3:2\u00a0 3:1<\/em><br \/>\n<em>94,36 : 91,58<\/em><\/p>\n<p><strong>19.12.\u00a0 \u00a0Eric Martolod (4) &#8211; Frederik Flughorn\u00a0 \u00a0 \u00a0 \u00a0 \u00a0 \u00a0 \u00a0 \u00a0 \u00a0 \u00a0 \u00a0 \u00a0 \u00a0 \u00a0 \u00a0 \u00a0 \u00a0 \u00a04:2<br \/>\n<\/strong><em>1:3\u00a0 3:2\u00a0 3:2\u00a0 3:2\u00a0 2:3\u00a0 3:0<\/em><br \/>\n<em>96,89 : 93,87<\/em><\/p>\n<p><strong>19.12.\u00a0 \u00a0Ramon Szibiszko (13) &#8211; Piotr Ilpa (20)\u00a0 \u00a0 \u00a0 \u00a0 \u00a0 \u00a0 \u00a0 \u00a0 \u00a0 \u00a0 \u00a0 \u00a0 \u00a0 \u00a0 \u00a0 \u00a0 \u00a0 2:4<br \/>\n<\/strong><em>0:3\u00a0 0:3\u00a0 1:3\u00a0 3:1\u00a0 3:1\u00a0 0:3<\/em><br \/>\n<em>86,24 : 92,68<\/em><\/p>\n<p>&nbsp;<\/p>\n<p><strong>20.12.\u00a0 \u00a0Richard Paterson (5) &#8211; Ravan Lessgorka (28)\u00a0 \u00a0 \u00a0 \u00a0 \u00a0 \u00a0 \u00a0 \u00a0 \u00a0 \u00a0 \u00a04:1<br \/>\n<\/strong><em>2:3\u00a0 3:1\u00a0 3:1\u00a0 3:1\u00a0 3:2<\/em><br \/>\n<em>101,29 : 90,87<\/em><\/p>\n<p><strong>20.12.\u00a0 \u00a0Goran Wassily (12) &#8211; David Geshny (21)\u00a0 \u00a0 \u00a0 \u00a0 \u00a0 \u00a0 \u00a0 \u00a0 \u00a0 \u00a0 \u00a0 \u00a0 \u00a0 \u00a0 \u00a04:1<br \/>\n<\/strong><em>3:1\u00a0 3:1\u00a0 2:3\u00a0 3:0\u00a0 3:1<\/em><br \/>\n<em>96,39 : 84,80<\/em><\/p>\n<p><strong>20.12.\u00a0 \u00a0Richard Gonzalez (2) &#8211; Ron van Drachenberghe (31)\u00a0 \u00a0 \u00a0 \u00a0 4:3<br \/>\n<\/strong><em>2:3\u00a0 2:3\u00a0 3:1\u00a0 3:1\u00a0 3:2\u00a0 0:3\u00a0 5:3 (2-Clear)<\/em><br \/>\n<em>97,00 : 95,58<\/em><\/p>\n<p>&nbsp;<\/p>\n<p><strong>21.12.\u00a0 \u00a0Mensur Frankovic (15) &#8211; Andres Ersgo (18)\u00a0 \u00a0 \u00a0 \u00a0 \u00a0 \u00a0 \u00a0 \u00a0 \u00a0 \u00a0 \u00a0 4:3<br \/>\n<\/strong><em>3:1\u00a0 1:3\u00a0 3:1\u00a0 2:3\u00a0 3:1\u00a0 2:3\u00a0 3:1<\/em><br \/>\n<em>99,36 : 93,52<\/em><\/p>\n<p><strong>21.12.\u00a0 \u00a0Stevan Koltora (7) &#8211; Petr Romaniev (26)\u00a0 \u00a0 \u00a0 \u00a0 \u00a0 \u00a0 \u00a0 \u00a0 \u00a0 \u00a0 \u00a0 \u00a0 \u00a0 \u00a04:2<br \/>\n<\/strong><em>2:3\u00a0 3:1\u00a0 3:1\u00a0 3:2\u00a0 2:3\u00a0 3:0<\/em><br \/>\n<em>94,41 : 90,98\u00a0\u00a0<\/em><\/p>\n<p><strong>21.12.\u00a0 \u00a0Nico Olodehm &#8211; Cristian Santiago (23)\u00a0 \u00a0 \u00a0 \u00a0 \u00a0 \u00a0 \u00a0 \u00a0 \u00a0 \u00a0 \u00a0 \u00a0 \u00a0 \u00a0 1:4<br \/>\n<\/strong><em>2:3\u00a0 1:3\u00a0 3:0\u00a0 2:3\u00a0 1:3<\/em><br \/>\n<em>87,96 : 91,25<\/em><\/p>\n<p>&nbsp;<\/p>\n<p><strong>21.12.\u00a0 \u00a0Vladimir Stitov (3) &#8211; Jonas Birkener (30)\u00a0 \u00a0 \u00a0 \u00a0 \u00a0 \u00a0 \u00a0 \u00a0 \u00a0 \u00a0 \u00a0 \u00a0 \u00a03:4<br \/>\n<\/strong><em>2:3\u00a0 1:3\u00a0 3:0\u00a0 3:1\u00a0 3:1\u00a0 1:3\u00a0 5:6 (Sudden Death)<\/em><br \/>\n<em>95,55 : 93,82<\/em><\/p>\n<p><strong>21.12.\u00a0 \u00a0Adrian Lovchek (14) &#8211; Oliver Fahrian (19)\u00a0 \u00a0 \u00a0 \u00a0 \u00a0 \u00a0 \u00a0 \u00a0 \u00a0 \u00a0 \u00a0 \u00a04:2<br \/>\n<\/strong><em>0:3\u00a0 3:2\u00a0 3:1\u00a0 3:0\u00a0 0:3\u00a0 3:2<\/em><br \/>\n<em>99,08 : 92,64<\/em><\/p>\n<p><strong>21.12.\u00a0 \u00a0Jonathan Cavanari &#8211; Bastian Rogerthal\u00a0 \u00a0 \u00a0 \u00a0 \u00a0 \u00a0 \u00a0 \u00a0 \u00a0 \u00a0 \u00a0 \u00a0 \u00a01:4<br \/>\n<\/strong><em>3:1\u00a0 1:3\u00a0 2:3\u00a0 2:3\u00a0 2:3<\/em><br \/>\n<em>83,17 : 85,57<\/em><\/p>\n<p><strong>21.12.\u00a0 \u00a0John Lowercar (11) &#8211; Gjorgi Tacholo (22)\u00a0 \u00a0 \u00a0 \u00a0 \u00a0 \u00a0 \u00a0 \u00a0 \u00a0 \u00a0 \u00a0 \u00a03:4<br \/>\n<\/strong><em>3:1\u00a0 1:3\u00a0 2:3\u00a0 3:2\u00a0 2:3\u00a0 3:1\u00a0 3:5 (2-Clear)<\/em><br \/>\n<em>89,28 : 94,13<\/em><\/p>\n<p>&nbsp;<\/p>\n<p><strong>1. Runde (14.-18.12.1825)<\/strong><\/p>\n<p><strong>14.12.\u00a0 Matt Goldman (1) &#8211;<\/strong><strong> Ulrich Aafners\u00a0 \u00a0 \u00a0 \u00a0 \u00a0 \u00a0 \u00a0 \u00a0 \u00a0 \u00a0 \u00a0 \u00a0 \u00a0 \u00a0 3:0<br \/>\n<\/strong><em>3:2\u00a0 3:2\u00a0 3:2<\/em><br \/>\n<em>93,65 : 91,09<\/em><strong><br \/>\n<\/strong><strong><br \/>\n14.12.\u00a0 \u00a0Lucas Aurelio (32) &#8211; Mario Mur\u00e4ne\u00a0 \u00a0 \u00a0 \u00a0 \u00a0 \u00a0 \u00a0 \u00a0 \u00a0 \u00a0 \u00a0 \u00a0 \u00a0 3:0<br \/>\n<\/strong><em>3:0\u00a0 3:0\u00a0 3:2<\/em><br \/>\n<em>94,85 : 81,94<\/em><strong><br \/>\n<\/strong><strong><br \/>\n14.12.\u00a0 \u00a0John Culane (16) &#8211; Timotheus McSharbrow\u00a0 \u00a0 \u00a0 \u00a0 \u00a0 \u00a03:1<br \/>\n<\/strong><em>3:1\u00a0 3:2\u00a0 2:3\u00a0 3:2<\/em><br \/>\n<em>92,89 : 90,72<\/em><strong><br \/>\n<\/strong><strong><br \/>\n14.12.\u00a0 \u00a0Mark Toulvac (17) &#8211; Will Chambers\u00a0 \u00a0 \u00a0 \u00a0 \u00a0 \u00a0 \u00a0 \u00a0 \u00a0 \u00a0 \u00a0 \u00a0 \u00a03:1<br \/>\n<\/strong><em>1:3\u00a0 3:0\u00a0 3:1\u00a0 3:0<\/em><br \/>\n<em>97,80 : 89,14<\/em><strong><br \/>\n<\/strong><strong><br \/>\n<\/strong><\/p>\n<p><strong>15.12.\u00a0\u00a0 Magnus Bj\u00f6rn Kamper (8) &#8211; Dario Sverisburg\u00a0 \u00a0 \u00a0 \u00a0 3:0<br \/>\n<\/strong><em>3:1\u00a0 3:2\u00a0 3:2<\/em><br \/>\n<em>96,84 : 92,85<\/em><strong><br \/>\n<\/strong><br \/>\n<strong>15.12.\u00a0 \u00a0Kilian Kombark (25) &#8211; Robin Serlemann\u00a0 \u00a0 \u00a0 \u00a0 \u00a0 \u00a0 \u00a0 \u00a0 \u00a03:0<br \/>\n<\/strong><em>3:2\u00a0 3:2\u00a0 3:2<\/em><br \/>\n<em>86,88 : 87,08<\/em><strong><br \/>\n<\/strong><br \/>\n<strong>15.12.\u00a0\u00a0 Velka Swayk (9) &#8211; Zacharias Olkov\u00a0 \u00a0 \u00a0 \u00a0 \u00a0 \u00a0 \u00a0 \u00a0 \u00a0 \u00a0 \u00a0 \u00a0 \u00a0 3:0<br \/>\n<\/strong><em>3:1\u00a0 3:0\u00a0 3:0<\/em><br \/>\n<em>102,82 : 93,40<\/em><strong><br \/>\n<\/strong><br \/>\n<strong>15.12.\u00a0 \u00a0Peter Sworder (24) &#8211; Richard Rotbauchunke\u00a0 \u00a0 \u00a0 \u00a0 \u00a03:2<br \/>\n<\/strong><em>0:3\u00a0 2:3\u00a0 3:0\u00a0 3:0\u00a0 6:5 (Sudden Death)<\/em><br \/>\n<em>94,17 : 92,56<\/em><strong><br \/>\n<\/strong><strong><br \/>\n<\/strong><\/p>\n<p><strong>15.12.\u00a0\u00a0 Eric Martolod (4) &#8211; Theobald Smied\u00a0 \u00a0 \u00a0 \u00a0 \u00a0 \u00a0 \u00a0 \u00a0 \u00a0 \u00a0 \u00a0 \u00a0 \u00a0 \u00a0 \u00a03:1<br \/>\n<\/strong><em>3:1\u00a0 3:1\u00a0 0:3\u00a0 3:2<\/em><br \/>\n<em>95,34 : 90,89<\/em><strong><br \/>\n<\/strong><br \/>\n<strong>15.12.\u00a0 \u00a0Christopher de Feuerfrij (29) &#8211; Frederik Flughorn\u00a0 \u00a0 \u00a0 1:3<br \/>\n<\/strong><em>1:3\u00a0 3:1\u00a0 2:3\u00a0 1:3<\/em><br \/>\n<em>88,72 : 93,77<\/em><strong><br \/>\n<\/strong><br \/>\n<strong>15.12.\u00a0 \u00a0Ramon Szibiszko (13) &#8211; Ilja Gruievich\u00a0 \u00a0 \u00a0 \u00a0 \u00a0 \u00a0 \u00a0 \u00a0 \u00a0 \u00a0 \u00a0 \u00a0 \u00a03:0<br \/>\n<\/strong><em>3:2\u00a0 3:1\u00a0 3:2<\/em><br \/>\n<em>96,75 : 94,06<\/em><strong><br \/>\n<\/strong><br \/>\n<strong>15.12.\u00a0 \u00a0Piotr Ilpa (20) &#8211; Nathan Spinelli\u00a0 \u00a0 \u00a0 \u00a0 \u00a0 \u00a0 \u00a0 \u00a0 \u00a0 \u00a0 \u00a0 \u00a0 \u00a0 \u00a0 \u00a0 \u00a0 \u00a0 \u00a0 3:2<br \/>\n<\/strong><em>3:1\u00a0 1:3\u00a0 2:3\u00a0 3:0\u00a0 4:2 (2-Clear)<\/em><br \/>\n<em>98,44 : 93,27<\/em><strong><br \/>\n<\/strong><strong><br \/>\n<\/strong><\/p>\n<p><strong>16.12.\u00a0 \u00a0Richard Paterson (5) &#8211; John van Flammhaus\u00a0 \u00a0 \u00a0 \u00a0 \u00a0 \u00a0 \u00a03:0<br \/>\n<\/strong><em>3:1\u00a0 3:0\u00a0 3:2<\/em><br \/>\n<em>100,58 : 96,36<\/em><strong><br \/>\n<\/strong><br \/>\n<strong>16.12.\u00a0 \u00a0Ravan Lessgorka (28) &#8211; Inga Holberg\u00a0 \u00a0 \u00a0 \u00a0 \u00a0 \u00a0 \u00a0 \u00a0 \u00a0 \u00a0 \u00a0 \u00a0 \u00a03:2<br \/>\n<\/strong><em>3:2\u00a0 1:3\u00a0 1:3\u00a0 3:2\u00a0 5:3 (2-Clear)<\/em><br \/>\n<em>89,75 : 88,02<\/em><strong><br \/>\n<\/strong><br \/>\n<strong>16.12.\u00a0 \u00a0Goran Wassily (12) &#8211; Simon Igorav\u00a0 \u00a0 \u00a0 \u00a0 \u00a0 \u00a0 \u00a0 \u00a0 \u00a0 \u00a0 \u00a0 \u00a0 \u00a0 \u00a0 \u00a03:2<br \/>\n<\/strong><em>1:3\u00a0 3:2\u00a0 2:3\u00a0 3:1\u00a0 3:0<\/em><br \/>\n<em>91,12 : 91,86<\/em><strong><br \/>\n<\/strong><br \/>\n<strong>16.12.\u00a0\u00a0 David Geshny (21) &#8211; Stig Olesson\u00a0 \u00a0 \u00a0 \u00a0 \u00a0 \u00a0 \u00a0 \u00a0 \u00a0 \u00a0 \u00a0 \u00a0 \u00a0 \u00a0 \u00a0 3:0<br \/>\n<\/strong><em>3:1\u00a0 3:2\u00a0 3:1<\/em><br \/>\n<em>96,59 : 95,05<\/em><strong><br \/>\n<\/strong><strong><br \/>\n<\/strong><\/p>\n<p><strong>16.12.\u00a0\u00a0 Richard Gonzalez (2) &#8211; Mischa Heddelsburrow\u00a0 \u00a0 \u00a0 \u00a0 3:0<br \/>\n<\/strong><em>3:2\u00a0 3:2\u00a0 3:0<\/em><br \/>\n<em>97,80 : 94,08<\/em><strong><br \/>\n<\/strong><br \/>\n<strong>16.12.\u00a0 \u00a0Ron van Drachenberghe (31) &#8211; Silvio Baringer\u00a0 \u00a0 \u00a0 \u00a0 \u00a03:1<br \/>\n<\/strong><em>3:1\u00a0 2:3\u00a0 3:2\u00a0 3:0<\/em><br \/>\n<em>87,08 : 91,05<\/em><strong><br \/>\n<\/strong><br \/>\n<strong>16.12.\u00a0 \u00a0Mensur Frankovic (15) &#8211; Salvatore Benedetto\u00a0 \u00a0 \u00a0 \u00a0 \u00a0 3:0<br \/>\n<\/strong><em>3:2\u00a0 3:0\u00a0 3:0<\/em><br \/>\n<em>106,37 : 96,48<\/em><strong><br \/>\n<\/strong><br \/>\n<strong>16.12.\u00a0 \u00a0Andres Ersgo (18) &#8211; Scott McDoyle\u00a0 \u00a0 \u00a0 \u00a0 \u00a0 \u00a0 \u00a0 \u00a0 \u00a0 \u00a0 \u00a0 \u00a0 \u00a0 \u00a03:1<br \/>\n<\/strong><em>3:1\u00a0 0:3\u00a0 3:0\u00a0 3:0<\/em><br \/>\n<em>101,85 : 93,08<\/em><strong><br \/>\n<\/strong><strong><br \/>\n<\/strong><\/p>\n<p><strong>17.12.\u00a0\u00a0 Stevan Koltora (7) &#8211; Slobodan Goranov\u00a0 \u00a0 \u00a0 \u00a0 \u00a0 \u00a0 \u00a0 \u00a0 \u00a0 \u00a03:0<br \/>\n<\/strong><em>3:1\u00a0 3:2\u00a0 3:1<\/em><br \/>\n<em>98,48 : 90,29<\/em><strong><br \/>\n<\/strong><br \/>\n<strong>17.12.\u00a0 \u00a0Petr Romaniev (26) &#8211; Jan Brehle\u00a0 \u00a0 \u00a0 \u00a0 \u00a0 \u00a0 \u00a0 \u00a0 \u00a0 \u00a0 \u00a0 \u00a0 \u00a0 \u00a0 \u00a0 \u00a03:0<br \/>\n<\/strong><em>3:1\u00a0 3:2\u00a0 3:1<\/em><br \/>\n<em>92,56 : 92,41<\/em><strong><br \/>\n<\/strong><br \/>\n<strong>17.12.\u00a0\u00a0 Mika Volcan (10) &#8211; Nico Olodehm\u00a0 \u00a0 \u00a0 \u00a0 \u00a0 \u00a0 \u00a0 \u00a0 \u00a0 \u00a0 \u00a0 \u00a0 \u00a0 \u00a0 \u00a00:3<br \/>\n<\/strong><em>2:3\u00a0 2:3\u00a0 1:3<\/em><br \/>\n<em>94,12 : 96,33<\/em><strong><br \/>\n<\/strong><br \/>\n<strong>17.12.\u00a0 \u00a0Cristian Santiago (23) &#8211; Amadeus F\u00f6hn\u00a0 \u00a0 \u00a0 \u00a0 \u00a0 \u00a0 \u00a0 \u00a0 \u00a0 3:2<br \/>\n<\/strong><em>1:3\u00a0 2:3\u00a0 3:1\u00a0 3:1\u00a0 3:0<\/em><br \/>\n<em>97,43 : 95,68<\/em><strong><br \/>\n<\/strong><strong><br \/>\n<\/strong><\/p>\n<p><strong>17.12.\u00a0 \u00a0Vladimir Stitov (3) &#8211; Robin Callagher\u00a0 \u00a0 \u00a0 \u00a0 \u00a0 \u00a0 \u00a0 \u00a0 \u00a0 \u00a0 \u00a0 \u00a03:1<br \/>\n<\/strong><em>3:0\u00a0 2:3\u00a0 3:0\u00a0 3:2<\/em><br \/>\n<em>98,47 : 89,30<\/em><strong><br \/>\n<\/strong><strong><br \/>\n17.12.\u00a0 \u00a0Jonas Birkener (30) &#8211; Velka Paterno\u00a0 \u00a0 \u00a0 \u00a0 \u00a0 \u00a0 \u00a0 \u00a0 \u00a0 \u00a0 \u00a0 \u00a0 3:1<br \/>\n<\/strong><em>3:2\u00a0 2:3\u00a0 3:2\u00a0 3:1<\/em><br \/>\n<em>91,94 : 91,14<\/em><strong><br \/>\n<\/strong><strong><br \/>\n17.12.\u00a0 \u00a0Adrian Lovchek (14) &#8211; Daniel Hofmeister\u00a0 \u00a0 \u00a0 \u00a0 \u00a0 \u00a0 \u00a0 \u00a0 3:0<br \/>\n<\/strong><em>3:1\u00a0 3:1\u00a0 3:2<\/em><br \/>\n<em>103,82 : 95,63<\/em><strong><br \/>\n<\/strong><strong><br \/>\n17.12.\u00a0 \u00a0Oliver Fahrian (19) &#8211; Friedrich Loding\u00a0 \u00a0 \u00a0 \u00a0 \u00a0 \u00a0 \u00a0 \u00a0 \u00a0 \u00a0 \u00a03:2<br \/>\n<\/strong><em>2:3\u00a0 3:1\u00a0 3:2\u00a0 2:3\u00a0 3:1<\/em><br \/>\n<em>93,01 : 91,96<\/em><strong><br \/>\n<\/strong><strong><br \/>\n<\/strong><\/p>\n<p><strong>18.12.\u00a0\u00a0 Srdjan Wera (6) &#8211; Jonathan Cavanari\u00a0 \u00a0 \u00a0 \u00a0 \u00a0 \u00a0 \u00a0 \u00a0 \u00a0 \u00a0 \u00a0 2:3<br \/>\n<\/strong><em>3:2\u00a0 2:3\u00a0 3:1\u00a0 2:3\u00a0 3:5 (2-Clear)<\/em><br \/>\n<em>94,28 : 95,08<\/em><strong><br \/>\n<\/strong><br \/>\n<strong>18.12.\u00a0 \u00a0Hannes Pibca (27) &#8211; Bastian Rogerthal\u00a0 \u00a0 \u00a0 \u00a0 \u00a0 \u00a0 \u00a0 \u00a0 \u00a0 1:3<br \/>\n<\/strong><em>3:2\u00a0 2:3\u00a0 2:3\u00a0 2:3<\/em><br \/>\n<em>90,18 : 89,84<\/em><strong><br \/>\n<\/strong><br \/>\n<strong>18.12.\u00a0 \u00a0John Lowercar (11) &#8211; Henry da Silva\u00a0 \u00a0 \u00a0 \u00a0 \u00a0 \u00a0 \u00a0 \u00a0 \u00a0 \u00a0 \u00a0 3:0<br \/>\n<\/strong><em>3:1\u00a0 3:2\u00a0 3:1<\/em><br \/>\n<em>98,91 : 92,09<\/em><strong><br \/>\n<\/strong><br \/>\n<strong>18.12.\u00a0 \u00a0Gjorgi Tacholo (22) &#8211; Patrick Evaski\u00a0 \u00a0 \u00a0 \u00a0 \u00a0 \u00a0 \u00a0 \u00a0 \u00a0 \u00a0 \u00a0 3:0<br \/>\n<\/strong><em>3:2\u00a0 3:2\u00a0 3:1<\/em><br \/>\n<em>93,07 : 88,56<\/em><strong><br \/>\n<\/strong><strong><br \/>\n<\/strong><\/p>\n","protected":false},"excerpt":{"rendered":"<p>Die Carl McGard Darts Weltmeisterschaft findet j\u00e4hrlich in der ber\u00fchmten Sichtburgher Glasburg statt. Benannt nach dem Erfinder des Darts auf der Lieben Welt, dem Miwaner Carl McGard (1599 &#8211; 1672) wird sie vom PDV (Professioneller Darts-Verband) ist sie im Laufe der Jahrzehnte zu einem der gr\u00f6\u00dften Sportereignisse des Jahres geworden. Nach der Gr\u00fcndung des PDV im Jahre 1786 wurde die Carl McGard WM geschaffen und ist seitdem das wichtigste internationale Darts-Turnier der Welt. Das ganze Jahr \u00fcber qualifizieren sich die Teilnehmer f\u00fcr das Turnier, die besten 32 der Weltrangliste sind jedoch gesetzt. Insgesamt gibt es 64 Teilnehmer, die im K.o.-Modus den Sieger ermitteln. Die absolute Legende des Darts ist der <a class=\"more-link\" href=\"https:\/\/wiesenhausen.de\/?page_id=9010\">Continue Reading \u2192<\/a><\/p>\n","protected":false},"author":1,"featured_media":0,"parent":0,"menu_order":0,"comment_status":"closed","ping_status":"closed","template":"","meta":{"footnotes":""},"class_list":["post-9010","page","type-page","status-publish","hentry"],"_links":{"self":[{"href":"https:\/\/wiesenhausen.de\/index.php?rest_route=\/wp\/v2\/pages\/9010","targetHints":{"allow":["GET"]}}],"collection":[{"href":"https:\/\/wiesenhausen.de\/index.php?rest_route=\/wp\/v2\/pages"}],"about":[{"href":"https:\/\/wiesenhausen.de\/index.php?rest_route=\/wp\/v2\/types\/page"}],"author":[{"embeddable":true,"href":"https:\/\/wiesenhausen.de\/index.php?rest_route=\/wp\/v2\/users\/1"}],"replies":[{"embeddable":true,"href":"https:\/\/wiesenhausen.de\/index.php?rest_route=%2Fwp%2Fv2%2Fcomments&post=9010"}],"version-history":[{"count":563,"href":"https:\/\/wiesenhausen.de\/index.php?rest_route=\/wp\/v2\/pages\/9010\/revisions"}],"predecessor-version":[{"id":28125,"href":"https:\/\/wiesenhausen.de\/index.php?rest_route=\/wp\/v2\/pages\/9010\/revisions\/28125"}],"wp:attachment":[{"href":"https:\/\/wiesenhausen.de\/index.php?rest_route=%2Fwp%2Fv2%2Fmedia&parent=9010"}],"curies":[{"name":"wp","href":"https:\/\/api.w.org\/{rel}","templated":true}]}}