{"id":91,"date":"2014-01-18T18:28:30","date_gmt":"2014-01-18T18:28:30","guid":{"rendered":"http:\/\/192.168.2.101\/wordpress\/?page_id=91"},"modified":"2014-01-18T18:28:30","modified_gmt":"2014-01-18T18:28:30","slug":"sport","status":"publish","type":"page","link":"https:\/\/wiesenhausen.de\/?page_id=91","title":{"rendered":"Sport"},"content":{"rendered":"<h1>Sport<\/h1>\n<p>In Meadowhouse hat der Sport oberste Priorit\u00e4t. Insgesamt ist Meadowhouse f\u00fcr f\u00fcnf Sportarten bestens bekannt. Fu\u00dfball, Quidditch, Steinwerfen, Buddhyball und Nachtball. Am popul\u00e4rsten ist aber der Sport Fu\u00dfball in Meadowhouse. Die First League Meadowhouse und die Second League Meadowhouse erreichen \u00e4u\u00dferst gute Besucherzahlen und Einschaltquoten im TV. Die momentan\u00a0beste Fu\u00dfballmannschaft in Meadowhouse ist der AC Phoenix 1708 Wiesenhausen. Vor sechs Jahren spielte er noch unter dem Namen FC Rot-Wei\u00df Wiesenhausen und war ein Verein der Mittelklasse. Doch dann kam mit dem Namenwechsel Trainer Donald Duck und brachte den Erfolg. Als AC Phoenix Wiesenhausen feierte der Club drei drei Meistertitel und zwei Pokalsiege, sowie\u00a0drei Meistertitel und einen Pokalsieg in Meadowhouse. Der Erzrivale des AC Phoenix ist der El Grande FC. Am 14.09.1809 schlug der ACPW den EGFC in einem legend\u00e4ren Spiel mit 5:0. Und auch schon vorher war dieses Derby das Highlight einer ganzen Saison.<\/p>\n","protected":false},"excerpt":{"rendered":"<p>Sport In Meadowhouse hat der Sport oberste Priorit\u00e4t. Insgesamt ist Meadowhouse f\u00fcr f\u00fcnf Sportarten bestens bekannt. Fu\u00dfball, Quidditch, Steinwerfen, Buddhyball und Nachtball. Am popul\u00e4rsten ist aber der Sport Fu\u00dfball in Meadowhouse. Die First League Meadowhouse und die Second League Meadowhouse erreichen \u00e4u\u00dferst gute Besucherzahlen und Einschaltquoten im TV. Die momentan\u00a0beste Fu\u00dfballmannschaft in Meadowhouse ist der AC Phoenix 1708 Wiesenhausen. Vor sechs Jahren spielte er noch unter dem Namen FC Rot-Wei\u00df Wiesenhausen und war ein Verein der Mittelklasse. Doch dann kam mit dem Namenwechsel Trainer Donald Duck und brachte den Erfolg. Als AC Phoenix Wiesenhausen feierte der Club drei drei Meistertitel und zwei Pokalsiege, sowie\u00a0drei Meistertitel und einen Pokalsieg in Meadowhouse. <a class=\"more-link\" href=\"https:\/\/wiesenhausen.de\/?page_id=91\">Continue Reading \u2192<\/a><\/p>\n","protected":false},"author":1,"featured_media":0,"parent":0,"menu_order":0,"comment_status":"closed","ping_status":"closed","template":"","meta":{"footnotes":""},"class_list":["post-91","page","type-page","status-publish","hentry"],"_links":{"self":[{"href":"https:\/\/wiesenhausen.de\/index.php?rest_route=\/wp\/v2\/pages\/91","targetHints":{"allow":["GET"]}}],"collection":[{"href":"https:\/\/wiesenhausen.de\/index.php?rest_route=\/wp\/v2\/pages"}],"about":[{"href":"https:\/\/wiesenhausen.de\/index.php?rest_route=\/wp\/v2\/types\/page"}],"author":[{"embeddable":true,"href":"https:\/\/wiesenhausen.de\/index.php?rest_route=\/wp\/v2\/users\/1"}],"replies":[{"embeddable":true,"href":"https:\/\/wiesenhausen.de\/index.php?rest_route=%2Fwp%2Fv2%2Fcomments&post=91"}],"version-history":[{"count":0,"href":"https:\/\/wiesenhausen.de\/index.php?rest_route=\/wp\/v2\/pages\/91\/revisions"}],"wp:attachment":[{"href":"https:\/\/wiesenhausen.de\/index.php?rest_route=%2Fwp%2Fv2%2Fmedia&parent=91"}],"curies":[{"name":"wp","href":"https:\/\/api.w.org\/{rel}","templated":true}]}}