{"id":918,"date":"2014-12-31T12:06:18","date_gmt":"2014-12-31T12:06:18","guid":{"rendered":"http:\/\/wiesenhausen.de\/?page_id=918"},"modified":"2015-01-02T18:03:29","modified_gmt":"2015-01-02T18:03:29","slug":"spo-hoerproben","status":"publish","type":"page","link":"https:\/\/wiesenhausen.de\/?page_id=918","title":{"rendered":"SPO-H\u00f6rproben"},"content":{"rendered":"<p>Hier haben Sie die M\u00f6glichkeit, in einige St\u00fccke des Sichtburgher Palastorchesters reinzuh\u00f6ren. Falls sie Ihnen gefallen, k\u00f6nnen Sie uns ja schreiben.<\/p>\n<audio class=\"wp-audio-shortcode\" id=\"audio-918-1\" preload=\"none\" style=\"width: 100%;\" controls=\"controls\"><source type=\"audio\/mpeg\" src=\"http:\/\/wiesenhausen.de\/wp-content\/uploads\/2014\/12\/Alieninvasion_04.mp3?_=1\" \/><a href=\"http:\/\/wiesenhausen.de\/wp-content\/uploads\/2014\/12\/Alieninvasion_04.mp3\">http:\/\/wiesenhausen.de\/wp-content\/uploads\/2014\/12\/Alieninvasion_04.mp3<\/a><\/audio>\n<p>Alieninvasion<\/p>\n<audio class=\"wp-audio-shortcode\" id=\"audio-918-2\" preload=\"none\" style=\"width: 100%;\" controls=\"controls\"><source type=\"audio\/mpeg\" src=\"http:\/\/wiesenhausen.de\/wp-content\/uploads\/2014\/12\/Ehrenmarsch_02.mp3?_=2\" \/><a href=\"http:\/\/wiesenhausen.de\/wp-content\/uploads\/2014\/12\/Ehrenmarsch_02.mp3\">http:\/\/wiesenhausen.de\/wp-content\/uploads\/2014\/12\/Ehrenmarsch_02.mp3<\/a><\/audio>\n<p>Ehrenmarsch<\/p>\n<audio class=\"wp-audio-shortcode\" id=\"audio-918-3\" preload=\"none\" style=\"width: 100%;\" controls=\"controls\"><source type=\"audio\/mpeg\" src=\"http:\/\/wiesenhausen.de\/wp-content\/uploads\/2014\/12\/Eine-Reise-durch-die-Pr\u00e4rie_02.mp3?_=3\" \/><a href=\"http:\/\/wiesenhausen.de\/wp-content\/uploads\/2014\/12\/Eine-Reise-durch-die-Pr\u00e4rie_02.mp3\">http:\/\/wiesenhausen.de\/wp-content\/uploads\/2014\/12\/Eine-Reise-durch-die-Pr\u00e4rie_02.mp3<\/a><\/audio>\n<p>Eine Reise durch die Pr\u00e4rie<\/p>\n<audio class=\"wp-audio-shortcode\" id=\"audio-918-4\" preload=\"none\" style=\"width: 100%;\" controls=\"controls\"><source type=\"audio\/mpeg\" src=\"http:\/\/wiesenhausen.de\/wp-content\/uploads\/2014\/12\/Jazzfestival.mp3?_=4\" \/><a href=\"http:\/\/wiesenhausen.de\/wp-content\/uploads\/2014\/12\/Jazzfestival.mp3\">http:\/\/wiesenhausen.de\/wp-content\/uploads\/2014\/12\/Jazzfestival.mp3<\/a><\/audio>\n<p>Jazzfestival<\/p>\n<audio class=\"wp-audio-shortcode\" id=\"audio-918-5\" preload=\"none\" style=\"width: 100%;\" controls=\"controls\"><source type=\"audio\/mpeg\" src=\"http:\/\/wiesenhausen.de\/wp-content\/uploads\/2014\/12\/kleines-Klavierst\u00fcckchen.mp3?_=5\" \/><a href=\"http:\/\/wiesenhausen.de\/wp-content\/uploads\/2014\/12\/kleines-Klavierst\u00fcckchen.mp3\">http:\/\/wiesenhausen.de\/wp-content\/uploads\/2014\/12\/kleines-Klavierst\u00fcckchen.mp3<\/a><\/audio>\n<p>Klavierst\u00fcckchen<\/p>\n<audio class=\"wp-audio-shortcode\" id=\"audio-918-6\" preload=\"none\" style=\"width: 100%;\" controls=\"controls\"><source type=\"audio\/mpeg\" src=\"http:\/\/wiesenhausen.de\/wp-content\/uploads\/2014\/12\/Lied-14-G-Dur_02.mp3?_=6\" \/><a href=\"http:\/\/wiesenhausen.de\/wp-content\/uploads\/2014\/12\/Lied-14-G-Dur_02.mp3\">http:\/\/wiesenhausen.de\/wp-content\/uploads\/2014\/12\/Lied-14-G-Dur_02.mp3<\/a><\/audio>\n<p>Hirtenlied<\/p>\n<audio class=\"wp-audio-shortcode\" id=\"audio-918-7\" preload=\"none\" style=\"width: 100%;\" controls=\"controls\"><source type=\"audio\/mpeg\" src=\"http:\/\/wiesenhausen.de\/wp-content\/uploads\/2014\/12\/Lied-ohne-Namen-4-G-Moll_02.mp3?_=7\" \/><a href=\"http:\/\/wiesenhausen.de\/wp-content\/uploads\/2014\/12\/Lied-ohne-Namen-4-G-Moll_02.mp3\">http:\/\/wiesenhausen.de\/wp-content\/uploads\/2014\/12\/Lied-ohne-Namen-4-G-Moll_02.mp3<\/a><\/audio>\n<p>Themenmusik zu &#8222;Kommissar Kranz&#8220;<\/p>\n<audio class=\"wp-audio-shortcode\" id=\"audio-918-8\" preload=\"none\" style=\"width: 100%;\" controls=\"controls\"><source type=\"audio\/mpeg\" src=\"http:\/\/wiesenhausen.de\/wp-content\/uploads\/2014\/12\/Lied-ohne-Namen-5-D-Moll_03.mp3?_=8\" \/><a href=\"http:\/\/wiesenhausen.de\/wp-content\/uploads\/2014\/12\/Lied-ohne-Namen-5-D-Moll_03.mp3\">http:\/\/wiesenhausen.de\/wp-content\/uploads\/2014\/12\/Lied-ohne-Namen-5-D-Moll_03.mp3<\/a><\/audio>\n<p>Themenmusik zu &#8222;00Rabe&#8220;<\/p>\n<audio class=\"wp-audio-shortcode\" id=\"audio-918-9\" preload=\"none\" style=\"width: 100%;\" controls=\"controls\"><source type=\"audio\/mpeg\" src=\"http:\/\/wiesenhausen.de\/wp-content\/uploads\/2014\/12\/Lustiges-Teest\u00e4ndchen.mp3?_=9\" \/><a href=\"http:\/\/wiesenhausen.de\/wp-content\/uploads\/2014\/12\/Lustiges-Teest\u00e4ndchen.mp3\">http:\/\/wiesenhausen.de\/wp-content\/uploads\/2014\/12\/Lustiges-Teest\u00e4ndchen.mp3<\/a><\/audio>\n<p>Teest\u00e4ndchen<\/p>\n<audio class=\"wp-audio-shortcode\" id=\"audio-918-10\" preload=\"none\" style=\"width: 100%;\" controls=\"controls\"><source type=\"audio\/mpeg\" src=\"http:\/\/wiesenhausen.de\/wp-content\/uploads\/2014\/12\/Marsch-5-F-Dur.mp3?_=10\" \/><a href=\"http:\/\/wiesenhausen.de\/wp-content\/uploads\/2014\/12\/Marsch-5-F-Dur.mp3\">http:\/\/wiesenhausen.de\/wp-content\/uploads\/2014\/12\/Marsch-5-F-Dur.mp3<\/a><\/audio>\n<p>Wiesenhausener Marinemarsch<\/p>\n<audio class=\"wp-audio-shortcode\" id=\"audio-918-11\" preload=\"none\" style=\"width: 100%;\" controls=\"controls\"><source type=\"audio\/mpeg\" src=\"http:\/\/wiesenhausen.de\/wp-content\/uploads\/2014\/12\/Orchstrioso.mp3?_=11\" \/><a href=\"http:\/\/wiesenhausen.de\/wp-content\/uploads\/2014\/12\/Orchstrioso.mp3\">http:\/\/wiesenhausen.de\/wp-content\/uploads\/2014\/12\/Orchstrioso.mp3<\/a><\/audio>\n<p>Orchestrioso<\/p>\n<audio class=\"wp-audio-shortcode\" id=\"audio-918-12\" preload=\"none\" style=\"width: 100%;\" controls=\"controls\"><source type=\"audio\/mpeg\" src=\"http:\/\/wiesenhausen.de\/wp-content\/uploads\/2014\/12\/Party-im-\u00dcbungsraum_02.mp3?_=12\" \/><a href=\"http:\/\/wiesenhausen.de\/wp-content\/uploads\/2014\/12\/Party-im-\u00dcbungsraum_02.mp3\">http:\/\/wiesenhausen.de\/wp-content\/uploads\/2014\/12\/Party-im-\u00dcbungsraum_02.mp3<\/a><\/audio>\n<p>Party im \u00dcbungsraum<\/p>\n<audio class=\"wp-audio-shortcode\" id=\"audio-918-13\" preload=\"none\" style=\"width: 100%;\" controls=\"controls\"><source type=\"audio\/mpeg\" src=\"http:\/\/wiesenhausen.de\/wp-content\/uploads\/2014\/12\/SHADJP-St\u00fcck_02.mp3?_=13\" \/><a href=\"http:\/\/wiesenhausen.de\/wp-content\/uploads\/2014\/12\/SHADJP-St\u00fcck_02.mp3\">http:\/\/wiesenhausen.de\/wp-content\/uploads\/2014\/12\/SHADJP-St\u00fcck_02.mp3<\/a><\/audio>\n<p>SHADJP-St\u00fcck<\/p>\n<audio class=\"wp-audio-shortcode\" id=\"audio-918-14\" preload=\"none\" style=\"width: 100%;\" controls=\"controls\"><source type=\"audio\/mpeg\" src=\"http:\/\/wiesenhausen.de\/wp-content\/uploads\/2014\/12\/Song_03.mp3?_=14\" \/><a href=\"http:\/\/wiesenhausen.de\/wp-content\/uploads\/2014\/12\/Song_03.mp3\">http:\/\/wiesenhausen.de\/wp-content\/uploads\/2014\/12\/Song_03.mp3<\/a><\/audio>\n<p>Song of Sichtburgh<\/p>\n<audio class=\"wp-audio-shortcode\" id=\"audio-918-15\" preload=\"none\" style=\"width: 100%;\" controls=\"controls\"><source type=\"audio\/mpeg\" src=\"http:\/\/wiesenhausen.de\/wp-content\/uploads\/2014\/12\/The-Jazz-Pirates.mp3?_=15\" \/><a href=\"http:\/\/wiesenhausen.de\/wp-content\/uploads\/2014\/12\/The-Jazz-Pirates.mp3\">http:\/\/wiesenhausen.de\/wp-content\/uploads\/2014\/12\/The-Jazz-Pirates.mp3<\/a><\/audio>\n<p>The Jazz-Pirates<\/p>\n<audio class=\"wp-audio-shortcode\" id=\"audio-918-16\" preload=\"none\" style=\"width: 100%;\" controls=\"controls\"><source type=\"audio\/mpeg\" src=\"http:\/\/wiesenhausen.de\/wp-content\/uploads\/2014\/12\/Song-2_02.mp3?_=16\" \/><a href=\"http:\/\/wiesenhausen.de\/wp-content\/uploads\/2014\/12\/Song-2_02.mp3\">http:\/\/wiesenhausen.de\/wp-content\/uploads\/2014\/12\/Song-2_02.mp3<\/a><\/audio>\n<p>Song of Vaasa<\/p>\n<audio class=\"wp-audio-shortcode\" id=\"audio-918-17\" preload=\"none\" style=\"width: 100%;\" controls=\"controls\"><source type=\"audio\/mpeg\" src=\"http:\/\/wiesenhausen.de\/wp-content\/uploads\/2014\/12\/Boogie-C-Dur.mp3?_=17\" \/><a href=\"http:\/\/wiesenhausen.de\/wp-content\/uploads\/2014\/12\/Boogie-C-Dur.mp3\">http:\/\/wiesenhausen.de\/wp-content\/uploads\/2014\/12\/Boogie-C-Dur.mp3<\/a><\/audio>\n<p>Boogie in C-Dur<\/p>\n<audio class=\"wp-audio-shortcode\" id=\"audio-918-18\" preload=\"none\" style=\"width: 100%;\" controls=\"controls\"><source type=\"audio\/mpeg\" src=\"http:\/\/wiesenhausen.de\/wp-content\/uploads\/2014\/12\/Lied-ohne-Namen-2.mp3?_=18\" \/><a href=\"http:\/\/wiesenhausen.de\/wp-content\/uploads\/2014\/12\/Lied-ohne-Namen-2.mp3\">http:\/\/wiesenhausen.de\/wp-content\/uploads\/2014\/12\/Lied-ohne-Namen-2.mp3<\/a><\/audio>\n<p>Texassinfonie<\/p>\n<audio class=\"wp-audio-shortcode\" id=\"audio-918-19\" preload=\"none\" style=\"width: 100%;\" controls=\"controls\"><source type=\"audio\/mpeg\" src=\"http:\/\/wiesenhausen.de\/wp-content\/uploads\/2014\/12\/Sinfonia-grandioso.mp3?_=19\" \/><a href=\"http:\/\/wiesenhausen.de\/wp-content\/uploads\/2014\/12\/Sinfonia-grandioso.mp3\">http:\/\/wiesenhausen.de\/wp-content\/uploads\/2014\/12\/Sinfonia-grandioso.mp3<\/a><\/audio>\n<p>Sinfonia grandioso<\/p>\n<audio class=\"wp-audio-shortcode\" id=\"audio-918-20\" preload=\"none\" style=\"width: 100%;\" controls=\"controls\"><source type=\"audio\/mpeg\" src=\"http:\/\/wiesenhausen.de\/wp-content\/uploads\/2014\/12\/Orchesterst\u00fcck-2-G-Dur.mp3?_=20\" \/><a href=\"http:\/\/wiesenhausen.de\/wp-content\/uploads\/2014\/12\/Orchesterst\u00fcck-2-G-Dur.mp3\">http:\/\/wiesenhausen.de\/wp-content\/uploads\/2014\/12\/Orchesterst\u00fcck-2-G-Dur.mp3<\/a><\/audio>\n<p>Orchesterst\u00fcck Nr. 2<\/p>\n","protected":false},"excerpt":{"rendered":"<p>Hier haben Sie die M\u00f6glichkeit, in einige St\u00fccke des Sichtburgher Palastorchesters reinzuh\u00f6ren. Falls sie Ihnen gefallen, k\u00f6nnen Sie uns ja schreiben. Alieninvasion Ehrenmarsch Eine Reise durch die Pr\u00e4rie Jazzfestival Klavierst\u00fcckchen Hirtenlied Themenmusik zu &#8222;Kommissar Kranz&#8220; Themenmusik zu &#8222;00Rabe&#8220; Teest\u00e4ndchen Wiesenhausener Marinemarsch Orchestrioso Party im \u00dcbungsraum SHADJP-St\u00fcck Song of Sichtburgh The Jazz-Pirates Song of Vaasa Boogie in C-Dur Texassinfonie Sinfonia grandioso Orchesterst\u00fcck Nr. 2<\/p>\n","protected":false},"author":1,"featured_media":0,"parent":0,"menu_order":0,"comment_status":"open","ping_status":"open","template":"","meta":{"footnotes":""},"class_list":["post-918","page","type-page","status-publish","hentry"],"_links":{"self":[{"href":"https:\/\/wiesenhausen.de\/index.php?rest_route=\/wp\/v2\/pages\/918","targetHints":{"allow":["GET"]}}],"collection":[{"href":"https:\/\/wiesenhausen.de\/index.php?rest_route=\/wp\/v2\/pages"}],"about":[{"href":"https:\/\/wiesenhausen.de\/index.php?rest_route=\/wp\/v2\/types\/page"}],"author":[{"embeddable":true,"href":"https:\/\/wiesenhausen.de\/index.php?rest_route=\/wp\/v2\/users\/1"}],"replies":[{"embeddable":true,"href":"https:\/\/wiesenhausen.de\/index.php?rest_route=%2Fwp%2Fv2%2Fcomments&post=918"}],"version-history":[{"count":4,"href":"https:\/\/wiesenhausen.de\/index.php?rest_route=\/wp\/v2\/pages\/918\/revisions"}],"predecessor-version":[{"id":987,"href":"https:\/\/wiesenhausen.de\/index.php?rest_route=\/wp\/v2\/pages\/918\/revisions\/987"}],"wp:attachment":[{"href":"https:\/\/wiesenhausen.de\/index.php?rest_route=%2Fwp%2Fv2%2Fmedia&parent=918"}],"curies":[{"name":"wp","href":"https:\/\/api.w.org\/{rel}","templated":true}]}}