{"id":920,"date":"2014-12-31T12:07:01","date_gmt":"2014-12-31T12:07:01","guid":{"rendered":"http:\/\/wiesenhausen.de\/?page_id=920"},"modified":"2015-01-02T15:40:17","modified_gmt":"2015-01-02T15:40:17","slug":"befim-hoerproben","status":"publish","type":"page","link":"https:\/\/wiesenhausen.de\/?page_id=920","title":{"rendered":"BEFIM-H\u00f6rproben"},"content":{"rendered":"<p>Hier haben Sie die M\u00f6glichkeit, in einige BEFIM-St\u00fccke reinzuh\u00f6ren. Falls sie Ihnen gefallen, k\u00f6nnen Sie uns ja schreiben.<\/p>\n<p>&nbsp;<\/p>\n<audio class=\"wp-audio-shortcode\" id=\"audio-920-1\" preload=\"none\" style=\"width: 100%;\" controls=\"controls\"><source type=\"audio\/mpeg\" src=\"http:\/\/wiesenhausen.de\/wp-content\/uploads\/2014\/12\/March-of-the-rattling-bones.mp3?_=1\" \/><a href=\"http:\/\/wiesenhausen.de\/wp-content\/uploads\/2014\/12\/March-of-the-rattling-bones.mp3\">http:\/\/wiesenhausen.de\/wp-content\/uploads\/2014\/12\/March-of-the-rattling-bones.mp3<\/a><\/audio>\n<p>March of the rattling bones<\/p>\n<audio class=\"wp-audio-shortcode\" id=\"audio-920-2\" preload=\"none\" style=\"width: 100%;\" controls=\"controls\"><source type=\"audio\/mpeg\" src=\"http:\/\/wiesenhausen.de\/wp-content\/uploads\/2014\/12\/Symphony-of-Meadowhouse-Mount-St-John.mp3?_=2\" \/><a href=\"http:\/\/wiesenhausen.de\/wp-content\/uploads\/2014\/12\/Symphony-of-Meadowhouse-Mount-St-John.mp3\">http:\/\/wiesenhausen.de\/wp-content\/uploads\/2014\/12\/Symphony-of-Meadowhouse-Mount-St-John.mp3<\/a><\/audio>\n<p>Symphony of Meadowhouse, Mount St. John<\/p>\n<audio class=\"wp-audio-shortcode\" id=\"audio-920-3\" preload=\"none\" style=\"width: 100%;\" controls=\"controls\"><source type=\"audio\/mpeg\" src=\"http:\/\/wiesenhausen.de\/wp-content\/uploads\/2014\/12\/In-memory-of-Dave-Brubeck.mp3?_=3\" \/><a href=\"http:\/\/wiesenhausen.de\/wp-content\/uploads\/2014\/12\/In-memory-of-Dave-Brubeck.mp3\">http:\/\/wiesenhausen.de\/wp-content\/uploads\/2014\/12\/In-memory-of-Dave-Brubeck.mp3<\/a><\/audio>\n<p>In Memory of Dave Brubeck<\/p>\n<audio class=\"wp-audio-shortcode\" id=\"audio-920-4\" preload=\"none\" style=\"width: 100%;\" controls=\"controls\"><source type=\"audio\/mpeg\" src=\"http:\/\/wiesenhausen.de\/wp-content\/uploads\/2014\/12\/Jazz-Ballade.mp3?_=4\" \/><a href=\"http:\/\/wiesenhausen.de\/wp-content\/uploads\/2014\/12\/Jazz-Ballade.mp3\">http:\/\/wiesenhausen.de\/wp-content\/uploads\/2014\/12\/Jazz-Ballade.mp3<\/a><\/audio>\n<p>Jazz Ballade<\/p>\n<audio class=\"wp-audio-shortcode\" id=\"audio-920-5\" preload=\"none\" style=\"width: 100%;\" controls=\"controls\"><source type=\"audio\/mpeg\" src=\"http:\/\/wiesenhausen.de\/wp-content\/uploads\/2014\/12\/Konzert-f\u00fcr-Cello-und-Klavier.mp3?_=5\" \/><a href=\"http:\/\/wiesenhausen.de\/wp-content\/uploads\/2014\/12\/Konzert-f\u00fcr-Cello-und-Klavier.mp3\">http:\/\/wiesenhausen.de\/wp-content\/uploads\/2014\/12\/Konzert-f\u00fcr-Cello-und-Klavier.mp3<\/a><\/audio>\n<p>Konzert f\u00fcr Cello und Klavier<\/p>\n<audio class=\"wp-audio-shortcode\" id=\"audio-920-6\" preload=\"none\" style=\"width: 100%;\" controls=\"controls\"><source type=\"audio\/mpeg\" src=\"http:\/\/wiesenhausen.de\/wp-content\/uploads\/2014\/12\/Strattons-Rache.mp3?_=6\" \/><a href=\"http:\/\/wiesenhausen.de\/wp-content\/uploads\/2014\/12\/Strattons-Rache.mp3\">http:\/\/wiesenhausen.de\/wp-content\/uploads\/2014\/12\/Strattons-Rache.mp3<\/a><\/audio>\n<p>Filmmusik zu MMS 25 (&#8222;Strattons Rache&#8220;)<\/p>\n<audio class=\"wp-audio-shortcode\" id=\"audio-920-7\" preload=\"none\" style=\"width: 100%;\" controls=\"controls\"><source type=\"audio\/mpeg\" src=\"http:\/\/wiesenhausen.de\/wp-content\/uploads\/2014\/12\/Meeresmusik.mp3?_=7\" \/><a href=\"http:\/\/wiesenhausen.de\/wp-content\/uploads\/2014\/12\/Meeresmusik.mp3\">http:\/\/wiesenhausen.de\/wp-content\/uploads\/2014\/12\/Meeresmusik.mp3<\/a><\/audio>\n<p>Filmmusik zu &#8222;Die letzte Fahrt der Katharina Jana&#8220; (Meeresmusik)<\/p>\n<audio class=\"wp-audio-shortcode\" id=\"audio-920-8\" preload=\"none\" style=\"width: 100%;\" controls=\"controls\"><source type=\"audio\/mpeg\" src=\"http:\/\/wiesenhausen.de\/wp-content\/uploads\/2014\/12\/Das-Geheimnis-der-Cremessimo.mp3?_=8\" \/><a href=\"http:\/\/wiesenhausen.de\/wp-content\/uploads\/2014\/12\/Das-Geheimnis-der-Cremessimo.mp3\">http:\/\/wiesenhausen.de\/wp-content\/uploads\/2014\/12\/Das-Geheimnis-der-Cremessimo.mp3<\/a><\/audio>\n<p>Filmmusik zu MMS 23 (&#8222;Das Geheimnis der Cremissimo&#8220;)<\/p>\n<audio class=\"wp-audio-shortcode\" id=\"audio-920-9\" preload=\"none\" style=\"width: 100%;\" controls=\"controls\"><source type=\"audio\/mpeg\" src=\"http:\/\/wiesenhausen.de\/wp-content\/uploads\/2014\/12\/Fantasie-in-C.mp3?_=9\" \/><a href=\"http:\/\/wiesenhausen.de\/wp-content\/uploads\/2014\/12\/Fantasie-in-C.mp3\">http:\/\/wiesenhausen.de\/wp-content\/uploads\/2014\/12\/Fantasie-in-C.mp3<\/a><\/audio>\n<p>Fantasie in C<\/p>\n<audio class=\"wp-audio-shortcode\" id=\"audio-920-10\" preload=\"none\" style=\"width: 100%;\" controls=\"controls\"><source type=\"audio\/mpeg\" src=\"http:\/\/wiesenhausen.de\/wp-content\/uploads\/2014\/12\/Graf-Daunenfels-Marsch.mp3?_=10\" \/><a href=\"http:\/\/wiesenhausen.de\/wp-content\/uploads\/2014\/12\/Graf-Daunenfels-Marsch.mp3\">http:\/\/wiesenhausen.de\/wp-content\/uploads\/2014\/12\/Graf-Daunenfels-Marsch.mp3<\/a><\/audio>\n<p>Graf Daunenfels Marsch<\/p>\n<audio class=\"wp-audio-shortcode\" id=\"audio-920-11\" preload=\"none\" style=\"width: 100%;\" controls=\"controls\"><source type=\"audio\/mpeg\" src=\"http:\/\/wiesenhausen.de\/wp-content\/uploads\/2014\/12\/Meadowhouse-Song.mp3?_=11\" \/><a href=\"http:\/\/wiesenhausen.de\/wp-content\/uploads\/2014\/12\/Meadowhouse-Song.mp3\">http:\/\/wiesenhausen.de\/wp-content\/uploads\/2014\/12\/Meadowhouse-Song.mp3<\/a><\/audio>\n<p>Meadowhouse-Song<\/p>\n<audio class=\"wp-audio-shortcode\" id=\"audio-920-12\" preload=\"none\" style=\"width: 100%;\" controls=\"controls\"><source type=\"audio\/mpeg\" src=\"http:\/\/wiesenhausen.de\/wp-content\/uploads\/2014\/12\/Night-and-Sunrise.mp3?_=12\" \/><a href=\"http:\/\/wiesenhausen.de\/wp-content\/uploads\/2014\/12\/Night-and-Sunrise.mp3\">http:\/\/wiesenhausen.de\/wp-content\/uploads\/2014\/12\/Night-and-Sunrise.mp3<\/a><\/audio>\n<p>Night and Sunrise<\/p>\n<audio class=\"wp-audio-shortcode\" id=\"audio-920-13\" preload=\"none\" style=\"width: 100%;\" controls=\"controls\"><source type=\"audio\/mpeg\" src=\"http:\/\/wiesenhausen.de\/wp-content\/uploads\/2014\/12\/Sinfonia-Nr-8-Monarchensinfonie-Dritter-Satz-Molto-Allegro-ma-non-troppo.mp3?_=13\" \/><a href=\"http:\/\/wiesenhausen.de\/wp-content\/uploads\/2014\/12\/Sinfonia-Nr-8-Monarchensinfonie-Dritter-Satz-Molto-Allegro-ma-non-troppo.mp3\">http:\/\/wiesenhausen.de\/wp-content\/uploads\/2014\/12\/Sinfonia-Nr-8-Monarchensinfonie-Dritter-Satz-Molto-Allegro-ma-non-troppo.mp3<\/a><\/audio>\n<p>Sinfonia Nr. 8 (&#8222;Monarchensinfonie&#8220;), 3. Satz<\/p>\n<audio class=\"wp-audio-shortcode\" id=\"audio-920-14\" preload=\"none\" style=\"width: 100%;\" controls=\"controls\"><source type=\"audio\/mpeg\" src=\"http:\/\/wiesenhausen.de\/wp-content\/uploads\/2014\/12\/Symphony-of-Meadowhouse-Plateau-of-Jaldinor.mp3?_=14\" \/><a href=\"http:\/\/wiesenhausen.de\/wp-content\/uploads\/2014\/12\/Symphony-of-Meadowhouse-Plateau-of-Jaldinor.mp3\">http:\/\/wiesenhausen.de\/wp-content\/uploads\/2014\/12\/Symphony-of-Meadowhouse-Plateau-of-Jaldinor.mp3<\/a><\/audio>\n<p>Symphony of Meadowhouse, Plateau of Jaldinor<\/p>\n","protected":false},"excerpt":{"rendered":"<p>Hier haben Sie die M\u00f6glichkeit, in einige BEFIM-St\u00fccke reinzuh\u00f6ren. Falls sie Ihnen gefallen, k\u00f6nnen Sie uns ja schreiben. &nbsp; March of the rattling bones Symphony of Meadowhouse, Mount St. John In Memory of Dave Brubeck Jazz Ballade Konzert f\u00fcr Cello und Klavier Filmmusik zu MMS 25 (&#8222;Strattons Rache&#8220;) Filmmusik zu &#8222;Die letzte Fahrt der Katharina Jana&#8220; (Meeresmusik) Filmmusik zu MMS 23 (&#8222;Das Geheimnis der Cremissimo&#8220;) Fantasie in C Graf Daunenfels Marsch Meadowhouse-Song Night and Sunrise Sinfonia Nr. 8 (&#8222;Monarchensinfonie&#8220;), 3. Satz Symphony of Meadowhouse, Plateau of Jaldinor<\/p>\n","protected":false},"author":1,"featured_media":0,"parent":0,"menu_order":0,"comment_status":"open","ping_status":"open","template":"","meta":{"footnotes":""},"class_list":["post-920","page","type-page","status-publish","hentry"],"_links":{"self":[{"href":"https:\/\/wiesenhausen.de\/index.php?rest_route=\/wp\/v2\/pages\/920","targetHints":{"allow":["GET"]}}],"collection":[{"href":"https:\/\/wiesenhausen.de\/index.php?rest_route=\/wp\/v2\/pages"}],"about":[{"href":"https:\/\/wiesenhausen.de\/index.php?rest_route=\/wp\/v2\/types\/page"}],"author":[{"embeddable":true,"href":"https:\/\/wiesenhausen.de\/index.php?rest_route=\/wp\/v2\/users\/1"}],"replies":[{"embeddable":true,"href":"https:\/\/wiesenhausen.de\/index.php?rest_route=%2Fwp%2Fv2%2Fcomments&post=920"}],"version-history":[{"count":4,"href":"https:\/\/wiesenhausen.de\/index.php?rest_route=\/wp\/v2\/pages\/920\/revisions"}],"predecessor-version":[{"id":956,"href":"https:\/\/wiesenhausen.de\/index.php?rest_route=\/wp\/v2\/pages\/920\/revisions\/956"}],"wp:attachment":[{"href":"https:\/\/wiesenhausen.de\/index.php?rest_route=%2Fwp%2Fv2%2Fmedia&parent=920"}],"curies":[{"name":"wp","href":"https:\/\/api.w.org\/{rel}","templated":true}]}}