{"id":99,"date":"2014-01-18T18:40:56","date_gmt":"2014-01-18T18:40:56","guid":{"rendered":"http:\/\/192.168.2.101\/wordpress\/?page_id=99"},"modified":"2024-11-16T20:45:08","modified_gmt":"2024-11-16T20:45:08","slug":"befim","status":"publish","type":"page","link":"https:\/\/wiesenhausen.de\/?page_id=99","title":{"rendered":"BEFIM"},"content":{"rendered":"<p>Die BEFIM ist sozusagen die Kultgruppe in Wiesenhausen; in der Band spielen viele verschiedene\u00a0B\u00fcrger aus Wiesenhausen mit.\u00a0Vier mal im Jahr\u00a0gibt die Band ein Konzert, entweder das Neujahrs-, Fr\u00fchlings-, Sommer-, oder Herbstkonzert. Seit der Gr\u00fcndung im Jahre 1751 sind sehr viele neue Musiker und Musikerinnen in die Band eingetreten; hier einige Mitglieder der BEFIM:<\/p>\n<ul>\n<li><span style=\"color: #000000;\">Oswald Octupus <\/span>(Dirigent und Co-Kommentator)<\/li>\n<li><span style=\"color: #000000;\">Albus\u00a0Eccledoor <\/span>(Posaune, Trompete und Horn in F)<\/li>\n<li><span style=\"color: #000000;\">Minerva McFillegann <\/span>(Harfe, Mandoline, Klarinette in A und Klarinette in B)<\/li>\n<li><span style=\"color: #000000;\">Annette Trewlaney <\/span>(Geige)<\/li>\n<li>Friedhelm Fuchs (Trompete)<\/li>\n<li>Edward Elch (Klavier, Cembalo und Synthesizer)<\/li>\n<li>Mathilda Mausohr (Klavier, Cembalo und Synthesizer)<\/li>\n<li><span style=\"color: #000000;\">Sylvie Sprout (Kleine und Gro\u00dfe Trommel)<\/span><\/li>\n<li><span style=\"color: #000000;\">Gilderoy Rokeherdt <\/span>(Alt-, Sopran-, Tenor-, und Ba\u00dfsaxophon)<\/li>\n<li><span style=\"color: #000000;\">Blasius Quirrell (Horn in F, Oboe, Piccolo)<\/span><\/li>\n<li><span style=\"color: #000000;\">Severus Sheke (E-Gitarre)<\/span><\/li>\n<li><span style=\"color: #000000;\">Ewald Basilisk (Gitarre)<\/span><\/li>\n<li><span style=\"color: #000000;\">Horace Rughoum (Malletts)<\/span><\/li>\n<li><span style=\"color: #000000;\">Rudolphus Flitwick (Schlagzeug)<\/span><\/li>\n<li><span style=\"color: #000000;\">Ezechiel Bloor (Banjo)<\/span><\/li>\n<li><span style=\"color: #000000;\">Gerhard S. Herme (Pauke)<\/span><\/li>\n<li><span style=\"color: #000000;\">Hemes F. Rems (Cello)<\/span><\/li>\n<li><span style=\"color: #000000;\">Inga Igel (Bratsche und Geige)<\/span><\/li>\n<li><span style=\"color: #000000;\">Alfred\u00a0Moody (Kontrabass und Horn in F)<\/span><\/li>\n<li><span style=\"color: #000000;\">Sebastian Schwalbenschwanz (Fagott und Cello)<\/span><\/li>\n<li><span style=\"color: #000000;\">Emilia Ente (Fl\u00f6te, Diskantblockfl\u00f6te)<\/span><\/li>\n<li><span style=\"color: #000000;\">Steffen Winter (Orgel)<\/span><\/li>\n<li><span style=\"color: #000000;\">K\u00f6nig Johannes I. (Orgel)<\/span><\/li>\n<li><span style=\"color: #000000;\">\u00a0Johnathan Lupin (Bariton B.C. und Bariton T.C.)<\/span><\/li>\n<li><span style=\"color: #000000;\">Lieber Lord Moterwort (Percussion)<\/span><\/li>\n<li><span style=\"color: #000000;\">Stimme und Gesang (Naturprinz,\u00a0Gerlinde Fuchs-Gans, Sprechender\u00a0Zylinder und Halbriese Heinz-Josef)<\/span><\/li>\n<\/ul>\n<p><span style=\"color: #000000;\">Kommentiert werden die Konzerte der BEFIM von Johannes-Karl Lange (Chefkommentator), Oswald Octupus (Dirigent der BEFIM und Co-Kommentator), sowie Rudi Rabe (Kabarettist und Co-Kommantator). Auf den BEFIM-Konzerten werden au\u00dferdem auch noch andere Ansagen get\u00e4tigt, zust\u00e4ndig daf\u00fcr ist Sperber Yeamber. F\u00fcr das leibliche Wohl ist Dagobert Georgie <\/span>an seinem Kiosk und f\u00fcr die Pausenmusik das Fl\u00f6tenquartett aus Okster zust\u00e4ndig.<\/p>\n<p>Die CDs und Kassetten der BEFIM mit oder ohne Noten k\u00f6nnen sie im BEFIM-Shop am Marktplatz in Wiesenhausen ersteigern. Oder sie k\u00f6nnen sie dort\u00a0 telefonisch unter der Nummer 0478\/56124 bestellen. Die CDs kosten mit Noten 25,50 TRO, ohne Noten 20,50 TRO. Die Kassetten kosten ohne Noten 15,50 TRO und mit Noten 18,50 TRO.<\/p>\n<p>Diskographie:<\/p>\n<p>Best of BEFIM (1811)<br \/>\nPoseidonmusik (1812)<br \/>\nForest Cathedral &#8211; Das gro\u00dfe Neujahrskonzert live aus der Isengoldhalle (1813) &#8211; Special<br \/>\nThe Royal Day (1813)<br \/>\nEine neue Zeit (1814)<br \/>\nDa simma wieder! (1819)<br \/>\nDa simma wieder! &#8211; Live auf Burg Daunenfels (1819) &#8211; Special<br \/>\nEine BEFIMer Weihnachtsgeschichte (1820) &#8211; Special<br \/>\nDas Eiserne Album (1821)<br \/>\nNat\u00fcrlich. BEFIM. (1824)<\/p>\n","protected":false},"excerpt":{"rendered":"<p>Die BEFIM ist sozusagen die Kultgruppe in Wiesenhausen; in der Band spielen viele verschiedene\u00a0B\u00fcrger aus Wiesenhausen mit.\u00a0Vier mal im Jahr\u00a0gibt die Band ein Konzert, entweder das Neujahrs-, Fr\u00fchlings-, Sommer-, oder Herbstkonzert. Seit der Gr\u00fcndung im Jahre 1751 sind sehr viele neue Musiker und Musikerinnen in die Band eingetreten; hier einige Mitglieder der BEFIM: Oswald Octupus (Dirigent und Co-Kommentator) Albus\u00a0Eccledoor (Posaune, Trompete und Horn in F) Minerva McFillegann (Harfe, Mandoline, Klarinette in A und Klarinette in B) Annette Trewlaney (Geige) Friedhelm Fuchs (Trompete) Edward Elch (Klavier, Cembalo und Synthesizer) Mathilda Mausohr (Klavier, Cembalo und Synthesizer) Sylvie Sprout (Kleine und Gro\u00dfe Trommel) Gilderoy Rokeherdt (Alt-, Sopran-, Tenor-, und Ba\u00dfsaxophon) Blasius Quirrell (Horn <a class=\"more-link\" href=\"https:\/\/wiesenhausen.de\/?page_id=99\">Continue Reading \u2192<\/a><\/p>\n","protected":false},"author":1,"featured_media":0,"parent":95,"menu_order":0,"comment_status":"closed","ping_status":"closed","template":"","meta":{"footnotes":""},"class_list":["post-99","page","type-page","status-publish","hentry"],"_links":{"self":[{"href":"https:\/\/wiesenhausen.de\/index.php?rest_route=\/wp\/v2\/pages\/99","targetHints":{"allow":["GET"]}}],"collection":[{"href":"https:\/\/wiesenhausen.de\/index.php?rest_route=\/wp\/v2\/pages"}],"about":[{"href":"https:\/\/wiesenhausen.de\/index.php?rest_route=\/wp\/v2\/types\/page"}],"author":[{"embeddable":true,"href":"https:\/\/wiesenhausen.de\/index.php?rest_route=\/wp\/v2\/users\/1"}],"replies":[{"embeddable":true,"href":"https:\/\/wiesenhausen.de\/index.php?rest_route=%2Fwp%2Fv2%2Fcomments&post=99"}],"version-history":[{"count":8,"href":"https:\/\/wiesenhausen.de\/index.php?rest_route=\/wp\/v2\/pages\/99\/revisions"}],"predecessor-version":[{"id":25944,"href":"https:\/\/wiesenhausen.de\/index.php?rest_route=\/wp\/v2\/pages\/99\/revisions\/25944"}],"up":[{"embeddable":true,"href":"https:\/\/wiesenhausen.de\/index.php?rest_route=\/wp\/v2\/pages\/95"}],"wp:attachment":[{"href":"https:\/\/wiesenhausen.de\/index.php?rest_route=%2Fwp%2Fv2%2Fmedia&parent=99"}],"curies":[{"name":"wp","href":"https:\/\/api.w.org\/{rel}","templated":true}]}}